{"id":2326,"date":"2024-06-30T21:46:08","date_gmt":"2024-06-30T21:46:08","guid":{"rendered":"https:\/\/portoresort.lv\/uudised\/"},"modified":"2024-09-10T10:28:51","modified_gmt":"2024-09-10T10:28:51","slug":"uudised","status":"publish","type":"page","link":"https:\/\/portoresort.lv\/et\/uudised\/","title":{"rendered":"Uudised"},"content":{"rendered":"\t\t<div data-elementor-type=\"wp-page\" data-elementor-id=\"2326\" class=\"elementor elementor-2326 elementor-677\" data-elementor-post-type=\"page\">\n\t\t\t\t<div class=\"elementor-element elementor-element-8f6f767 e-flex e-con-boxed e-con e-parent\" data-id=\"8f6f767\" data-element_type=\"container\" data-settings=\"{&quot;background_background&quot;:&quot;classic&quot;}\">\n\t\t\t\t\t<div class=\"e-con-inner\">\n\t\t<div class=\"elementor-element elementor-element-aa43d2b e-con-full e-flex e-con e-child\" data-id=\"aa43d2b\" data-element_type=\"container\">\n\t\t\t\t<div class=\"elementor-element elementor-element-db33a7f elementor-widget elementor-widget-heading\" data-id=\"db33a7f\" data-element_type=\"widget\" data-widget_type=\"heading.default\">\n\t\t\t\t<div class=\"elementor-widget-container\">\n\t\t\t\t\t<h2 class=\"elementor-heading-title elementor-size-default\">Porto kuurordi uudised<\/h2>\t\t\t\t<\/div>\n\t\t\t\t<\/div>\n\t\t\t\t<div class=\"elementor-element elementor-element-ce922bc elementor-widget-divider--view-line elementor-widget elementor-widget-divider\" data-id=\"ce922bc\" data-element_type=\"widget\" data-widget_type=\"divider.default\">\n\t\t\t\t<div class=\"elementor-widget-container\">\n\t\t\t\t\t\t\t<div class=\"elementor-divider\">\n\t\t\t<span class=\"elementor-divider-separator\">\n\t\t\t\t\t\t<\/span>\n\t\t<\/div>\n\t\t\t\t\t\t<\/div>\n\t\t\t\t<\/div>\n\t\t\t\t<\/div>\n\t\t<div class=\"elementor-element elementor-element-fa22cad e-flex e-con-boxed e-con e-child\" data-id=\"fa22cad\" data-element_type=\"container\">\n\t\t\t\t\t<div class=\"e-con-inner\">\n\t\t\t\t<div class=\"elementor-element elementor-element-4ef0b08 elementor-grid-3 elementor-grid-tablet-2 elementor-grid-mobile-1 elementor-widget elementor-widget-loop-grid\" data-id=\"4ef0b08\" data-element_type=\"widget\" data-settings=\"{&quot;template_id&quot;:2364,&quot;_skin&quot;:&quot;post&quot;,&quot;columns&quot;:&quot;3&quot;,&quot;columns_tablet&quot;:&quot;2&quot;,&quot;columns_mobile&quot;:&quot;1&quot;,&quot;edit_handle_selector&quot;:&quot;[data-elementor-type=\\&quot;loop-item\\&quot;]&quot;,&quot;row_gap&quot;:{&quot;unit&quot;:&quot;px&quot;,&quot;size&quot;:&quot;&quot;,&quot;sizes&quot;:[]},&quot;row_gap_tablet&quot;:{&quot;unit&quot;:&quot;px&quot;,&quot;size&quot;:&quot;&quot;,&quot;sizes&quot;:[]},&quot;row_gap_mobile&quot;:{&quot;unit&quot;:&quot;px&quot;,&quot;size&quot;:&quot;&quot;,&quot;sizes&quot;:[]}}\" data-widget_type=\"loop-grid.post\">\n\t\t\t\t<div class=\"elementor-widget-container\">\n\t\t\t\t\t\t\t<div class=\"elementor-loop-container elementor-grid\" role=\"list\">\n\t\t<style id=\"loop-dynamic-2364\">.e-loop-item-4537 .elementor-element.elementor-element-6942867:not(.elementor-motion-effects-element-type-background), .e-loop-item-4537 .elementor-element.elementor-element-6942867 > .elementor-motion-effects-container > .elementor-motion-effects-layer{background-image:url(\"https:\/\/portoresort.lv\/wp-content\/uploads\/2025\/08\/porto-hotel-outside.png\");}<\/style><style id=\"loop-2364\">.elementor-2364 .elementor-element.elementor-element-a6b6adf{--display:flex;--flex-direction:column;--container-widget-width:100%;--container-widget-height:initial;--container-widget-flex-grow:0;--container-widget-align-self:initial;--flex-wrap-mobile:wrap;}.elementor-2364 .elementor-element.elementor-element-2141728{--display:flex;--min-height:400px;--justify-content:space-between;--gap:0px 0px;--row-gap:0px;--column-gap:0px;border-style:solid;--border-style:solid;border-width:5px 5px 5px 5px;--border-top-width:5px;--border-right-width:5px;--border-bottom-width:5px;--border-left-width:5px;border-color:#FFFFFF;--border-color:#FFFFFF;--border-radius:25px 25px 25px 25px;}.elementor-2364 .elementor-element.elementor-element-2141728:not(.elementor-motion-effects-element-type-background), .elementor-2364 .elementor-element.elementor-element-2141728 > .elementor-motion-effects-container > .elementor-motion-effects-layer{background-color:var( --e-global-color-97034d7 );}.elementor-2364 .elementor-element.elementor-element-6942867{--display:flex;--min-height:150px;--border-radius:25px 25px 25px 25px;--margin-top:-50px;--margin-bottom:0px;--margin-left:0px;--margin-right:0px;}.elementor-2364 .elementor-element.elementor-element-6942867:not(.elementor-motion-effects-element-type-background), .elementor-2364 .elementor-element.elementor-element-6942867 > .elementor-motion-effects-container > .elementor-motion-effects-layer{background-position:center center;background-size:cover;}.elementor-2364 .elementor-element.elementor-element-124928d{--display:flex;}.elementor-widget-heading .elementor-heading-title{font-family:var( --e-global-typography-primary-font-family ), Sans-serif;font-weight:var( --e-global-typography-primary-font-weight );color:var( --e-global-color-primary );}.elementor-2364 .elementor-element.elementor-element-4ff7993{text-align:center;}.elementor-2364 .elementor-element.elementor-element-4ff7993 .elementor-heading-title{font-family:\"Poppins\", Sans-serif;font-size:18px;font-weight:500;color:var( --e-global-color-text );}.elementor-2364 .elementor-element.elementor-element-9554a6c{text-align:left;}.elementor-2364 .elementor-element.elementor-element-9554a6c .elementor-heading-title{font-family:\"Poppins\", Sans-serif;font-size:15px;font-weight:400;line-height:18px;color:var( --e-global-color-text );}.elementor-2364 .elementor-element.elementor-element-98c79d6{--display:flex;}.elementor-widget-button .elementor-button{background-color:var( --e-global-color-accent );font-family:var( --e-global-typography-accent-font-family ), Sans-serif;font-weight:var( --e-global-typography-accent-font-weight );}.elementor-2364 .elementor-element.elementor-element-b6a5b21 .elementor-button{background-color:var( --e-global-color-9eda8ef );font-family:\"Poppins\", Sans-serif;font-size:17px;font-weight:500;fill:var( --e-global-color-text );color:var( --e-global-color-text );border-style:solid;border-width:1px 1px 1px 1px;border-color:#FFFFFF;border-radius:25px 25px 25px 25px;}.elementor-2364 .elementor-element.elementor-element-b6a5b21 .elementor-button-content-wrapper{flex-direction:row-reverse;}<\/style>\t\t<div data-elementor-type=\"loop-item\" data-elementor-id=\"2364\" class=\"elementor elementor-2364 elementor-387 elementor-387 e-loop-item e-loop-item-4537 post-4537 post type-post status-publish format-standard has-post-thumbnail hentry category-uudised\" data-elementor-post-type=\"elementor_library\" data-custom-edit-handle=\"1\">\n\t\t\t<div class=\"elementor-element elementor-element-a6b6adf e-flex e-con-boxed e-con e-parent\" data-id=\"a6b6adf\" data-element_type=\"container\">\n\t\t\t\t\t<div class=\"e-con-inner\">\n\t\t<div class=\"elementor-element elementor-element-2141728 e-con-full e-flex e-con e-child\" data-id=\"2141728\" data-element_type=\"container\" data-settings=\"{&quot;background_background&quot;:&quot;classic&quot;}\">\n\t\t<div class=\"elementor-element elementor-element-6942867 e-flex e-con-boxed e-con e-child\" data-id=\"6942867\" data-element_type=\"container\" data-settings=\"{&quot;background_background&quot;:&quot;classic&quot;}\">\n\t\t\t\t\t<div class=\"e-con-inner\">\n\t\t\t\t\t<\/div>\n\t\t\t\t<\/div>\n\t\t<div class=\"elementor-element elementor-element-124928d e-flex e-con-boxed e-con e-child\" data-id=\"124928d\" data-element_type=\"container\">\n\t\t\t\t\t<div class=\"e-con-inner\">\n\t\t\t\t<div class=\"elementor-element elementor-element-4ff7993 elementor-widget elementor-widget-heading\" data-id=\"4ff7993\" data-element_type=\"widget\" data-widget_type=\"heading.default\">\n\t\t\t\t<div class=\"elementor-widget-container\">\n\t\t\t\t\t<h2 class=\"elementor-heading-title elementor-size-default\">Seminarid j\u00e4rve \u00e4\u00e4res<\/h2>\t\t\t\t<\/div>\n\t\t\t\t<\/div>\n\t\t\t\t<div class=\"elementor-element elementor-element-9554a6c elementor-widget elementor-widget-heading\" data-id=\"9554a6c\" data-element_type=\"widget\" data-widget_type=\"heading.default\">\n\t\t\t\t<div class=\"elementor-widget-container\">\n\t\t\t\t\t<h2 class=\"elementor-heading-title elementor-size-default\">Porto Resort on ideaalne koht teie seminaride, konverentside ja lisav\u00e4\u00e4rtusega \u00fcrituste korraldamiseks.<\/h2>\t\t\t\t<\/div>\n\t\t\t\t<\/div>\n\t\t\t\t\t<\/div>\n\t\t\t\t<\/div>\n\t\t<div class=\"elementor-element elementor-element-98c79d6 e-flex e-con-boxed e-con e-child\" data-id=\"98c79d6\" data-element_type=\"container\">\n\t\t\t\t\t<div class=\"e-con-inner\">\n\t\t\t\t<div class=\"elementor-element elementor-element-b6a5b21 elementor-align-justify elementor-widget elementor-widget-button\" data-id=\"b6a5b21\" data-element_type=\"widget\" data-widget_type=\"button.default\">\n\t\t\t\t<div class=\"elementor-widget-container\">\n\t\t\t\t\t\t\t\t\t<div class=\"elementor-button-wrapper\">\n\t\t\t\t\t<a class=\"elementor-button elementor-button-link elementor-size-sm\" href=\"https:\/\/portoresort.lv\/et\/seminarid-jarve-aares\/\">\n\t\t\t\t\t\t<span class=\"elementor-button-content-wrapper\">\n\t\t\t\t\t\t<span class=\"elementor-button-icon\">\n\t\t\t\t<svg xmlns=\"http:\/\/www.w3.org\/2000\/svg\" width=\"800px\" height=\"800px\" viewBox=\"0 0 24 24\" fill=\"none\"><path d=\"M7 17L17 7M17 7H8M17 7V16\" stroke=\"#000000\" stroke-width=\"2\" stroke-linecap=\"round\" stroke-linejoin=\"round\"><\/path><\/svg>\t\t\t<\/span>\n\t\t\t\t\t\t\t\t\t<span class=\"elementor-button-text\">Lisateave<\/span>\n\t\t\t\t\t<\/span>\n\t\t\t\t\t<\/a>\n\t\t\t\t<\/div>\n\t\t\t\t\t\t\t\t<\/div>\n\t\t\t\t<\/div>\n\t\t\t\t\t<\/div>\n\t\t\t\t<\/div>\n\t\t\t\t<\/div>\n\t\t\t\t\t<\/div>\n\t\t\t\t<\/div>\n\t\t\t\t<\/div>\n\t\t<style id=\"loop-dynamic-2364\">.e-loop-item-4050 .elementor-element.elementor-element-6942867:not(.elementor-motion-effects-element-type-background), .e-loop-item-4050 .elementor-element.elementor-element-6942867 > .elementor-motion-effects-container > .elementor-motion-effects-layer{background-image:url(\"https:\/\/portoresort.lv\/wp-content\/uploads\/2025\/06\/instories_33A801CC-F534-4BB6-BBCE-917394EBCA3F.png\");}<\/style>\t\t<div data-elementor-type=\"loop-item\" data-elementor-id=\"2364\" class=\"elementor elementor-2364 elementor-387 elementor-387 e-loop-item e-loop-item-4050 post-4050 post type-post status-publish format-standard has-post-thumbnail hentry category-uudised\" data-elementor-post-type=\"elementor_library\" data-custom-edit-handle=\"1\">\n\t\t\t<div class=\"elementor-element elementor-element-a6b6adf e-flex e-con-boxed e-con e-parent\" data-id=\"a6b6adf\" data-element_type=\"container\">\n\t\t\t\t\t<div class=\"e-con-inner\">\n\t\t<div class=\"elementor-element elementor-element-2141728 e-con-full e-flex e-con e-child\" data-id=\"2141728\" data-element_type=\"container\" data-settings=\"{&quot;background_background&quot;:&quot;classic&quot;}\">\n\t\t<div class=\"elementor-element elementor-element-6942867 e-flex e-con-boxed e-con e-child\" data-id=\"6942867\" data-element_type=\"container\" data-settings=\"{&quot;background_background&quot;:&quot;classic&quot;}\">\n\t\t\t\t\t<div class=\"e-con-inner\">\n\t\t\t\t\t<\/div>\n\t\t\t\t<\/div>\n\t\t<div class=\"elementor-element elementor-element-124928d e-flex e-con-boxed e-con e-child\" data-id=\"124928d\" data-element_type=\"container\">\n\t\t\t\t\t<div class=\"e-con-inner\">\n\t\t\t\t<div class=\"elementor-element elementor-element-4ff7993 elementor-widget elementor-widget-heading\" data-id=\"4ff7993\" data-element_type=\"widget\" data-widget_type=\"heading.default\">\n\t\t\t\t<div class=\"elementor-widget-container\">\n\t\t\t\t\t<h2 class=\"elementor-heading-title elementor-size-default\">Hommikus\u00f6\u00f6k j\u00e4rve \u00e4\u00e4res iga p\u00e4ev!<\/h2>\t\t\t\t<\/div>\n\t\t\t\t<\/div>\n\t\t\t\t<div class=\"elementor-element elementor-element-9554a6c elementor-widget elementor-widget-heading\" data-id=\"9554a6c\" data-element_type=\"widget\" data-widget_type=\"heading.default\">\n\t\t\t\t<div class=\"elementor-widget-container\">\n\t\t\t\t\t<h2 class=\"elementor-heading-title elementor-size-default\">Alustage oma p\u00e4eva rahulikult ja maitsva hommikus\u00f6\u00f6giga - Porto Resort pakub rikkalikku hommikus\u00f6\u00f6ki j\u00e4rve \u00e4\u00e4res iga p\u00e4ev kell 08:00-11:00. <\/h2>\t\t\t\t<\/div>\n\t\t\t\t<\/div>\n\t\t\t\t\t<\/div>\n\t\t\t\t<\/div>\n\t\t<div class=\"elementor-element elementor-element-98c79d6 e-flex e-con-boxed e-con e-child\" data-id=\"98c79d6\" data-element_type=\"container\">\n\t\t\t\t\t<div class=\"e-con-inner\">\n\t\t\t\t<div class=\"elementor-element elementor-element-b6a5b21 elementor-align-justify elementor-widget elementor-widget-button\" data-id=\"b6a5b21\" data-element_type=\"widget\" data-widget_type=\"button.default\">\n\t\t\t\t<div class=\"elementor-widget-container\">\n\t\t\t\t\t\t\t\t\t<div class=\"elementor-button-wrapper\">\n\t\t\t\t\t<a class=\"elementor-button elementor-button-link elementor-size-sm\" href=\"https:\/\/portoresort.lv\/et\/hommikusook-jarve-aares-iga-paev\/\">\n\t\t\t\t\t\t<span class=\"elementor-button-content-wrapper\">\n\t\t\t\t\t\t<span class=\"elementor-button-icon\">\n\t\t\t\t<svg xmlns=\"http:\/\/www.w3.org\/2000\/svg\" width=\"800px\" height=\"800px\" viewBox=\"0 0 24 24\" fill=\"none\"><path d=\"M7 17L17 7M17 7H8M17 7V16\" stroke=\"#000000\" stroke-width=\"2\" stroke-linecap=\"round\" stroke-linejoin=\"round\"><\/path><\/svg>\t\t\t<\/span>\n\t\t\t\t\t\t\t\t\t<span class=\"elementor-button-text\">Lisateave<\/span>\n\t\t\t\t\t<\/span>\n\t\t\t\t\t<\/a>\n\t\t\t\t<\/div>\n\t\t\t\t\t\t\t\t<\/div>\n\t\t\t\t<\/div>\n\t\t\t\t\t<\/div>\n\t\t\t\t<\/div>\n\t\t\t\t<\/div>\n\t\t\t\t\t<\/div>\n\t\t\t\t<\/div>\n\t\t\t\t<\/div>\n\t\t<style id=\"loop-dynamic-2364\">.e-loop-item-3479 .elementor-element.elementor-element-6942867:not(.elementor-motion-effects-element-type-background), .e-loop-item-3479 .elementor-element.elementor-element-6942867 > .elementor-motion-effects-container > .elementor-motion-effects-layer{background-image:url(\"https:\/\/portoresort.lv\/wp-content\/uploads\/2025\/03\/IMG_9748.jpg\");}<\/style>\t\t<div data-elementor-type=\"loop-item\" data-elementor-id=\"2364\" class=\"elementor elementor-2364 elementor-387 elementor-387 e-loop-item e-loop-item-3479 post-3479 post type-post status-publish format-standard has-post-thumbnail hentry category-uudised\" data-elementor-post-type=\"elementor_library\" data-custom-edit-handle=\"1\">\n\t\t\t<div class=\"elementor-element elementor-element-a6b6adf e-flex e-con-boxed e-con e-parent\" data-id=\"a6b6adf\" data-element_type=\"container\">\n\t\t\t\t\t<div class=\"e-con-inner\">\n\t\t<div class=\"elementor-element elementor-element-2141728 e-con-full e-flex e-con e-child\" data-id=\"2141728\" data-element_type=\"container\" data-settings=\"{&quot;background_background&quot;:&quot;classic&quot;}\">\n\t\t<div class=\"elementor-element elementor-element-6942867 e-flex e-con-boxed e-con e-child\" data-id=\"6942867\" data-element_type=\"container\" data-settings=\"{&quot;background_background&quot;:&quot;classic&quot;}\">\n\t\t\t\t\t<div class=\"e-con-inner\">\n\t\t\t\t\t<\/div>\n\t\t\t\t<\/div>\n\t\t<div class=\"elementor-element elementor-element-124928d e-flex e-con-boxed e-con e-child\" data-id=\"124928d\" data-element_type=\"container\">\n\t\t\t\t\t<div class=\"e-con-inner\">\n\t\t\t\t<div class=\"elementor-element elementor-element-4ff7993 elementor-widget elementor-widget-heading\" data-id=\"4ff7993\" data-element_type=\"widget\" data-widget_type=\"heading.default\">\n\t\t\t\t<div class=\"elementor-widget-container\">\n\t\t\t\t\t<h2 class=\"elementor-heading-title elementor-size-default\">T\u00c4ISTEENUS TEIE FIRMA\u00dcRITUSE JAOKS<\/h2>\t\t\t\t<\/div>\n\t\t\t\t<\/div>\n\t\t\t\t<div class=\"elementor-element elementor-element-9554a6c elementor-widget elementor-widget-heading\" data-id=\"9554a6c\" data-element_type=\"widget\" data-widget_type=\"heading.default\">\n\t\t\t\t<div class=\"elementor-widget-container\">\n\t\t\t\t\t<h2 class=\"elementor-heading-title elementor-size-default\">Kas planeerite firma\u00fcritust, meeskonnakoolitust v\u00f5i erilist s\u00fcndmust? Porto Resort pakub t\u00e4isteenust koos tasuta ruumide rentimise, gurmeetoitude ja p\u00f5nevate tegevustega, et muuta teie \u00fcritus unustamatuks. <\/h2>\t\t\t\t<\/div>\n\t\t\t\t<\/div>\n\t\t\t\t\t<\/div>\n\t\t\t\t<\/div>\n\t\t<div class=\"elementor-element elementor-element-98c79d6 e-flex e-con-boxed e-con e-child\" data-id=\"98c79d6\" data-element_type=\"container\">\n\t\t\t\t\t<div class=\"e-con-inner\">\n\t\t\t\t<div class=\"elementor-element elementor-element-b6a5b21 elementor-align-justify elementor-widget elementor-widget-button\" data-id=\"b6a5b21\" data-element_type=\"widget\" data-widget_type=\"button.default\">\n\t\t\t\t<div class=\"elementor-widget-container\">\n\t\t\t\t\t\t\t\t\t<div class=\"elementor-button-wrapper\">\n\t\t\t\t\t<a class=\"elementor-button elementor-button-link elementor-size-sm\" href=\"https:\/\/portoresort.lv\/et\/taisteenus-teie-firmaurituse-jaoks\/\">\n\t\t\t\t\t\t<span class=\"elementor-button-content-wrapper\">\n\t\t\t\t\t\t<span class=\"elementor-button-icon\">\n\t\t\t\t<svg xmlns=\"http:\/\/www.w3.org\/2000\/svg\" width=\"800px\" height=\"800px\" viewBox=\"0 0 24 24\" fill=\"none\"><path d=\"M7 17L17 7M17 7H8M17 7V16\" stroke=\"#000000\" stroke-width=\"2\" stroke-linecap=\"round\" stroke-linejoin=\"round\"><\/path><\/svg>\t\t\t<\/span>\n\t\t\t\t\t\t\t\t\t<span class=\"elementor-button-text\">Lisateave<\/span>\n\t\t\t\t\t<\/span>\n\t\t\t\t\t<\/a>\n\t\t\t\t<\/div>\n\t\t\t\t\t\t\t\t<\/div>\n\t\t\t\t<\/div>\n\t\t\t\t\t<\/div>\n\t\t\t\t<\/div>\n\t\t\t\t<\/div>\n\t\t\t\t\t<\/div>\n\t\t\t\t<\/div>\n\t\t\t\t<\/div>\n\t\t<style id=\"loop-dynamic-2364\">.e-loop-item-2890 .elementor-element.elementor-element-6942867:not(.elementor-motion-effects-element-type-background), .e-loop-item-2890 .elementor-element.elementor-element-6942867 > .elementor-motion-effects-container > .elementor-motion-effects-layer{background-image:url(\"https:\/\/portoresort.lv\/wp-content\/uploads\/2025\/01\/DSC_9513.jpg\");}<\/style>\t\t<div data-elementor-type=\"loop-item\" data-elementor-id=\"2364\" class=\"elementor elementor-2364 elementor-387 elementor-387 e-loop-item e-loop-item-2890 post-2890 post type-post status-publish format-standard has-post-thumbnail hentry category-uudised\" data-elementor-post-type=\"elementor_library\" data-custom-edit-handle=\"1\">\n\t\t\t<div class=\"elementor-element elementor-element-a6b6adf e-flex e-con-boxed e-con e-parent\" data-id=\"a6b6adf\" data-element_type=\"container\">\n\t\t\t\t\t<div class=\"e-con-inner\">\n\t\t<div class=\"elementor-element elementor-element-2141728 e-con-full e-flex e-con e-child\" data-id=\"2141728\" data-element_type=\"container\" data-settings=\"{&quot;background_background&quot;:&quot;classic&quot;}\">\n\t\t<div class=\"elementor-element elementor-element-6942867 e-flex e-con-boxed e-con e-child\" data-id=\"6942867\" data-element_type=\"container\" data-settings=\"{&quot;background_background&quot;:&quot;classic&quot;}\">\n\t\t\t\t\t<div class=\"e-con-inner\">\n\t\t\t\t\t<\/div>\n\t\t\t\t<\/div>\n\t\t<div class=\"elementor-element elementor-element-124928d e-flex e-con-boxed e-con e-child\" data-id=\"124928d\" data-element_type=\"container\">\n\t\t\t\t\t<div class=\"e-con-inner\">\n\t\t\t\t<div class=\"elementor-element elementor-element-4ff7993 elementor-widget elementor-widget-heading\" data-id=\"4ff7993\" data-element_type=\"widget\" data-widget_type=\"heading.default\">\n\t\t\t\t<div class=\"elementor-widget-container\">\n\t\t\t\t\t<h2 class=\"elementor-heading-title elementor-size-default\">Kaasaegne saun maalilise Lilaste j\u00e4rve kaldal<\/h2>\t\t\t\t<\/div>\n\t\t\t\t<\/div>\n\t\t\t\t<div class=\"elementor-element elementor-element-9554a6c elementor-widget elementor-widget-heading\" data-id=\"9554a6c\" data-element_type=\"widget\" data-widget_type=\"heading.default\">\n\t\t\t\t<div class=\"elementor-widget-container\">\n\t\t\t\t\t<h2 class=\"elementor-heading-title elementor-size-default\">ideaalne koht, kus p\u00e4rast \u00e4gedat p\u00e4eva saab noorendada, taastada rahu ja terveneda.<\/h2>\t\t\t\t<\/div>\n\t\t\t\t<\/div>\n\t\t\t\t\t<\/div>\n\t\t\t\t<\/div>\n\t\t<div class=\"elementor-element elementor-element-98c79d6 e-flex e-con-boxed e-con e-child\" data-id=\"98c79d6\" data-element_type=\"container\">\n\t\t\t\t\t<div class=\"e-con-inner\">\n\t\t\t\t<div class=\"elementor-element elementor-element-b6a5b21 elementor-align-justify elementor-widget elementor-widget-button\" data-id=\"b6a5b21\" data-element_type=\"widget\" data-widget_type=\"button.default\">\n\t\t\t\t<div class=\"elementor-widget-container\">\n\t\t\t\t\t\t\t\t\t<div class=\"elementor-button-wrapper\">\n\t\t\t\t\t<a class=\"elementor-button elementor-button-link elementor-size-sm\" href=\"https:\/\/portoresort.lv\/et\/kaasaegne-saun-maalilise-lilaste-jarve-kaldal\/\">\n\t\t\t\t\t\t<span class=\"elementor-button-content-wrapper\">\n\t\t\t\t\t\t<span class=\"elementor-button-icon\">\n\t\t\t\t<svg xmlns=\"http:\/\/www.w3.org\/2000\/svg\" width=\"800px\" height=\"800px\" viewBox=\"0 0 24 24\" fill=\"none\"><path d=\"M7 17L17 7M17 7H8M17 7V16\" stroke=\"#000000\" stroke-width=\"2\" stroke-linecap=\"round\" stroke-linejoin=\"round\"><\/path><\/svg>\t\t\t<\/span>\n\t\t\t\t\t\t\t\t\t<span class=\"elementor-button-text\">Lisateave<\/span>\n\t\t\t\t\t<\/span>\n\t\t\t\t\t<\/a>\n\t\t\t\t<\/div>\n\t\t\t\t\t\t\t\t<\/div>\n\t\t\t\t<\/div>\n\t\t\t\t\t<\/div>\n\t\t\t\t<\/div>\n\t\t\t\t<\/div>\n\t\t\t\t\t<\/div>\n\t\t\t\t<\/div>\n\t\t\t\t<\/div>\n\t\t<style id=\"loop-dynamic-2364\">.e-loop-item-2539 .elementor-element.elementor-element-6942867:not(.elementor-motion-effects-element-type-background), .e-loop-item-2539 .elementor-element.elementor-element-6942867 > .elementor-motion-effects-container > .elementor-motion-effects-layer{background-image:url(\"https:\/\/portoresort.lv\/wp-content\/uploads\/2024\/11\/instories_662CB62F-3439-4C8A-A6FF-50F4E7D438C4.png\");}<\/style>\t\t<div data-elementor-type=\"loop-item\" data-elementor-id=\"2364\" class=\"elementor elementor-2364 elementor-387 elementor-387 e-loop-item e-loop-item-2539 post-2539 post type-post status-publish format-standard has-post-thumbnail hentry category-uudised\" data-elementor-post-type=\"elementor_library\" data-custom-edit-handle=\"1\">\n\t\t\t<div class=\"elementor-element elementor-element-a6b6adf e-flex e-con-boxed e-con e-parent\" data-id=\"a6b6adf\" data-element_type=\"container\">\n\t\t\t\t\t<div class=\"e-con-inner\">\n\t\t<div class=\"elementor-element elementor-element-2141728 e-con-full e-flex e-con e-child\" data-id=\"2141728\" data-element_type=\"container\" data-settings=\"{&quot;background_background&quot;:&quot;classic&quot;}\">\n\t\t<div class=\"elementor-element elementor-element-6942867 e-flex e-con-boxed e-con e-child\" data-id=\"6942867\" data-element_type=\"container\" data-settings=\"{&quot;background_background&quot;:&quot;classic&quot;}\">\n\t\t\t\t\t<div class=\"e-con-inner\">\n\t\t\t\t\t<\/div>\n\t\t\t\t<\/div>\n\t\t<div class=\"elementor-element elementor-element-124928d e-flex e-con-boxed e-con e-child\" data-id=\"124928d\" data-element_type=\"container\">\n\t\t\t\t\t<div class=\"e-con-inner\">\n\t\t\t\t<div class=\"elementor-element elementor-element-4ff7993 elementor-widget elementor-widget-heading\" data-id=\"4ff7993\" data-element_type=\"widget\" data-widget_type=\"heading.default\">\n\t\t\t\t<div class=\"elementor-widget-container\">\n\t\t\t\t\t<h2 class=\"elementor-heading-title elementor-size-default\">Porto Resort&#8217;i eripakkumised<\/h2>\t\t\t\t<\/div>\n\t\t\t\t<\/div>\n\t\t\t\t<div class=\"elementor-element elementor-element-9554a6c elementor-widget elementor-widget-heading\" data-id=\"9554a6c\" data-element_type=\"widget\" data-widget_type=\"heading.default\">\n\t\t\t\t<div class=\"elementor-widget-container\">\n\t\t\t\t\t<h2 class=\"elementor-heading-title elementor-size-default\">Nautige rahulikku viibimist koos k\u00f5igi vajalike mugavustega.<\/h2>\t\t\t\t<\/div>\n\t\t\t\t<\/div>\n\t\t\t\t\t<\/div>\n\t\t\t\t<\/div>\n\t\t<div class=\"elementor-element elementor-element-98c79d6 e-flex e-con-boxed e-con e-child\" data-id=\"98c79d6\" data-element_type=\"container\">\n\t\t\t\t\t<div class=\"e-con-inner\">\n\t\t\t\t<div class=\"elementor-element elementor-element-b6a5b21 elementor-align-justify elementor-widget elementor-widget-button\" data-id=\"b6a5b21\" data-element_type=\"widget\" data-widget_type=\"button.default\">\n\t\t\t\t<div class=\"elementor-widget-container\">\n\t\t\t\t\t\t\t\t\t<div class=\"elementor-button-wrapper\">\n\t\t\t\t\t<a class=\"elementor-button elementor-button-link elementor-size-sm\" href=\"https:\/\/portoresort.lv\/et\/porto-resorti-eripakkumised\/\">\n\t\t\t\t\t\t<span class=\"elementor-button-content-wrapper\">\n\t\t\t\t\t\t<span class=\"elementor-button-icon\">\n\t\t\t\t<svg xmlns=\"http:\/\/www.w3.org\/2000\/svg\" width=\"800px\" height=\"800px\" viewBox=\"0 0 24 24\" fill=\"none\"><path d=\"M7 17L17 7M17 7H8M17 7V16\" stroke=\"#000000\" stroke-width=\"2\" stroke-linecap=\"round\" stroke-linejoin=\"round\"><\/path><\/svg>\t\t\t<\/span>\n\t\t\t\t\t\t\t\t\t<span class=\"elementor-button-text\">Lisateave<\/span>\n\t\t\t\t\t<\/span>\n\t\t\t\t\t<\/a>\n\t\t\t\t<\/div>\n\t\t\t\t\t\t\t\t<\/div>\n\t\t\t\t<\/div>\n\t\t\t\t\t<\/div>\n\t\t\t\t<\/div>\n\t\t\t\t<\/div>\n\t\t\t\t\t<\/div>\n\t\t\t\t<\/div>\n\t\t\t\t<\/div>\n\t\t\t\t<\/div>\n\t\t\n\t\t\t\t\t\t<\/div>\n\t\t\t\t<\/div>\n\t\t\t\t\t<\/div>\n\t\t\t\t<\/div>\n\t\t\t\t\t<\/div>\n\t\t\t\t<\/div>\n\t\t\t\t<\/div>\n\t\t","protected":false},"excerpt":{"rendered":"<p>Porto kuurordi uudised<\/p>\n","protected":false},"author":1,"featured_media":0,"parent":0,"menu_order":0,"comment_status":"closed","ping_status":"closed","template":"","meta":{"footnotes":""},"class_list":["post-2326","page","type-page","status-publish","hentry"],"_links":{"self":[{"href":"https:\/\/portoresort.lv\/et\/wp-json\/wp\/v2\/pages\/2326","targetHints":{"allow":["GET"]}}],"collection":[{"href":"https:\/\/portoresort.lv\/et\/wp-json\/wp\/v2\/pages"}],"about":[{"href":"https:\/\/portoresort.lv\/et\/wp-json\/wp\/v2\/types\/page"}],"author":[{"embeddable":true,"href":"https:\/\/portoresort.lv\/et\/wp-json\/wp\/v2\/users\/1"}],"replies":[{"embeddable":true,"href":"https:\/\/portoresort.lv\/et\/wp-json\/wp\/v2\/comments?post=2326"}],"version-history":[{"count":1,"href":"https:\/\/portoresort.lv\/et\/wp-json\/wp\/v2\/pages\/2326\/revisions"}],"predecessor-version":[{"id":2327,"href":"https:\/\/portoresort.lv\/et\/wp-json\/wp\/v2\/pages\/2326\/revisions\/2327"}],"wp:attachment":[{"href":"https:\/\/portoresort.lv\/et\/wp-json\/wp\/v2\/media?parent=2326"}],"curies":[{"name":"wp","href":"https:\/\/api.w.org\/{rel}","templated":true}]}}