{"id":2328,"date":"2024-06-18T10:32:04","date_gmt":"2024-06-18T10:32:04","guid":{"rendered":"https:\/\/portoresort.lv\/kontakt\/"},"modified":"2024-09-10T10:29:04","modified_gmt":"2024-09-10T10:29:04","slug":"kontakt","status":"publish","type":"page","link":"https:\/\/portoresort.lv\/et\/kontakt\/","title":{"rendered":"Kontakt"},"content":{"rendered":"\t\t<div data-elementor-type=\"wp-page\" data-elementor-id=\"2328\" class=\"elementor elementor-2328 elementor-505\" data-elementor-post-type=\"page\">\n\t\t\t\t<div class=\"elementor-element elementor-element-e57b1ca e-flex e-con-boxed e-con e-parent\" data-id=\"e57b1ca\" data-element_type=\"container\">\n\t\t\t\t\t<div class=\"e-con-inner\">\n\t\t<div class=\"elementor-element elementor-element-054cdd5 e-flex e-con-boxed e-con e-child\" data-id=\"054cdd5\" data-element_type=\"container\" data-settings=\"{&quot;background_background&quot;:&quot;classic&quot;}\">\n\t\t\t\t\t<div class=\"e-con-inner\">\n\t\t\t\t<div class=\"elementor-element elementor-element-cdd2da4 elementor-widget elementor-widget-heading\" data-id=\"cdd2da4\" data-element_type=\"widget\" data-widget_type=\"heading.default\">\n\t\t\t\t<div class=\"elementor-widget-container\">\n\t\t\t\t\t<h2 class=\"elementor-heading-title elementor-size-default\">Tere tulemast PORTO RESORTi!<\/h2>\t\t\t\t<\/div>\n\t\t\t\t<\/div>\n\t\t\t\t\t<\/div>\n\t\t\t\t<\/div>\n\t\t\t\t\t<\/div>\n\t\t\t\t<\/div>\n\t\t<div class=\"elementor-element elementor-element-e325a20 e-flex e-con-boxed e-con e-parent\" data-id=\"e325a20\" data-element_type=\"container\">\n\t\t\t\t\t<div class=\"e-con-inner\">\n\t\t<div class=\"elementor-element elementor-element-c6b8ec9 e-flex e-con-boxed e-con e-child\" data-id=\"c6b8ec9\" data-element_type=\"container\">\n\t\t\t\t\t<div class=\"e-con-inner\">\n\t\t<div class=\"elementor-element elementor-element-ddac806 e-flex e-con-boxed e-con e-child\" data-id=\"ddac806\" data-element_type=\"container\" data-settings=\"{&quot;background_background&quot;:&quot;classic&quot;}\">\n\t\t\t\t\t<div class=\"e-con-inner\">\n\t\t<div class=\"elementor-element elementor-element-4d578d1 e-flex e-con-boxed e-con e-child\" data-id=\"4d578d1\" data-element_type=\"container\">\n\t\t\t\t\t<div class=\"e-con-inner\">\n\t\t\t\t<div class=\"elementor-element elementor-element-b61b91c elementor-widget elementor-widget-image\" data-id=\"b61b91c\" data-element_type=\"widget\" data-widget_type=\"image.default\">\n\t\t\t\t<div class=\"elementor-widget-container\">\n\t\t\t\t\t\t\t\t\t\t\t\t\t\t\t<img fetchpriority=\"high\" decoding=\"async\" width=\"699\" height=\"1024\" src=\"https:\/\/portoresort.lv\/wp-content\/uploads\/2024\/04\/map-portoresort-660b49b5c9b27-699x1024.webp\" class=\"attachment-large size-large wp-image-1452\" alt=\"\" srcset=\"https:\/\/portoresort.lv\/wp-content\/uploads\/2024\/04\/map-portoresort-660b49b5c9b27-699x1024.webp 699w, https:\/\/portoresort.lv\/wp-content\/uploads\/2024\/04\/map-portoresort-660b49b5c9b27-205x300.webp 205w, https:\/\/portoresort.lv\/wp-content\/uploads\/2024\/04\/map-portoresort-660b49b5c9b27-768x1125.webp 768w, https:\/\/portoresort.lv\/wp-content\/uploads\/2024\/04\/map-portoresort-660b49b5c9b27.webp 960w\" sizes=\"(max-width: 699px) 100vw, 699px\" \/>\t\t\t\t\t\t\t\t\t\t\t\t\t\t\t<\/div>\n\t\t\t\t<\/div>\n\t\t\t\t\t<\/div>\n\t\t\t\t<\/div>\n\t\t<div class=\"elementor-element elementor-element-2b541c0 e-flex e-con-boxed e-con e-child\" data-id=\"2b541c0\" data-element_type=\"container\">\n\t\t\t\t\t<div class=\"e-con-inner\">\n\t\t\t\t<div class=\"elementor-element elementor-element-31ce09d elementor-widget elementor-widget-text-editor\" data-id=\"31ce09d\" data-element_type=\"widget\" data-widget_type=\"text-editor.default\">\n\t\t\t\t<div class=\"elementor-widget-container\">\n\t\t\t\t\t\t\t\t\t<p>Medz\u0101baki 2, Adazi piirkond, Lilaste, LV-2163<\/p>\n<p><strong><br \/><\/strong><br \/>H<strong>OTELL<\/strong>+371 22722258 info@portoresort.lv<strong><\/strong><\/p>\n<p><strong><br \/><\/strong><br \/>R<strong>ESTORAN<\/strong>+371 25455050 info@portoresort.lv<strong><\/strong><\/p>\n<p><strong><br \/><\/strong><br \/>P<strong>IDUSTUSED JA SEMINARID<\/strong>+371 27499998 sales@portoresort.lv<strong><\/strong><\/p>\n<p><strong><br \/><\/strong><br \/>T<strong>URUNDUS, \u00dcRITUSED JA KOOST\u00d6\u00d6<\/strong>+371 28606207 marketing@porthotel.lv marketing@porthotel.lv<strong><\/strong><\/p>\n\t\t\t\t\t\t\t\t<\/div>\n\t\t\t\t<\/div>\n\t\t\t\t\t<\/div>\n\t\t\t\t<\/div>\n\t\t\t\t\t<\/div>\n\t\t\t\t<\/div>\n\t\t\t\t\t<\/div>\n\t\t\t\t<\/div>\n\t\t\t\t\t<\/div>\n\t\t\t\t<\/div>\n\t\t\t\t<\/div>\n\t\t","protected":false},"excerpt":{"rendered":"<p>Tere tulemast PORTO RESORTi! Medz\u0101baki 2, Adazi piirkond, Lilaste, LV-2163 HOTELL+371 22722258 info@portoresort.lv RESTORAN+371 25455050 info@portoresort.lv PIDUSTUSED JA SEMINARID+371 27499998 sales@portoresort.lv TURUNDUS, \u00dcRITUSED JA KOOST\u00d6\u00d6+371 28606207 marketing@porthotel.lv marketing@porthotel.lv<\/p>\n","protected":false},"author":1,"featured_media":0,"parent":0,"menu_order":0,"comment_status":"closed","ping_status":"closed","template":"","meta":{"footnotes":""},"class_list":["post-2328","page","type-page","status-publish","hentry"],"_links":{"self":[{"href":"https:\/\/portoresort.lv\/et\/wp-json\/wp\/v2\/pages\/2328","targetHints":{"allow":["GET"]}}],"collection":[{"href":"https:\/\/portoresort.lv\/et\/wp-json\/wp\/v2\/pages"}],"about":[{"href":"https:\/\/portoresort.lv\/et\/wp-json\/wp\/v2\/types\/page"}],"author":[{"embeddable":true,"href":"https:\/\/portoresort.lv\/et\/wp-json\/wp\/v2\/users\/1"}],"replies":[{"embeddable":true,"href":"https:\/\/portoresort.lv\/et\/wp-json\/wp\/v2\/comments?post=2328"}],"version-history":[{"count":1,"href":"https:\/\/portoresort.lv\/et\/wp-json\/wp\/v2\/pages\/2328\/revisions"}],"predecessor-version":[{"id":2329,"href":"https:\/\/portoresort.lv\/et\/wp-json\/wp\/v2\/pages\/2328\/revisions\/2329"}],"wp:attachment":[{"href":"https:\/\/portoresort.lv\/et\/wp-json\/wp\/v2\/media?parent=2328"}],"curies":[{"name":"wp","href":"https:\/\/api.w.org\/{rel}","templated":true}]}}