{"id":2342,"date":"2024-07-01T12:59:11","date_gmt":"2024-07-01T12:59:11","guid":{"rendered":"https:\/\/portoresort.lv\/restoran\/"},"modified":"2025-01-14T14:31:08","modified_gmt":"2025-01-14T14:31:08","slug":"restoran","status":"publish","type":"page","link":"https:\/\/portoresort.lv\/et\/restoran\/","title":{"rendered":"Restoran"},"content":{"rendered":"\t\t<div data-elementor-type=\"wp-page\" data-elementor-id=\"2342\" class=\"elementor elementor-2342 elementor-748\" data-elementor-post-type=\"page\">\n\t\t\t\t<div class=\"elementor-element elementor-element-3e69298 e-flex e-con-boxed e-con e-parent\" data-id=\"3e69298\" data-element_type=\"container\">\n\t\t\t\t\t<div class=\"e-con-inner\">\n\t\t<div class=\"elementor-element elementor-element-e04a89c e-flex e-con-boxed e-con e-child\" data-id=\"e04a89c\" data-element_type=\"container\" data-settings=\"{&quot;background_background&quot;:&quot;classic&quot;}\">\n\t\t\t\t\t<div class=\"e-con-inner\">\n\t\t\t\t<div class=\"elementor-element elementor-element-5c8edec elementor-widget elementor-widget-heading\" data-id=\"5c8edec\" data-element_type=\"widget\" data-widget_type=\"heading.default\">\n\t\t\t\t<div class=\"elementor-widget-container\">\n\t\t\t\t\t<h2 class=\"elementor-heading-title elementor-size-default\">Restoran<\/h2>\t\t\t\t<\/div>\n\t\t\t\t<\/div>\n\t\t\t\t\t<\/div>\n\t\t\t\t<\/div>\n\t\t\t\t\t<\/div>\n\t\t\t\t<\/div>\n\t\t<div class=\"elementor-element elementor-element-e4bbf7a e-flex e-con-boxed e-con e-parent\" data-id=\"e4bbf7a\" data-element_type=\"container\">\n\t\t\t\t\t<div class=\"e-con-inner\">\n\t\t\t\t<div class=\"elementor-element elementor-element-e27a396 elementor-widget elementor-widget-heading\" data-id=\"e27a396\" data-element_type=\"widget\" data-widget_type=\"heading.default\">\n\t\t\t\t<div class=\"elementor-widget-container\">\n\t\t\t\t\t<h2 class=\"elementor-heading-title elementor-size-default\">Avasta gurmeeseiklus Lilaste j\u00e4rve kaldal!<\/h2>\t\t\t\t<\/div>\n\t\t\t\t<\/div>\n\t\t\t\t<div class=\"elementor-element elementor-element-f2e63e8 elementor-widget elementor-widget-text-editor\" data-id=\"f2e63e8\" data-element_type=\"widget\" data-widget_type=\"text-editor.default\">\n\t\t\t\t<div class=\"elementor-widget-container\">\n\t\t\t\t\t\t\t\t\t<p>PORTO RESORT on hooajaline restoranikontseptsioon, mis asub maalilisel Lilaste j\u00e4rve kaldal.<br \/>\nMeie restoranis on kaks ainulaadset ala: klassikaline restoraniruum ja suveterrass, kust avaneb suurep\u00e4rane vaade j\u00e4rvele.<br \/>\nPakume ka avarat ala otse j\u00e4rve \u00e4\u00e4res koos piknikualade ja rohtu katusega varjualuste laudadega, mis v\u00f5imaldab teil nautida oma s\u00f6\u00f6ki otse looduse keskel.  <\/p>\n<p>Meie restoran on tuntud oma hooajalise men\u00fc\u00fc poolest, mis peegeldab peakoka kulinaarseid inspiratsioone.<br \/>\nOleme v\u00e4ga uhked oma Gruusia men\u00fc\u00fc \u00fcle.<br \/>\nMeie grillimaja juhib kogenud gruusia kokk, kes valib hoolikalt v\u00e4rsket, kvaliteetset liha ja spetsiaalselt hangitud k\u00f6\u00f6givilju, et pakkuda teile tervislikku ja maitsvat s\u00f6\u00f6gikogemust.  <\/p>\n\t\t\t\t\t\t\t\t<\/div>\n\t\t\t\t<\/div>\n\t\t\t\t\t<\/div>\n\t\t\t\t<\/div>\n\t\t<div class=\"elementor-element elementor-element-902ca41 e-con-full e-flex e-con e-child\" data-id=\"902ca41\" data-element_type=\"container\" data-settings=\"{&quot;background_background&quot;:&quot;classic&quot;}\">\n\t\t<div class=\"elementor-element elementor-element-02c9e9e e-con-full e-flex e-con e-child\" data-id=\"02c9e9e\" data-element_type=\"container\" data-settings=\"{&quot;background_background&quot;:&quot;classic&quot;}\">\n\t\t\t\t<\/div>\n\t\t<div class=\"elementor-element elementor-element-ce8f439 e-con-full e-flex e-con e-child\" data-id=\"ce8f439\" data-element_type=\"container\" data-settings=\"{&quot;background_background&quot;:&quot;classic&quot;}\">\n\t\t\t\t<\/div>\n\t\t<div class=\"elementor-element elementor-element-59439af e-con-full e-flex e-con e-child\" data-id=\"59439af\" data-element_type=\"container\" data-settings=\"{&quot;background_background&quot;:&quot;classic&quot;}\">\n\t\t\t\t<\/div>\n\t\t\t\t<\/div>\n\t\t<div class=\"elementor-element elementor-element-812c85a e-flex e-con-boxed e-con e-parent\" data-id=\"812c85a\" data-element_type=\"container\">\n\t\t\t\t\t<div class=\"e-con-inner\">\n\t\t\t\t<div class=\"elementor-element elementor-element-8f3bc26 elementor-widget elementor-widget-heading\" data-id=\"8f3bc26\" data-element_type=\"widget\" data-widget_type=\"heading.default\">\n\t\t\t\t<div class=\"elementor-widget-container\">\n\t\t\t\t\t<h2 class=\"elementor-heading-title elementor-size-default\">Sisustus<\/h2>\t\t\t\t<\/div>\n\t\t\t\t<\/div>\n\t\t\t\t<div class=\"elementor-element elementor-element-374bcb5 elementor-widget elementor-widget-text-editor\" data-id=\"374bcb5\" data-element_type=\"widget\" data-widget_type=\"text-editor.default\">\n\t\t\t\t<div class=\"elementor-widget-container\">\n\t\t\t\t\t\t\t\t\t<p>Meie ettev\u00f5tte juhi poolt kujundatud restorani interj\u00f6\u00f6r on inspireeritud j\u00e4rve\u00e4\u00e4rsest esteetikast.<br \/>\nRuumi iga nurk loob ainulaadse atmosf\u00e4\u00e4ri, viidetega liivaluikidele, lainetele ja s\u00fcgavsinisele veele.<br \/>\nSinine v\u00e4rvipalett, peen viimistlus ja looduslikud materjalid loovad koos rahulikku ja elegantset interj\u00f6\u00f6ri, kus saab l\u00f5\u00f5gastuda ja nautida oma s\u00f6\u00f6ki.  <\/p>\n\t\t\t\t\t\t\t\t<\/div>\n\t\t\t\t<\/div>\n\t\t\t\t\t<\/div>\n\t\t\t\t<\/div>\n\t\t<div class=\"elementor-element elementor-element-16554a5 e-flex e-con-boxed e-con e-parent\" data-id=\"16554a5\" data-element_type=\"container\">\n\t\t\t\t\t<div class=\"e-con-inner\">\n\t\t\t\t<div class=\"elementor-element elementor-element-47f1c90 elementor-widget elementor-widget-heading\" data-id=\"47f1c90\" data-element_type=\"widget\" data-widget_type=\"heading.default\">\n\t\t\t\t<div class=\"elementor-widget-container\">\n\t\t\t\t\t<h2 class=\"elementor-heading-title elementor-size-default\">Men\u00fc\u00fc<\/h2>\t\t\t\t<\/div>\n\t\t\t\t<\/div>\n\t\t\t\t<div class=\"elementor-element elementor-element-19ffaeb elementor-widget elementor-widget-text-editor\" data-id=\"19ffaeb\" data-element_type=\"widget\" data-widget_type=\"text-editor.default\">\n\t\t\t\t<div class=\"elementor-widget-container\">\n\t\t\t\t\t\t\t\t\t<p>Meie k\u00f6\u00f6k pakub laia valikut hooajalisi roogasid, mis on kombineeritud autentse Gruusia k\u00f6\u00f6giga.<br \/>\nKokk kasutab ainult v\u00e4rskeid ja kvaliteetseid koostisosi, et luua roogasid, mis r\u00f5\u00f5mustavad teie maitsemeeli ja tagavad tervisliku s\u00f6\u00f6gikogemuse.<br \/>\nProovige meie grillroogasid, mis valmistatakse kohapeal, kasutades spetsiaalselt valitud liha ja k\u00f6\u00f6givilju.  <\/p>\n\t\t\t\t\t\t\t\t<\/div>\n\t\t\t\t<\/div>\n\t\t\t\t\t<\/div>\n\t\t\t\t<\/div>\n\t\t<div class=\"elementor-element elementor-element-000f8c7 e-con-full e-grid e-con e-child\" data-id=\"000f8c7\" data-element_type=\"container\" data-settings=\"{&quot;background_background&quot;:&quot;classic&quot;}\">\n\t\t<div class=\"elementor-element elementor-element-69988ee e-con-full e-flex e-con e-child\" data-id=\"69988ee\" data-element_type=\"container\" data-settings=\"{&quot;background_background&quot;:&quot;classic&quot;}\">\n\t\t\t\t<\/div>\n\t\t<div class=\"elementor-element elementor-element-55da272 e-con-full e-flex e-con e-child\" data-id=\"55da272\" data-element_type=\"container\" data-settings=\"{&quot;background_background&quot;:&quot;classic&quot;}\">\n\t\t\t\t<\/div>\n\t\t<div class=\"elementor-element elementor-element-36de6ca e-con-full e-flex e-con e-child\" data-id=\"36de6ca\" data-element_type=\"container\" data-settings=\"{&quot;background_background&quot;:&quot;classic&quot;}\">\n\t\t\t\t<\/div>\n\t\t\t\t<\/div>\n\t\t\t\t<\/div>\n\t\t","protected":false},"excerpt":{"rendered":"<p>Restoran Avasta gurmeeseiklus Lilaste j\u00e4rve kaldal! PORTO RESORT on hooajaline restoranikontseptsioon, mis asub maalilisel Lilaste j\u00e4rve kaldal. Meie restoranis on kaks ainulaadset ala: klassikaline restoraniruum ja suveterrass, kust avaneb suurep\u00e4rane vaade j\u00e4rvele. Pakume ka avarat ala otse j\u00e4rve \u00e4\u00e4res koos piknikualade ja rohtu katusega varjualuste laudadega, mis v\u00f5imaldab teil nautida oma s\u00f6\u00f6ki otse looduse keskel. [&hellip;]<\/p>\n","protected":false},"author":1,"featured_media":0,"parent":0,"menu_order":0,"comment_status":"closed","ping_status":"closed","template":"","meta":{"footnotes":""},"class_list":["post-2342","page","type-page","status-publish","hentry"],"_links":{"self":[{"href":"https:\/\/portoresort.lv\/et\/wp-json\/wp\/v2\/pages\/2342","targetHints":{"allow":["GET"]}}],"collection":[{"href":"https:\/\/portoresort.lv\/et\/wp-json\/wp\/v2\/pages"}],"about":[{"href":"https:\/\/portoresort.lv\/et\/wp-json\/wp\/v2\/types\/page"}],"author":[{"embeddable":true,"href":"https:\/\/portoresort.lv\/et\/wp-json\/wp\/v2\/users\/1"}],"replies":[{"embeddable":true,"href":"https:\/\/portoresort.lv\/et\/wp-json\/wp\/v2\/comments?post=2342"}],"version-history":[{"count":4,"href":"https:\/\/portoresort.lv\/et\/wp-json\/wp\/v2\/pages\/2342\/revisions"}],"predecessor-version":[{"id":3035,"href":"https:\/\/portoresort.lv\/et\/wp-json\/wp\/v2\/pages\/2342\/revisions\/3035"}],"wp:attachment":[{"href":"https:\/\/portoresort.lv\/et\/wp-json\/wp\/v2\/media?parent=2342"}],"curies":[{"name":"wp","href":"https:\/\/api.w.org\/{rel}","templated":true}]}}