{"id":2350,"date":"2024-06-03T12:06:29","date_gmt":"2024-06-03T12:06:29","guid":{"rendered":"https:\/\/portoresort.lv\/hotell\/"},"modified":"2024-09-10T10:31:46","modified_gmt":"2024-09-10T10:31:46","slug":"hotell","status":"publish","type":"page","link":"https:\/\/portoresort.lv\/et\/hotell\/","title":{"rendered":"Hotell"},"content":{"rendered":"\t\t<div data-elementor-type=\"wp-page\" data-elementor-id=\"2350\" class=\"elementor elementor-2350 elementor-411\" data-elementor-post-type=\"page\">\n\t\t\t\t<div class=\"elementor-element elementor-element-7869b6e e-flex e-con-boxed e-con e-parent\" data-id=\"7869b6e\" data-element_type=\"container\">\n\t\t\t\t\t<div class=\"e-con-inner\">\n\t\t<div class=\"elementor-element elementor-element-0467ddd e-flex e-con-boxed e-con e-child\" data-id=\"0467ddd\" data-element_type=\"container\" data-settings=\"{&quot;background_background&quot;:&quot;classic&quot;}\">\n\t\t\t\t\t<div class=\"e-con-inner\">\n\t\t\t\t<div class=\"elementor-element elementor-element-d8c896f elementor-widget elementor-widget-heading\" data-id=\"d8c896f\" data-element_type=\"widget\" data-widget_type=\"heading.default\">\n\t\t\t\t<div class=\"elementor-widget-container\">\n\t\t\t\t\t<h2 class=\"elementor-heading-title elementor-size-default\">Tere tulemast PORTO RESORTi!<\/h2>\t\t\t\t<\/div>\n\t\t\t\t<\/div>\n\t\t\t\t\t<\/div>\n\t\t\t\t<\/div>\n\t\t\t\t\t<\/div>\n\t\t\t\t<\/div>\n\t\t<div class=\"elementor-element elementor-element-c1b462f e-flex e-con-boxed e-con e-parent\" data-id=\"c1b462f\" data-element_type=\"container\">\n\t\t\t\t\t<div class=\"e-con-inner\">\n\t\t\t\t<div class=\"elementor-element elementor-element-b96eab1 elementor-widget elementor-widget-heading\" data-id=\"b96eab1\" data-element_type=\"widget\" data-widget_type=\"heading.default\">\n\t\t\t\t<div class=\"elementor-widget-container\">\n\t\t\t\t\t<h2 class=\"elementor-heading-title elementor-size-default\">Ideaalne koht l\u00f5\u00f5gastumiseks Lilaste j\u00e4rve kaldal<\/h2>\t\t\t\t<\/div>\n\t\t\t\t<\/div>\n\t\t\t\t<div class=\"elementor-element elementor-element-c475566 elementor-widget elementor-widget-text-editor\" data-id=\"c475566\" data-element_type=\"widget\" data-widget_type=\"text-editor.default\">\n\t\t\t\t<div class=\"elementor-widget-container\">\n\t\t\t\t\t\t\t\t\t<p>PORTO RESORT on suurep\u00e4rane palkidest ehitatud hotell, mis asub otse Lilaste j\u00e4rve kaldal.<br \/>\nPakume 34 hubast hotellituba ja 14 hubast suvilat, mis sobivad ideaalselt l\u00f5\u00f5gastavaks perepuhkuseks v\u00f5i grupi\u00fcritusteks.<br \/>\nMajad on varustatud k\u00f5igega, mida vajate, et nautida oma viibimist meil nii suvel kui ka talvel.  <\/p>\n\t\t\t\t\t\t\t\t<\/div>\n\t\t\t\t<\/div>\n\t\t\t\t\t<\/div>\n\t\t\t\t<\/div>\n\t\t<div class=\"elementor-element elementor-element-735c770 e-flex e-con-boxed e-con e-parent\" data-id=\"735c770\" data-element_type=\"container\">\n\t\t\t\t\t<div class=\"e-con-inner\">\n\t\t<div class=\"elementor-element elementor-element-fbb03b7 e-flex e-con-boxed e-con e-child\" data-id=\"fbb03b7\" data-element_type=\"container\" data-settings=\"{&quot;background_background&quot;:&quot;classic&quot;}\">\n\t\t\t\t\t<div class=\"e-con-inner\">\n\t\t<div class=\"elementor-element elementor-element-9526127 e-flex e-con-boxed e-con e-child\" data-id=\"9526127\" data-element_type=\"container\">\n\t\t\t\t\t<div class=\"e-con-inner\">\n\t\t\t\t<div class=\"elementor-element elementor-element-131afe8 elementor-widget elementor-widget-heading\" data-id=\"131afe8\" data-element_type=\"widget\" data-widget_type=\"heading.default\">\n\t\t\t\t<div class=\"elementor-widget-container\">\n\t\t\t\t\t<h2 class=\"elementor-heading-title elementor-size-default\">Peen s\u00f6\u00f6gikoht ja suurep\u00e4rased vaated<\/h2>\t\t\t\t<\/div>\n\t\t\t\t<\/div>\n\t\t\t\t<div class=\"elementor-element elementor-element-549baa6 elementor-widget elementor-widget-text-editor\" data-id=\"549baa6\" data-element_type=\"widget\" data-widget_type=\"text-editor.default\">\n\t\t\t\t<div class=\"elementor-widget-container\">\n\t\t\t\t\t\t\t\t\t<p>Kui soovite oma maitsemeeli hellitada, k\u00fclastage meie restorani, kust avaneb vaade j\u00e4rvele.<br \/>\nNautige rahulikku s\u00f6\u00f6ki meie restorani j\u00e4rve\u00e4\u00e4rsel terrassil koos oma perega v\u00f5i romantilist hetke oma teise poolega. <\/p>\n\t\t\t\t\t\t\t\t<\/div>\n\t\t\t\t<\/div>\n\t\t\t\t<div class=\"elementor-element elementor-element-f2abc30 elementor-align-justify elementor-widget elementor-widget-button\" data-id=\"f2abc30\" data-element_type=\"widget\" data-widget_type=\"button.default\">\n\t\t\t\t<div class=\"elementor-widget-container\">\n\t\t\t\t\t\t\t\t\t<div class=\"elementor-button-wrapper\">\n\t\t\t\t\t<a class=\"elementor-button elementor-button-link elementor-size-sm\" href=\"https:\/\/portoresort.lv\/et\/restoran\/\">\n\t\t\t\t\t\t<span class=\"elementor-button-content-wrapper\">\n\t\t\t\t\t\t<span class=\"elementor-button-icon\">\n\t\t\t\t<svg xmlns=\"http:\/\/www.w3.org\/2000\/svg\" width=\"800px\" height=\"800px\" viewBox=\"0 0 24 24\" fill=\"none\"><path d=\"M7 17L17 7M17 7H8M17 7V16\" stroke=\"#000000\" stroke-width=\"2\" stroke-linecap=\"round\" stroke-linejoin=\"round\"><\/path><\/svg>\t\t\t<\/span>\n\t\t\t\t\t\t\t\t\t<span class=\"elementor-button-text\">Lisateave<\/span>\n\t\t\t\t\t<\/span>\n\t\t\t\t\t<\/a>\n\t\t\t\t<\/div>\n\t\t\t\t\t\t\t\t<\/div>\n\t\t\t\t<\/div>\n\t\t\t\t\t<\/div>\n\t\t\t\t<\/div>\n\t\t<div class=\"elementor-element elementor-element-60f0704 e-flex e-con-boxed e-con e-child\" data-id=\"60f0704\" data-element_type=\"container\">\n\t\t\t\t\t<div class=\"e-con-inner\">\n\t\t\t\t<div class=\"elementor-element elementor-element-5b5b9bd elementor-widget elementor-widget-image\" data-id=\"5b5b9bd\" data-element_type=\"widget\" data-widget_type=\"image.default\">\n\t\t\t\t<div class=\"elementor-widget-container\">\n\t\t\t\t\t\t\t\t\t\t\t\t\t\t\t<img fetchpriority=\"high\" decoding=\"async\" width=\"1300\" height=\"867\" src=\"https:\/\/portoresort.lv\/wp-content\/uploads\/2024\/06\/dsc-3916-665db705c14d3.webp\" class=\"attachment-full size-full wp-image-1492\" alt=\"\" srcset=\"https:\/\/portoresort.lv\/wp-content\/uploads\/2024\/06\/dsc-3916-665db705c14d3.webp 1300w, https:\/\/portoresort.lv\/wp-content\/uploads\/2024\/06\/dsc-3916-665db705c14d3-300x200.webp 300w, https:\/\/portoresort.lv\/wp-content\/uploads\/2024\/06\/dsc-3916-665db705c14d3-1024x683.webp 1024w, https:\/\/portoresort.lv\/wp-content\/uploads\/2024\/06\/dsc-3916-665db705c14d3-768x512.webp 768w\" sizes=\"(max-width: 1300px) 100vw, 1300px\" \/>\t\t\t\t\t\t\t\t\t\t\t\t\t\t\t<\/div>\n\t\t\t\t<\/div>\n\t\t\t\t\t<\/div>\n\t\t\t\t<\/div>\n\t\t\t\t\t<\/div>\n\t\t\t\t<\/div>\n\t\t\t\t\t<\/div>\n\t\t\t\t<\/div>\n\t\t<div class=\"elementor-element elementor-element-f2392fc e-flex e-con-boxed e-con e-parent\" data-id=\"f2392fc\" data-element_type=\"container\">\n\t\t\t\t\t<div class=\"e-con-inner\">\n\t\t<div class=\"elementor-element elementor-element-ec732c6 e-flex e-con-boxed e-con e-child\" data-id=\"ec732c6\" data-element_type=\"container\" data-settings=\"{&quot;background_background&quot;:&quot;classic&quot;}\">\n\t\t\t\t\t<div class=\"e-con-inner\">\n\t\t<div class=\"elementor-element elementor-element-0366cdf e-flex e-con-boxed e-con e-child\" data-id=\"0366cdf\" data-element_type=\"container\">\n\t\t\t\t\t<div class=\"e-con-inner\">\n\t\t\t\t<div class=\"elementor-element elementor-element-dcb2f56 elementor-widget elementor-widget-heading\" data-id=\"dcb2f56\" data-element_type=\"widget\" data-widget_type=\"heading.default\">\n\t\t\t\t<div class=\"elementor-widget-container\">\n\t\t\t\t\t<h2 class=\"elementor-heading-title elementor-size-default\">Vaba aeg ja meelelahutus<\/h2>\t\t\t\t<\/div>\n\t\t\t\t<\/div>\n\t\t\t\t<div class=\"elementor-element elementor-element-dc7121b elementor-widget elementor-widget-text-editor\" data-id=\"dc7121b\" data-element_type=\"widget\" data-widget_type=\"text-editor.default\">\n\t\t\t\t<div class=\"elementor-widget-container\">\n\t\t\t\t\t\t\t\t\t<p>Saun ja soe bassein: l\u00f5\u00f5gastumiseks pakume sauna koos sooja basseiniga, mis on ideaalne kuni 12 inimesele ja kust avaneb vaade j\u00e4rvele.<br \/>\nJ\u00e4rve restoranist on v\u00f5imalik tellida suupisteid. <\/p>\n\t\t\t\t\t\t\t\t<\/div>\n\t\t\t\t<\/div>\n\t\t\t\t<div class=\"elementor-element elementor-element-89fd325 elementor-align-justify elementor-widget elementor-widget-button\" data-id=\"89fd325\" data-element_type=\"widget\" data-widget_type=\"button.default\">\n\t\t\t\t<div class=\"elementor-widget-container\">\n\t\t\t\t\t\t\t\t\t<div class=\"elementor-button-wrapper\">\n\t\t\t\t\t<a class=\"elementor-button elementor-button-link elementor-size-sm\" href=\"https:\/\/portoresort.lv\/et\/vaba-aeg\/\">\n\t\t\t\t\t\t<span class=\"elementor-button-content-wrapper\">\n\t\t\t\t\t\t<span class=\"elementor-button-icon\">\n\t\t\t\t<svg xmlns=\"http:\/\/www.w3.org\/2000\/svg\" width=\"800px\" height=\"800px\" viewBox=\"0 0 24 24\" fill=\"none\"><path d=\"M7 17L17 7M17 7H8M17 7V16\" stroke=\"#000000\" stroke-width=\"2\" stroke-linecap=\"round\" stroke-linejoin=\"round\"><\/path><\/svg>\t\t\t<\/span>\n\t\t\t\t\t\t\t\t\t<span class=\"elementor-button-text\">Lisateave<\/span>\n\t\t\t\t\t<\/span>\n\t\t\t\t\t<\/a>\n\t\t\t\t<\/div>\n\t\t\t\t\t\t\t\t<\/div>\n\t\t\t\t<\/div>\n\t\t\t\t\t<\/div>\n\t\t\t\t<\/div>\n\t\t<div class=\"elementor-element elementor-element-c4adb78 e-flex e-con-boxed e-con e-child\" data-id=\"c4adb78\" data-element_type=\"container\">\n\t\t\t\t\t<div class=\"e-con-inner\">\n\t\t\t\t<div class=\"elementor-element elementor-element-024c09a elementor-widget elementor-widget-image\" data-id=\"024c09a\" data-element_type=\"widget\" data-widget_type=\"image.default\">\n\t\t\t\t<div class=\"elementor-widget-container\">\n\t\t\t\t\t\t\t\t\t\t\t\t\t\t\t<img decoding=\"async\" width=\"1300\" height=\"867\" src=\"https:\/\/portoresort.lv\/wp-content\/uploads\/2024\/06\/dsc-3851-665db78a9212a.webp\" class=\"attachment-full size-full wp-image-1496\" alt=\"\" srcset=\"https:\/\/portoresort.lv\/wp-content\/uploads\/2024\/06\/dsc-3851-665db78a9212a.webp 1300w, https:\/\/portoresort.lv\/wp-content\/uploads\/2024\/06\/dsc-3851-665db78a9212a-300x200.webp 300w, https:\/\/portoresort.lv\/wp-content\/uploads\/2024\/06\/dsc-3851-665db78a9212a-1024x683.webp 1024w, https:\/\/portoresort.lv\/wp-content\/uploads\/2024\/06\/dsc-3851-665db78a9212a-768x512.webp 768w\" sizes=\"(max-width: 1300px) 100vw, 1300px\" \/>\t\t\t\t\t\t\t\t\t\t\t\t\t\t\t<\/div>\n\t\t\t\t<\/div>\n\t\t\t\t\t<\/div>\n\t\t\t\t<\/div>\n\t\t\t\t\t<\/div>\n\t\t\t\t<\/div>\n\t\t\t\t\t<\/div>\n\t\t\t\t<\/div>\n\t\t<div class=\"elementor-element elementor-element-25fb527 e-flex e-con-boxed e-con e-parent\" data-id=\"25fb527\" data-element_type=\"container\">\n\t\t\t\t\t<div class=\"e-con-inner\">\n\t\t<div class=\"elementor-element elementor-element-e608614 e-flex e-con-boxed e-con e-child\" data-id=\"e608614\" data-element_type=\"container\" data-settings=\"{&quot;background_background&quot;:&quot;classic&quot;}\">\n\t\t\t\t\t<div class=\"e-con-inner\">\n\t\t<div class=\"elementor-element elementor-element-77d8a68 e-flex e-con-boxed e-con e-child\" data-id=\"77d8a68\" data-element_type=\"container\">\n\t\t\t\t\t<div class=\"e-con-inner\">\n\t\t\t\t<div class=\"elementor-element elementor-element-f13bb48 elementor-widget elementor-widget-heading\" data-id=\"f13bb48\" data-element_type=\"widget\" data-widget_type=\"heading.default\">\n\t\t\t\t<div class=\"elementor-widget-container\">\n\t\t\t\t\t<h2 class=\"elementor-heading-title elementor-size-default\">Tegevused<\/h2>\t\t\t\t<\/div>\n\t\t\t\t<\/div>\n\t\t\t\t<div class=\"elementor-element elementor-element-343e2ed elementor-widget elementor-widget-text-editor\" data-id=\"343e2ed\" data-element_type=\"widget\" data-widget_type=\"text-editor.default\">\n\t\t\t\t<div class=\"elementor-widget-container\">\n\t\t\t\t\t\t\t\t\t<p>Meie avaral territooriumil on piknikualad, paadid ja SUP-laudad.<br \/>\nKorraldame erinevaid sportm\u00e4nge ja l\u00f5busaid \u00fcritusi. <\/p>\n\t\t\t\t\t\t\t\t<\/div>\n\t\t\t\t<\/div>\n\t\t\t\t<div class=\"elementor-element elementor-element-042cbe9 elementor-align-justify elementor-widget elementor-widget-button\" data-id=\"042cbe9\" data-element_type=\"widget\" data-widget_type=\"button.default\">\n\t\t\t\t<div class=\"elementor-widget-container\">\n\t\t\t\t\t\t\t\t\t<div class=\"elementor-button-wrapper\">\n\t\t\t\t\t<a class=\"elementor-button elementor-button-link elementor-size-sm\" href=\"https:\/\/portoresort.lv\/et\/vaba-aeg\/\">\n\t\t\t\t\t\t<span class=\"elementor-button-content-wrapper\">\n\t\t\t\t\t\t<span class=\"elementor-button-icon\">\n\t\t\t\t<svg xmlns=\"http:\/\/www.w3.org\/2000\/svg\" width=\"800px\" height=\"800px\" viewBox=\"0 0 24 24\" fill=\"none\"><path d=\"M7 17L17 7M17 7H8M17 7V16\" stroke=\"#000000\" stroke-width=\"2\" stroke-linecap=\"round\" stroke-linejoin=\"round\"><\/path><\/svg>\t\t\t<\/span>\n\t\t\t\t\t\t\t\t\t<span class=\"elementor-button-text\">Lisateave<\/span>\n\t\t\t\t\t<\/span>\n\t\t\t\t\t<\/a>\n\t\t\t\t<\/div>\n\t\t\t\t\t\t\t\t<\/div>\n\t\t\t\t<\/div>\n\t\t\t\t\t<\/div>\n\t\t\t\t<\/div>\n\t\t<div class=\"elementor-element elementor-element-83caef2 e-flex e-con-boxed e-con e-child\" data-id=\"83caef2\" data-element_type=\"container\">\n\t\t\t\t\t<div class=\"e-con-inner\">\n\t\t\t\t<div class=\"elementor-element elementor-element-e657d26 elementor-widget elementor-widget-image\" data-id=\"e657d26\" data-element_type=\"widget\" data-widget_type=\"image.default\">\n\t\t\t\t<div class=\"elementor-widget-container\">\n\t\t\t\t\t\t\t\t\t\t\t\t\t\t\t<img decoding=\"async\" width=\"900\" height=\"600\" src=\"https:\/\/portoresort.lv\/wp-content\/uploads\/2024\/04\/atputa-660b362d08283.webp\" class=\"attachment-full size-full wp-image-1444\" alt=\"\" srcset=\"https:\/\/portoresort.lv\/wp-content\/uploads\/2024\/04\/atputa-660b362d08283.webp 900w, https:\/\/portoresort.lv\/wp-content\/uploads\/2024\/04\/atputa-660b362d08283-300x200.webp 300w, https:\/\/portoresort.lv\/wp-content\/uploads\/2024\/04\/atputa-660b362d08283-768x512.webp 768w\" sizes=\"(max-width: 900px) 100vw, 900px\" \/>\t\t\t\t\t\t\t\t\t\t\t\t\t\t\t<\/div>\n\t\t\t\t<\/div>\n\t\t\t\t\t<\/div>\n\t\t\t\t<\/div>\n\t\t\t\t\t<\/div>\n\t\t\t\t<\/div>\n\t\t\t\t\t<\/div>\n\t\t\t\t<\/div>\n\t\t<div class=\"elementor-element elementor-element-1b0f5e9 e-flex e-con-boxed e-con e-parent\" data-id=\"1b0f5e9\" data-element_type=\"container\">\n\t\t\t\t\t<div class=\"e-con-inner\">\n\t\t<div class=\"elementor-element elementor-element-b0b4063 e-flex e-con-boxed e-con e-child\" data-id=\"b0b4063\" data-element_type=\"container\" data-settings=\"{&quot;background_background&quot;:&quot;classic&quot;}\">\n\t\t\t\t\t<div class=\"e-con-inner\">\n\t\t<div class=\"elementor-element elementor-element-ce47be7 e-flex e-con-boxed e-con e-child\" data-id=\"ce47be7\" data-element_type=\"container\">\n\t\t\t\t\t<div class=\"e-con-inner\">\n\t\t\t\t<div class=\"elementor-element elementor-element-3eb34da elementor-widget elementor-widget-heading\" data-id=\"3eb34da\" data-element_type=\"widget\" data-widget_type=\"heading.default\">\n\t\t\t\t<div class=\"elementor-widget-container\">\n\t\t\t\t\t<h2 class=\"elementor-heading-title elementor-size-default\">Pidulikud ja \u00e4ri\u00fcritused<\/h2>\t\t\t\t<\/div>\n\t\t\t\t<\/div>\n\t\t\t\t<div class=\"elementor-element elementor-element-b482a62 elementor-widget elementor-widget-text-editor\" data-id=\"b482a62\" data-element_type=\"widget\" data-widget_type=\"text-editor.default\">\n\t\t\t\t<div class=\"elementor-widget-container\">\n\t\t\t\t\t\t\t\t\t<p>Porto Resort on ideaalne koht perekonna ja s\u00f5prade, pulmade, pidustuste, \u00e4ritegevuse, koosolekute ja seminaride jaoks.<\/p>\n\t\t\t\t\t\t\t\t<\/div>\n\t\t\t\t<\/div>\n\t\t\t\t<div class=\"elementor-element elementor-element-b1e2759 elementor-align-justify elementor-widget elementor-widget-button\" data-id=\"b1e2759\" data-element_type=\"widget\" data-widget_type=\"button.default\">\n\t\t\t\t<div class=\"elementor-widget-container\">\n\t\t\t\t\t\t\t\t\t<div class=\"elementor-button-wrapper\">\n\t\t\t\t\t<a class=\"elementor-button elementor-button-link elementor-size-sm\" href=\"https:\/\/portoresort.lv\/et\/pidustused\/\">\n\t\t\t\t\t\t<span class=\"elementor-button-content-wrapper\">\n\t\t\t\t\t\t<span class=\"elementor-button-icon\">\n\t\t\t\t<svg xmlns=\"http:\/\/www.w3.org\/2000\/svg\" width=\"800px\" height=\"800px\" viewBox=\"0 0 24 24\" fill=\"none\"><path d=\"M7 17L17 7M17 7H8M17 7V16\" stroke=\"#000000\" stroke-width=\"2\" stroke-linecap=\"round\" stroke-linejoin=\"round\"><\/path><\/svg>\t\t\t<\/span>\n\t\t\t\t\t\t\t\t\t<span class=\"elementor-button-text\">Lisateave<\/span>\n\t\t\t\t\t<\/span>\n\t\t\t\t\t<\/a>\n\t\t\t\t<\/div>\n\t\t\t\t\t\t\t\t<\/div>\n\t\t\t\t<\/div>\n\t\t\t\t\t<\/div>\n\t\t\t\t<\/div>\n\t\t<div class=\"elementor-element elementor-element-3796fe5 e-flex e-con-boxed e-con e-child\" data-id=\"3796fe5\" data-element_type=\"container\">\n\t\t\t\t\t<div class=\"e-con-inner\">\n\t\t\t\t<div class=\"elementor-element elementor-element-803102d elementor-widget elementor-widget-image\" data-id=\"803102d\" data-element_type=\"widget\" data-widget_type=\"image.default\">\n\t\t\t\t<div class=\"elementor-widget-container\">\n\t\t\t\t\t\t\t\t\t\t\t\t\t\t\t<img loading=\"lazy\" decoding=\"async\" width=\"2048\" height=\"1365\" src=\"https:\/\/portoresort.lv\/wp-content\/uploads\/2024\/04\/DSC06802.jpg\" class=\"attachment-full size-full wp-image-1440\" alt=\"\" srcset=\"https:\/\/portoresort.lv\/wp-content\/uploads\/2024\/04\/DSC06802.jpg 2048w, https:\/\/portoresort.lv\/wp-content\/uploads\/2024\/04\/DSC06802-300x200.jpg 300w, https:\/\/portoresort.lv\/wp-content\/uploads\/2024\/04\/DSC06802-1024x683.jpg 1024w, https:\/\/portoresort.lv\/wp-content\/uploads\/2024\/04\/DSC06802-768x512.jpg 768w, https:\/\/portoresort.lv\/wp-content\/uploads\/2024\/04\/DSC06802-1536x1024.jpg 1536w\" sizes=\"(max-width: 2048px) 100vw, 2048px\" \/>\t\t\t\t\t\t\t\t\t\t\t\t\t\t\t<\/div>\n\t\t\t\t<\/div>\n\t\t\t\t\t<\/div>\n\t\t\t\t<\/div>\n\t\t\t\t\t<\/div>\n\t\t\t\t<\/div>\n\t\t\t\t\t<\/div>\n\t\t\t\t<\/div>\n\t\t\t\t<\/div>\n\t\t","protected":false},"excerpt":{"rendered":"<p>Tere tulemast PORTO RESORTi! Ideaalne koht l\u00f5\u00f5gastumiseks Lilaste j\u00e4rve kaldal PORTO RESORT on suurep\u00e4rane palkidest ehitatud hotell, mis asub otse Lilaste j\u00e4rve kaldal. Pakume 34 hubast hotellituba ja 14 hubast suvilat, mis sobivad ideaalselt l\u00f5\u00f5gastavaks perepuhkuseks v\u00f5i grupi\u00fcritusteks. Majad on varustatud k\u00f5igega, mida vajate, et nautida oma viibimist meil nii suvel kui ka talvel. Peen [&hellip;]<\/p>\n","protected":false},"author":1,"featured_media":0,"parent":0,"menu_order":0,"comment_status":"closed","ping_status":"closed","template":"","meta":{"footnotes":""},"class_list":["post-2350","page","type-page","status-publish","hentry"],"_links":{"self":[{"href":"https:\/\/portoresort.lv\/et\/wp-json\/wp\/v2\/pages\/2350","targetHints":{"allow":["GET"]}}],"collection":[{"href":"https:\/\/portoresort.lv\/et\/wp-json\/wp\/v2\/pages"}],"about":[{"href":"https:\/\/portoresort.lv\/et\/wp-json\/wp\/v2\/types\/page"}],"author":[{"embeddable":true,"href":"https:\/\/portoresort.lv\/et\/wp-json\/wp\/v2\/users\/1"}],"replies":[{"embeddable":true,"href":"https:\/\/portoresort.lv\/et\/wp-json\/wp\/v2\/comments?post=2350"}],"version-history":[{"count":1,"href":"https:\/\/portoresort.lv\/et\/wp-json\/wp\/v2\/pages\/2350\/revisions"}],"predecessor-version":[{"id":2351,"href":"https:\/\/portoresort.lv\/et\/wp-json\/wp\/v2\/pages\/2350\/revisions\/2351"}],"wp:attachment":[{"href":"https:\/\/portoresort.lv\/et\/wp-json\/wp\/v2\/media?parent=2350"}],"curies":[{"name":"wp","href":"https:\/\/api.w.org\/{rel}","templated":true}]}}