{"id":3593,"date":"2025-03-10T08:11:57","date_gmt":"2025-03-10T08:11:57","guid":{"rendered":"https:\/\/portoresort.lv\/sundmused\/"},"modified":"2025-05-30T08:02:36","modified_gmt":"2025-05-30T08:02:36","slug":"sundmused","status":"publish","type":"page","link":"https:\/\/portoresort.lv\/et\/sundmused\/","title":{"rendered":"S\u00fcndmused"},"content":{"rendered":"\t\t<div data-elementor-type=\"wp-page\" data-elementor-id=\"3593\" class=\"elementor elementor-3593 elementor-3535\" data-elementor-post-type=\"page\">\n\t\t\t\t<div class=\"elementor-element elementor-element-7844454 e-flex e-con-boxed e-con e-parent\" data-id=\"7844454\" data-element_type=\"container\">\n\t\t\t\t\t<div class=\"e-con-inner\">\n\t\t<div class=\"elementor-element elementor-element-19d29f3 e-flex e-con-boxed e-con e-child\" data-id=\"19d29f3\" data-element_type=\"container\" data-settings=\"{&quot;background_background&quot;:&quot;classic&quot;}\">\n\t\t\t\t\t<div class=\"e-con-inner\">\n\t\t\t\t<div class=\"elementor-element elementor-element-c2b8406 elementor-widget elementor-widget-heading\" data-id=\"c2b8406\" data-element_type=\"widget\" data-widget_type=\"heading.default\">\n\t\t\t\t<div class=\"elementor-widget-container\">\n\t\t\t\t\t<h2 class=\"elementor-heading-title elementor-size-default\">S\u00fcndmused<\/h2>\t\t\t\t<\/div>\n\t\t\t\t<\/div>\n\t\t\t\t\t<\/div>\n\t\t\t\t<\/div>\n\t\t\t\t\t<\/div>\n\t\t\t\t<\/div>\n\t\t<div class=\"elementor-element elementor-element-85f8079 e-flex e-con-boxed e-con e-parent\" data-id=\"85f8079\" data-element_type=\"container\">\n\t\t\t\t\t<div class=\"e-con-inner\">\n\t\t\t\t<div class=\"elementor-element elementor-element-1ec87f3 elementor-widget elementor-widget-heading\" data-id=\"1ec87f3\" data-element_type=\"widget\" data-widget_type=\"heading.default\">\n\t\t\t\t<div class=\"elementor-widget-container\">\n\t\t\t\t\t<h2 class=\"elementor-heading-title elementor-size-default\">S\u00fcndmused Porto Resortis<\/h2>\t\t\t\t<\/div>\n\t\t\t\t<\/div>\n\t\t\t\t<div class=\"elementor-element elementor-element-639580f elementor-widget elementor-widget-text-editor\" data-id=\"639580f\" data-element_type=\"widget\" data-widget_type=\"text-editor.default\">\n\t\t\t\t<div class=\"elementor-widget-container\">\n\t\t\t\t\t\t\t\t\t<p>Porto Resort asub ainulaadses kohas &#8211; Lilaste j\u00e4rve ja L\u00e4\u00e4nemere vahel, vaid 23 km kaugusel Riiast. See pakub mitte ainult rahulikku j\u00e4rvemaastikku ja mere l\u00e4hedust, vaid ka v\u00e4ga suurt tasuta parkimisala, mis tagab k\u00f5igile k\u00fclastajatele h\u00f5lpsa juurdep\u00e4\u00e4su. <\/p>\t\t\t\t\t\t\t\t<\/div>\n\t\t\t\t<\/div>\n\t\t\t\t\t<\/div>\n\t\t\t\t<\/div>\n\t\t<div class=\"elementor-element elementor-element-a184f80 e-flex e-con-boxed e-con e-parent\" data-id=\"a184f80\" data-element_type=\"container\">\n\t\t\t\t\t<div class=\"e-con-inner\">\n\t\t<div class=\"elementor-element elementor-element-9bb1e2d e-con-full e-flex e-con e-child\" data-id=\"9bb1e2d\" data-element_type=\"container\" data-settings=\"{&quot;background_background&quot;:&quot;classic&quot;}\">\n\t\t\t\t<\/div>\n\t\t<div class=\"elementor-element elementor-element-58ac3c3 e-con-full e-flex e-con e-child\" data-id=\"58ac3c3\" data-element_type=\"container\" data-settings=\"{&quot;background_background&quot;:&quot;classic&quot;}\">\n\t\t\t\t<\/div>\n\t\t<div class=\"elementor-element elementor-element-b031469 e-con-full e-flex e-con e-child\" data-id=\"b031469\" data-element_type=\"container\" data-settings=\"{&quot;background_background&quot;:&quot;classic&quot;}\">\n\t\t\t\t<\/div>\n\t\t\t\t\t<\/div>\n\t\t\t\t<\/div>\n\t\t<div class=\"elementor-element elementor-element-3fd9c07 e-flex e-con-boxed e-con e-parent\" data-id=\"3fd9c07\" data-element_type=\"container\">\n\t\t\t\t\t<div class=\"e-con-inner\">\n\t\t\t\t<div class=\"elementor-element elementor-element-208d90c elementor-widget elementor-widget-text-editor\" data-id=\"208d90c\" data-element_type=\"widget\" data-widget_type=\"text-editor.default\">\n\t\t\t\t<div class=\"elementor-widget-container\">\n\t\t\t\t\t\t\t\t\t<p><strong>Majutus:<br><\/strong>Hotellis on 34 hubast tuba ja 14 h\u00e4sti varustatud suvilat, mis mahutavad kokku kuni 200 k\u00fclalist. See v\u00f5imaldab mugavalt majutada nii v\u00e4iksemaid kui ka suuremaid k\u00fclalistegruppe. <\/p><p><strong><br>\u00dcritusruumid:<br><\/strong>Porto Resort pakub mitmeid ruume erinevat t\u00fc\u00fcpi \u00fcrituste jaoks:<\/p><p><strong><br>Lake Lounge:<br><\/strong>Asub hotelli teisel korrusel, kus on avar terrass, kust avaneb vaade Lilaste j\u00e4rvele. See mahutab kuni 80 k\u00fclalist laudades, pakkudes nii mugavust kui ka professionaalset keskkonda teie \u00fcrituse jaoks. <\/p><p><strong><br>Mansardisaal:<br><\/strong>Sobib kuni 50 inimese \u00fcrituste korraldamiseks ja asub hoone kolmandal korrusel. Saali valgustab p\u00e4rastl\u00f5unal \u00f5htup\u00e4ike, mis loob rahuliku ja l\u00f5\u00f5gastava atmosf\u00e4\u00e4ri. <\/p><p><strong><br>Vaatetorni tuba:<br><\/strong>See kuni 12-liikmelistele v\u00e4ikestele gruppidele sobiv tuba asub hotelli k\u00f5rgeimas punktis &#8211; vaatetornis, kust avaneb suurep\u00e4rane vaade Lilaste j\u00e4rvele ja hotelli avarale territooriumile.<br><br><\/p><p><strong>Lisav\u00f5imalused<br><\/strong><br><strong>Saun ja soe bassein<\/strong>:<br>L\u00f5\u00f5gastumiseks on saun koos sooja basseiniga, mis sobib kuni 20 inimesele.<br><br><strong>Saun j\u00e4rve \u00e4\u00e4res:<br><\/strong>Saunamaja koos istumis- ja riietusruumiga, avar puidust terrass, kust avaneb vaade Lilaste j\u00e4rvele ja \u00fcmbritsevale maastikule.<br><br><strong>Veetegevused:<br><\/strong>K\u00fclalistele on saadaval paadid ja SUP-laudad, et nautida t\u00e4ielikult Lilaste j\u00e4rve v\u00f5lu.<br><br><strong>Piknikuplatsid:<br><\/strong>Piknikuplatsid ja katusega kaetud varjualused on saadaval suurel alal otse j\u00e4rve \u00e4\u00e4res, mis loob autentse ja l\u00f5\u00f5gastava atmosf\u00e4\u00e4ri.<\/p><p><br>Porto Resort on ideaalne koht unustamatute \u00fcrituste korraldamiseks, pakkudes nii mugavat majutust kui ka laia valikut vaba aja veetmise v\u00f5imalusi maalilises keskkonnas.<\/p>\t\t\t\t\t\t\t\t<\/div>\n\t\t\t\t<\/div>\n\t\t\t\t\t<\/div>\n\t\t\t\t<\/div>\n\t\t<div class=\"elementor-element elementor-element-3a35fc4 e-flex e-con-boxed e-con e-parent\" data-id=\"3a35fc4\" data-element_type=\"container\">\n\t\t\t\t\t<div class=\"e-con-inner\">\n\t\t<div class=\"elementor-element elementor-element-76171f0 e-con-full e-flex e-con e-child\" data-id=\"76171f0\" data-element_type=\"container\">\n\t\t\t\t<div class=\"elementor-element elementor-element-22e2f95 elementor-widget elementor-widget-heading\" data-id=\"22e2f95\" data-element_type=\"widget\" data-widget_type=\"heading.default\">\n\t\t\t\t<div class=\"elementor-widget-container\">\n\t\t\t\t\t<h2 class=\"elementor-heading-title elementor-size-default\">Lisaks pakume<\/h2>\t\t\t\t<\/div>\n\t\t\t\t<\/div>\n\t\t\t\t<\/div>\n\t\t<div class=\"elementor-element elementor-element-24f0413 e-con-full e-flex e-con e-child\" data-id=\"24f0413\" data-element_type=\"container\" data-settings=\"{&quot;background_background&quot;:&quot;classic&quot;}\">\n\t\t\t\t<div class=\"elementor-element elementor-element-97faf65 elementor-widget elementor-widget-heading\" data-id=\"97faf65\" data-element_type=\"widget\" data-widget_type=\"heading.default\">\n\t\t\t\t<div class=\"elementor-widget-container\">\n\t\t\t\t\t<h2 class=\"elementor-heading-title elementor-size-default\">TRANSFEER MEIE BUSSIGA KUNI 50 ISTEKOHTA<\/h2>\t\t\t\t<\/div>\n\t\t\t\t<\/div>\n\t\t\t\t<\/div>\n\t\t<div class=\"elementor-element elementor-element-eb9cd20 e-con-full e-flex e-con e-child\" data-id=\"eb9cd20\" data-element_type=\"container\" data-settings=\"{&quot;background_background&quot;:&quot;classic&quot;}\">\n\t\t\t\t<div class=\"elementor-element elementor-element-2c1555d elementor-widget elementor-widget-heading\" data-id=\"2c1555d\" data-element_type=\"widget\" data-widget_type=\"heading.default\">\n\t\t\t\t<div class=\"elementor-widget-container\">\n\t\t\t\t\t<h2 class=\"elementor-heading-title elementor-size-default\">T\u00c4IELIK ISETEENINDUS<\/h2>\t\t\t\t<\/div>\n\t\t\t\t<\/div>\n\t\t\t\t<div class=\"elementor-element elementor-element-4081a63 elementor-widget elementor-widget-text-editor\" data-id=\"4081a63\" data-element_type=\"widget\" data-widget_type=\"text-editor.default\">\n\t\t\t\t<div class=\"elementor-widget-container\">\n\t\t\t\t\t\t\t\t\t<p>Pakume t\u00e4isteenust erinevate \u00fcrituste jaoks!<\/p>\t\t\t\t\t\t\t\t<\/div>\n\t\t\t\t<\/div>\n\t\t\t\t<\/div>\n\t\t\t\t\t<\/div>\n\t\t\t\t<\/div>\n\t\t<div class=\"elementor-element elementor-element-acf3c57 e-flex e-con-boxed e-con e-parent\" data-id=\"acf3c57\" data-element_type=\"container\">\n\t\t\t\t\t<div class=\"e-con-inner\">\n\t\t<div class=\"elementor-element elementor-element-b328c71 e-con-full e-flex e-con e-child\" data-id=\"b328c71\" data-element_type=\"container\">\n\t\t\t\t<div class=\"elementor-element elementor-element-ab4ac1c elementor-widget elementor-widget-heading\" data-id=\"ab4ac1c\" data-element_type=\"widget\" data-widget_type=\"heading.default\">\n\t\t\t\t<div class=\"elementor-widget-container\">\n\t\t\t\t\t<h2 class=\"elementor-heading-title elementor-size-default\">\u00dcrituse taotlemine<\/h2>\t\t\t\t<\/div>\n\t\t\t\t<\/div>\n\t\t\t\t<div class=\"elementor-element elementor-element-21f9fcf elementor-button-align-stretch elementor-widget elementor-widget-form\" data-id=\"21f9fcf\" data-element_type=\"widget\" data-settings=\"{&quot;step_next_label&quot;:&quot;J\\u00e4rgmine&quot;,&quot;step_previous_label&quot;:&quot;Eelmine&quot;,&quot;button_width&quot;:&quot;100&quot;,&quot;step_type&quot;:&quot;number_text&quot;,&quot;step_icon_shape&quot;:&quot;circle&quot;}\" data-widget_type=\"form.default\">\n\t\t\t\t<div class=\"elementor-widget-container\">\n\t\t\t\t\t\t\t<form class=\"elementor-form\" method=\"post\" name=\"\u00dcrituste taotlemine\" aria-label=\"\u00dcrituste taotlemine\">\n\t\t\t<input type=\"hidden\" name=\"post_id\" value=\"3593\"\/>\n\t\t\t<input type=\"hidden\" name=\"form_id\" value=\"21f9fcf\"\/>\n\t\t\t<input type=\"hidden\" name=\"referer_title\" value=\"S\u00fcndmused\" \/>\n\n\t\t\t\t\t\t\t<input type=\"hidden\" name=\"queried_id\" value=\"3593\"\/>\n\t\t\t\n\t\t\t<div class=\"elementor-form-fields-wrapper elementor-labels-above\">\n\t\t\t\t\t\t\t\t<div class=\"elementor-field-type-text elementor-field-group elementor-column elementor-field-group-name elementor-col-50\">\n\t\t\t\t\t\t\t\t\t\t\t\t<label for=\"form-field-name\" class=\"elementor-field-label\">\n\t\t\t\t\t\t\t\tNimi\t\t\t\t\t\t\t<\/label>\n\t\t\t\t\t\t\t\t\t\t\t\t\t\t<input size=\"1\" type=\"text\" name=\"form_fields[name]\" id=\"form-field-name\" class=\"elementor-field elementor-size-md  elementor-field-textual\">\n\t\t\t\t\t\t\t\t\t\t\t<\/div>\n\t\t\t\t\t\t\t\t<div class=\"elementor-field-type-text elementor-field-group elementor-column elementor-field-group-field_6bcb153 elementor-col-50\">\n\t\t\t\t\t\t\t\t\t\t\t\t<label for=\"form-field-field_6bcb153\" class=\"elementor-field-label\">\n\t\t\t\t\t\t\t\tPerekonnanimi\t\t\t\t\t\t\t<\/label>\n\t\t\t\t\t\t\t\t\t\t\t\t\t\t<input size=\"1\" type=\"text\" name=\"form_fields[field_6bcb153]\" id=\"form-field-field_6bcb153\" class=\"elementor-field elementor-size-md  elementor-field-textual\">\n\t\t\t\t\t\t\t\t\t\t\t<\/div>\n\t\t\t\t\t\t\t\t<div class=\"elementor-field-type-email elementor-field-group elementor-column elementor-field-group-email elementor-col-50 elementor-field-required elementor-mark-required\">\n\t\t\t\t\t\t\t\t\t\t\t\t<label for=\"form-field-email\" class=\"elementor-field-label\">\n\t\t\t\t\t\t\t\tE-post\t\t\t\t\t\t\t<\/label>\n\t\t\t\t\t\t\t\t\t\t\t\t\t\t<input size=\"1\" type=\"email\" name=\"form_fields[email]\" id=\"form-field-email\" class=\"elementor-field elementor-size-md  elementor-field-textual\" required=\"required\">\n\t\t\t\t\t\t\t\t\t\t\t<\/div>\n\t\t\t\t\t\t\t\t<div class=\"elementor-field-type-number elementor-field-group elementor-column elementor-field-group-field_0eae387 elementor-col-50 elementor-field-required elementor-mark-required\">\n\t\t\t\t\t\t\t\t\t\t\t\t<label for=\"form-field-field_0eae387\" class=\"elementor-field-label\">\n\t\t\t\t\t\t\t\tTelefoninumber\t\t\t\t\t\t\t<\/label>\n\t\t\t\t\t\t\t\t\t<input type=\"number\" name=\"form_fields[field_0eae387]\" id=\"form-field-field_0eae387\" class=\"elementor-field elementor-size-md  elementor-field-textual\" required=\"required\" min=\"\" max=\"\" >\n\t\t\t\t\t\t<\/div>\n\t\t\t\t\t\t\t\t<div class=\"elementor-field-type-date elementor-field-group elementor-column elementor-field-group-field_065b491 elementor-col-50 elementor-field-required elementor-mark-required\">\n\t\t\t\t\t\t\t\t\t\t\t\t<label for=\"form-field-field_065b491\" class=\"elementor-field-label\">\n\t\t\t\t\t\t\t\tS\u00fcndmuse kuup\u00e4ev\t\t\t\t\t\t\t<\/label>\n\t\t\t\t\t\t\n\t\t<input type=\"date\" name=\"form_fields[field_065b491]\" id=\"form-field-field_065b491\" class=\"elementor-field elementor-size-md  elementor-field-textual elementor-date-field\" placeholder=\"Kuup\u00e4ev, kuu, aasta\" required=\"required\" pattern=\"[0-9]{4}-[0-9]{2}-[0-9]{2}\">\n\t\t\t\t\t\t<\/div>\n\t\t\t\t\t\t\t\t<div class=\"elementor-field-type-text elementor-field-group elementor-column elementor-field-group-field_dbe4a61 elementor-col-50\">\n\t\t\t\t\t\t\t\t\t\t\t\t<label for=\"form-field-field_dbe4a61\" class=\"elementor-field-label\">\n\t\t\t\t\t\t\t\tS\u00fcndmuse aeg\t\t\t\t\t\t\t<\/label>\n\t\t\t\t\t\t\t\t\t\t\t\t\t\t<input size=\"1\" type=\"text\" name=\"form_fields[field_dbe4a61]\" id=\"form-field-field_dbe4a61\" class=\"elementor-field elementor-size-md  elementor-field-textual\" placeholder=\"N\u00e4iteks: kell 12:00 - 18:00\">\n\t\t\t\t\t\t\t\t\t\t\t<\/div>\n\t\t\t\t\t\t\t\t<div class=\"elementor-field-type-number elementor-field-group elementor-column elementor-field-group-field_0a8eb03 elementor-col-100\">\n\t\t\t\t\t\t\t\t\t\t\t\t<label for=\"form-field-field_0a8eb03\" class=\"elementor-field-label\">\n\t\t\t\t\t\t\t\tInimeste arv\t\t\t\t\t\t\t<\/label>\n\t\t\t\t\t\t\t\t\t<input type=\"number\" name=\"form_fields[field_0a8eb03]\" id=\"form-field-field_0a8eb03\" class=\"elementor-field elementor-size-md  elementor-field-textual\" min=\"\" max=\"\" >\n\t\t\t\t\t\t<\/div>\n\t\t\t\t\t\t\t\t<div class=\"elementor-field-type-textarea elementor-field-group elementor-column elementor-field-group-message elementor-col-100\">\n\t\t\t\t\t\t\t\t\t\t\t\t<label for=\"form-field-message\" class=\"elementor-field-label\">\n\t\t\t\t\t\t\t\tS\u00fcndmuse kirjeldus\t\t\t\t\t\t\t<\/label>\n\t\t\t\t\t\t<textarea class=\"elementor-field-textual elementor-field  elementor-size-md\" name=\"form_fields[message]\" id=\"form-field-message\" rows=\"4\"><\/textarea>\t\t\t\t<\/div>\n\t\t\t\t\t\t\t\t<div class=\"elementor-field-type-checkbox elementor-field-group elementor-column elementor-field-group-field_cf8eed5 elementor-col-100\">\n\t\t\t\t\t\t\t\t\t\t\t\t<label for=\"form-field-field_cf8eed5\" class=\"elementor-field-label\">\n\t\t\t\t\t\t\t\tLisaks sellele\t\t\t\t\t\t\t<\/label>\n\t\t\t\t\t\t<div class=\"elementor-field-subgroup  elementor-subgroup-inline\"><span class=\"elementor-field-option\"><input type=\"checkbox\" value=\"Toitlustamine\" id=\"form-field-field_cf8eed5-0\" name=\"form_fields[field_cf8eed5][]\"> <label for=\"form-field-field_cf8eed5-0\">Toitlustamine<\/label><\/span><span class=\"elementor-field-option\"><input type=\"checkbox\" value=\"Majutus\" id=\"form-field-field_cf8eed5-1\" name=\"form_fields[field_cf8eed5][]\"> <label for=\"form-field-field_cf8eed5-1\">Majutus<\/label><\/span><\/div>\t\t\t\t<\/div>\n\t\t\t\t\t\t\t\t<div class=\"elementor-field-type-recaptcha_v3 elementor-field-group elementor-column elementor-field-group-field_23a37e1 elementor-col-100 recaptcha_v3-bottomright\">\n\t\t\t\t\t<div class=\"elementor-field\" id=\"form-field-field_23a37e1\"><div class=\"elementor-g-recaptcha\" data-sitekey=\"6LfBt-8qAAAAAK1WQ8oQtt5WYQYhbGgH18LBJms0\" data-type=\"v3\" data-action=\"Form\" data-badge=\"bottomright\" data-size=\"invisible\"><\/div><\/div>\t\t\t\t<\/div>\n\t\t\t\t\t\t\t\t<div class=\"elementor-field-group elementor-column elementor-field-type-submit elementor-col-100 e-form__buttons\">\n\t\t\t\t\t<button class=\"elementor-button elementor-size-sm\" type=\"submit\">\n\t\t\t\t\t\t<span class=\"elementor-button-content-wrapper\">\n\t\t\t\t\t\t\t\t\t\t\t\t\t\t\t\t\t\t\t\t\t\t<span class=\"elementor-button-text\">Saada oma taotlus<\/span>\n\t\t\t\t\t\t\t\t\t\t\t\t\t<\/span>\n\t\t\t\t\t<\/button>\n\t\t\t\t<\/div>\n\t\t\t<\/div>\n\t\t<\/form>\n\t\t\t\t\t\t<\/div>\n\t\t\t\t<\/div>\n\t\t\t\t<\/div>\n\t\t\t\t\t<\/div>\n\t\t\t\t<\/div>\n\t\t\t\t<\/div>\n\t\t","protected":false},"excerpt":{"rendered":"<p>S\u00fcndmused S\u00fcndmused Porto Resortis Porto Resort asub ainulaadses kohas &#8211; Lilaste j\u00e4rve ja L\u00e4\u00e4nemere vahel, vaid 23 km kaugusel Riiast. See pakub mitte ainult rahulikku j\u00e4rvemaastikku ja mere l\u00e4hedust, vaid ka v\u00e4ga suurt tasuta parkimisala, mis tagab k\u00f5igile k\u00fclastajatele h\u00f5lpsa juurdep\u00e4\u00e4su. Majutus:Hotellis on 34 hubast tuba ja 14 h\u00e4sti varustatud suvilat, mis mahutavad kokku kuni [&hellip;]<\/p>\n","protected":false},"author":1,"featured_media":0,"parent":0,"menu_order":0,"comment_status":"closed","ping_status":"closed","template":"","meta":{"footnotes":""},"class_list":["post-3593","page","type-page","status-publish","hentry"],"_links":{"self":[{"href":"https:\/\/portoresort.lv\/et\/wp-json\/wp\/v2\/pages\/3593","targetHints":{"allow":["GET"]}}],"collection":[{"href":"https:\/\/portoresort.lv\/et\/wp-json\/wp\/v2\/pages"}],"about":[{"href":"https:\/\/portoresort.lv\/et\/wp-json\/wp\/v2\/types\/page"}],"author":[{"embeddable":true,"href":"https:\/\/portoresort.lv\/et\/wp-json\/wp\/v2\/users\/1"}],"replies":[{"embeddable":true,"href":"https:\/\/portoresort.lv\/et\/wp-json\/wp\/v2\/comments?post=3593"}],"version-history":[{"count":2,"href":"https:\/\/portoresort.lv\/et\/wp-json\/wp\/v2\/pages\/3593\/revisions"}],"predecessor-version":[{"id":4018,"href":"https:\/\/portoresort.lv\/et\/wp-json\/wp\/v2\/pages\/3593\/revisions\/4018"}],"wp:attachment":[{"href":"https:\/\/portoresort.lv\/et\/wp-json\/wp\/v2\/media?parent=3593"}],"curies":[{"name":"wp","href":"https:\/\/api.w.org\/{rel}","templated":true}]}}