{"id":4007,"date":"2025-05-30T07:52:36","date_gmt":"2025-05-30T07:52:36","guid":{"rendered":"https:\/\/portoresort.lv\/vaba-aeg\/sup-seiklus-lilasteis\/"},"modified":"2025-06-17T21:45:12","modified_gmt":"2025-06-17T21:45:12","slug":"sup-seiklus-lilasteis","status":"publish","type":"page","link":"https:\/\/portoresort.lv\/et\/vaba-aeg\/sup-seiklus-lilasteis\/","title":{"rendered":"SUP seiklus Lilaste&#8217;is"},"content":{"rendered":"\t\t<div data-elementor-type=\"wp-page\" data-elementor-id=\"4007\" class=\"elementor elementor-4007 elementor-3974\" data-elementor-post-type=\"page\">\n\t\t\t\t<div class=\"elementor-element elementor-element-4f55a33 e-flex e-con-boxed e-con e-parent\" data-id=\"4f55a33\" data-element_type=\"container\">\n\t\t\t\t\t<div class=\"e-con-inner\">\n\t\t<div class=\"elementor-element elementor-element-5731663 e-flex e-con-boxed e-con e-child\" data-id=\"5731663\" data-element_type=\"container\" data-settings=\"{&quot;background_background&quot;:&quot;classic&quot;}\">\n\t\t\t\t\t<div class=\"e-con-inner\">\n\t\t\t\t<div class=\"elementor-element elementor-element-ebda14d elementor-widget elementor-widget-heading\" data-id=\"ebda14d\" data-element_type=\"widget\" data-widget_type=\"heading.default\">\n\t\t\t\t<div class=\"elementor-widget-container\">\n\t\t\t\t\t<h1 class=\"elementor-heading-title elementor-size-default\">  SUP seiklus Lilaste'is<\/h1>\t\t\t\t<\/div>\n\t\t\t\t<\/div>\n\t\t\t\t\t<\/div>\n\t\t\t\t<\/div>\n\t\t\t\t\t<\/div>\n\t\t\t\t<\/div>\n\t\t<div class=\"elementor-element elementor-element-86bdd21 e-flex e-con-boxed e-con e-parent\" data-id=\"86bdd21\" data-element_type=\"container\">\n\t\t\t\t\t<div class=\"e-con-inner\">\n\t\t\t\t<div class=\"elementor-element elementor-element-3f88dc8 elementor-widget elementor-widget-heading\" data-id=\"3f88dc8\" data-element_type=\"widget\" data-widget_type=\"heading.default\">\n\t\t\t\t<div class=\"elementor-widget-container\">\n\t\t\t\t\t<h2 class=\"elementor-heading-title elementor-size-default\">  SUP seiklus Lilaste's - j\u00e4rvest mereni<\/h2>\t\t\t\t<\/div>\n\t\t\t\t<\/div>\n\t\t\t\t<div class=\"elementor-element elementor-element-afc1a79 elementor-widget elementor-widget-text-editor\" data-id=\"afc1a79\" data-element_type=\"widget\" data-widget_type=\"text-editor.default\">\n\t\t\t\t<div class=\"elementor-widget-container\">\n\t\t\t\t\t\t\t\t\t<p>Naudi maalilist ja rahulikku 2-tunnist SUP-s\u00f5itu maalilisel Lilaste kanalil, mis \u00fchendab Lilaste j\u00e4rve L\u00e4\u00e4nemerega. See marsruut sobib ideaalselt nii algajatele kui ka kogenud SUPi s\u00f5itjatele &#8211; selle rahulik vesi ja loodusl\u00e4hedus pakuvad unustamatut l\u00f5\u00f5gastust. <\/p>\t\t\t\t\t\t\t\t<\/div>\n\t\t\t\t<\/div>\n\t\t\t\t\t<\/div>\n\t\t\t\t<\/div>\n\t\t<div class=\"elementor-element elementor-element-4cd76b9 e-flex e-con-boxed e-con e-parent\" data-id=\"4cd76b9\" data-element_type=\"container\">\n\t\t\t\t\t<div class=\"e-con-inner\">\n\t\t<div class=\"elementor-element elementor-element-b04e083 e-con-full e-flex e-con e-child\" data-id=\"b04e083\" data-element_type=\"container\" data-settings=\"{&quot;background_background&quot;:&quot;classic&quot;}\">\n\t\t<div class=\"elementor-element elementor-element-326fc01 e-con-full e-flex e-con e-child\" data-id=\"326fc01\" data-element_type=\"container\">\n\t\t\t\t<div class=\"elementor-element elementor-element-7f6d29b elementor-widget elementor-widget-text-editor\" data-id=\"7f6d29b\" data-element_type=\"widget\" data-widget_type=\"text-editor.default\">\n\t\t\t\t<div class=\"elementor-widget-container\">\n\t\t\t\t\t\t\t\t\t<p><strong>Marsruudi kirjeldus:<\/strong><br>&#8211; Algus Lilaste j\u00e4rve kaldal, Porto Resort<br>&#8211; Padranda m\u00f6\u00f6da looklevat ja looduslikku kanalit<br>&#8211; M\u00f6\u00f6da Lilaste silda ja edasi p\u00f5hja suunas<br>&#8211; Sihtpunkt: Lilaste j\u00f5e suudmeala ja lai merevaade.<br><br><\/p><p>See marsruut pakub ainulaadset v\u00f5imalust \u00fchendada veespordialane tegevus looduse nautimisega &#8211; kevadel ja suvel \u00fcmbritsevad teid rohelised metsad, p\u00f5\u00f5sastik ja linnulaul.<br><br><\/p><p>Sobib s\u00f5pruskondadele, peredele ja l\u00f5\u00f5gastumise austajatele.<\/p>\t\t\t\t\t\t\t\t<\/div>\n\t\t\t\t<\/div>\n\t\t\t\t<\/div>\n\t\t<div class=\"elementor-element elementor-element-3eca772 e-con-full e-flex e-con e-child\" data-id=\"3eca772\" data-element_type=\"container\" data-settings=\"{&quot;background_background&quot;:&quot;classic&quot;}\">\n\t\t\t\t<\/div>\n\t\t\t\t<\/div>\n\t\t\t\t\t<\/div>\n\t\t\t\t<\/div>\n\t\t<div class=\"elementor-element elementor-element-fa104ef e-flex e-con-boxed e-con e-parent\" data-id=\"fa104ef\" data-element_type=\"container\">\n\t\t\t\t\t<div class=\"e-con-inner\">\n\t\t<div class=\"elementor-element elementor-element-9817654 e-con-full e-flex e-con e-child\" data-id=\"9817654\" data-element_type=\"container\" data-settings=\"{&quot;background_background&quot;:&quot;classic&quot;}\">\n\t\t<div class=\"elementor-element elementor-element-f578965 e-con-full e-flex e-con e-child\" data-id=\"f578965\" data-element_type=\"container\" data-settings=\"{&quot;background_background&quot;:&quot;classic&quot;}\">\n\t\t\t\t<\/div>\n\t\t<div class=\"elementor-element elementor-element-6b00b8d e-con-full e-flex e-con e-child\" data-id=\"6b00b8d\" data-element_type=\"container\" data-settings=\"{&quot;background_background&quot;:&quot;classic&quot;}\">\n\t\t\t\t<\/div>\n\t\t\t\t<\/div>\n\t\t\t\t\t<\/div>\n\t\t\t\t<\/div>\n\t\t<div class=\"elementor-element elementor-element-1d17cd9 e-flex e-con-boxed e-con e-parent\" data-id=\"1d17cd9\" data-element_type=\"container\">\n\t\t\t\t\t<div class=\"e-con-inner\">\n\t\t<div class=\"elementor-element elementor-element-6d64714 e-con-full e-flex e-con e-child\" data-id=\"6d64714\" data-element_type=\"container\" data-settings=\"{&quot;background_background&quot;:&quot;classic&quot;}\">\n\t\t<div class=\"elementor-element elementor-element-29645d1 e-con-full e-flex e-con e-child\" data-id=\"29645d1\" data-element_type=\"container\">\n\t\t\t\t<div class=\"elementor-element elementor-element-5c50aa3 elementor-widget elementor-widget-text-editor\" data-id=\"5c50aa3\" data-element_type=\"widget\" data-widget_type=\"text-editor.default\">\n\t\t\t\t<div class=\"elementor-widget-container\">\n\t\t\t\t\t\t\t\t\t<p><strong>HINNAD:<br><br><\/strong><\/p><p>SUP RENTIMINE:<br>1 tund &#8211; 8.00 \u20ac<br>2 tundi &#8211; 15.00 \u20ac<br>3 tundi &#8211; 20.00 \u20ac<br>P\u00e4ev &#8211; 35.00 \u20ac<br><br><\/p><p>Juhendaja ja lisainfo &#8211; GITA +371 25120304<\/p>\t\t\t\t\t\t\t\t<\/div>\n\t\t\t\t<\/div>\n\t\t\t\t<\/div>\n\t\t<div class=\"elementor-element elementor-element-bf1104c e-con-full e-flex e-con e-child\" data-id=\"bf1104c\" data-element_type=\"container\" data-settings=\"{&quot;background_background&quot;:&quot;classic&quot;}\">\n\t\t\t\t<\/div>\n\t\t\t\t<\/div>\n\t\t\t\t\t<\/div>\n\t\t\t\t<\/div>\n\t\t\t\t<\/div>\n\t\t","protected":false},"excerpt":{"rendered":"<p>SUP seiklus Lilaste&#8217;is SUP seiklus Lilaste&#8217;s &#8211; j\u00e4rvest mereni Naudi maalilist ja rahulikku 2-tunnist SUP-s\u00f5itu maalilisel Lilaste kanalil, mis \u00fchendab Lilaste j\u00e4rve L\u00e4\u00e4nemerega. See marsruut sobib ideaalselt nii algajatele kui ka kogenud SUPi s\u00f5itjatele &#8211; selle rahulik vesi ja loodusl\u00e4hedus pakuvad unustamatut l\u00f5\u00f5gastust. Marsruudi kirjeldus:&#8211; Algus Lilaste j\u00e4rve kaldal, Porto Resort&#8211; Padranda m\u00f6\u00f6da looklevat ja [&hellip;]<\/p>\n","protected":false},"author":1,"featured_media":0,"parent":2322,"menu_order":0,"comment_status":"closed","ping_status":"closed","template":"","meta":{"footnotes":""},"class_list":["post-4007","page","type-page","status-publish","hentry"],"_links":{"self":[{"href":"https:\/\/portoresort.lv\/et\/wp-json\/wp\/v2\/pages\/4007","targetHints":{"allow":["GET"]}}],"collection":[{"href":"https:\/\/portoresort.lv\/et\/wp-json\/wp\/v2\/pages"}],"about":[{"href":"https:\/\/portoresort.lv\/et\/wp-json\/wp\/v2\/types\/page"}],"author":[{"embeddable":true,"href":"https:\/\/portoresort.lv\/et\/wp-json\/wp\/v2\/users\/1"}],"replies":[{"embeddable":true,"href":"https:\/\/portoresort.lv\/et\/wp-json\/wp\/v2\/comments?post=4007"}],"version-history":[{"count":3,"href":"https:\/\/portoresort.lv\/et\/wp-json\/wp\/v2\/pages\/4007\/revisions"}],"predecessor-version":[{"id":4324,"href":"https:\/\/portoresort.lv\/et\/wp-json\/wp\/v2\/pages\/4007\/revisions\/4324"}],"up":[{"embeddable":true,"href":"https:\/\/portoresort.lv\/et\/wp-json\/wp\/v2\/pages\/2322"}],"wp:attachment":[{"href":"https:\/\/portoresort.lv\/et\/wp-json\/wp\/v2\/media?parent=4007"}],"curies":[{"name":"wp","href":"https:\/\/api.w.org\/{rel}","templated":true}]}}