{"id":4212,"date":"2025-06-10T08:24:22","date_gmt":"2025-06-10T08:24:22","guid":{"rendered":"https:\/\/portoresort.lv\/vaba-aeg\/piknikualad\/"},"modified":"2025-06-10T08:39:14","modified_gmt":"2025-06-10T08:39:14","slug":"piknikualad","status":"publish","type":"page","link":"https:\/\/portoresort.lv\/et\/vaba-aeg\/piknikualad\/","title":{"rendered":"Piknikualad"},"content":{"rendered":"\t\t<div data-elementor-type=\"wp-page\" data-elementor-id=\"4212\" class=\"elementor elementor-4212 elementor-4178\" data-elementor-post-type=\"page\">\n\t\t\t\t<div class=\"elementor-element elementor-element-8dfd794 e-flex e-con-boxed e-con e-parent\" data-id=\"8dfd794\" data-element_type=\"container\">\n\t\t\t\t\t<div class=\"e-con-inner\">\n\t\t<div class=\"elementor-element elementor-element-8d1b489 e-flex e-con-boxed e-con e-child\" data-id=\"8d1b489\" data-element_type=\"container\" data-settings=\"{&quot;background_background&quot;:&quot;classic&quot;}\">\n\t\t\t\t\t<div class=\"e-con-inner\">\n\t\t\t\t<div class=\"elementor-element elementor-element-5c5d426 elementor-widget elementor-widget-heading\" data-id=\"5c5d426\" data-element_type=\"widget\" data-widget_type=\"heading.default\">\n\t\t\t\t<div class=\"elementor-widget-container\">\n\t\t\t\t\t<h1 class=\"elementor-heading-title elementor-size-default\">Piknikualad<\/h1>\t\t\t\t<\/div>\n\t\t\t\t<\/div>\n\t\t\t\t\t<\/div>\n\t\t\t\t<\/div>\n\t\t\t\t\t<\/div>\n\t\t\t\t<\/div>\n\t\t<div class=\"elementor-element elementor-element-06593fb e-flex e-con-boxed e-con e-parent\" data-id=\"06593fb\" data-element_type=\"container\">\n\t\t\t\t\t<div class=\"e-con-inner\">\n\t\t<div class=\"elementor-element elementor-element-98aae00 e-flex e-con-boxed e-con e-child\" data-id=\"98aae00\" data-element_type=\"container\">\n\t\t\t\t\t<div class=\"e-con-inner\">\n\t\t<div class=\"elementor-element elementor-element-65a6e12 e-flex e-con-boxed e-con e-child\" data-id=\"65a6e12\" data-element_type=\"container\" data-settings=\"{&quot;background_background&quot;:&quot;classic&quot;}\">\n\t\t\t\t\t<div class=\"e-con-inner\">\n\t\t<div class=\"elementor-element elementor-element-d048e05 e-flex e-con-boxed e-con e-child\" data-id=\"d048e05\" data-element_type=\"container\" data-settings=\"{&quot;background_background&quot;:&quot;classic&quot;}\">\n\t\t\t\t\t<div class=\"e-con-inner\">\n\t\t\t\t\t<\/div>\n\t\t\t\t<\/div>\n\t\t<div class=\"elementor-element elementor-element-3915d80 e-flex e-con-boxed e-con e-child\" data-id=\"3915d80\" data-element_type=\"container\">\n\t\t\t\t\t<div class=\"e-con-inner\">\n\t\t\t\t<div class=\"elementor-element elementor-element-d8583be elementor-widget elementor-widget-text-editor\" data-id=\"d8583be\" data-element_type=\"widget\" data-widget_type=\"text-editor.default\">\n\t\t\t\t<div class=\"elementor-widget-container\">\n\t\t\t\t\t\t\t\t\t<p style=\"text-align: left;\">Kutsume teid veetma aega v\u00f5i t\u00e4histama erilisi hetki meie piknikukohtades Lilaste j\u00e4rve \u00e4\u00e4res &#8211; ideaalne koht peredele ja s\u00f5pradele!<br><br>HINNAD:<br>&#8211; Piknikuplats kuni 10 inimesele &#8211; ainult 35 \u20ac kuni 10:00. 22:00. Ideaalne koht rahulikuks l\u00f5\u00f5gastumiseks looduses, kus on v\u00f5imalus nautida v\u00e4rsket \u00f5hku ja j\u00e4rve l\u00e4hedust.<br>&#8211; Piknikuplats koos grilli, s\u00f6e ja tikudega kuni 10 inimesele &#8211; ainult 50 \u20ac kuni 10:00. 22:00. K\u00f5ik, mida vajate maitsvaks grillimiseikluseks, on juba valmis!<br><br>Porto Resort t\u00e4hendab:<br>&#8211; Ilus ja hoolitsetud keskkond,<br>&#8211; Mugavad lauad ja pingid,<br>&#8211; Palju ruumi lastele ja t\u00e4iskasvanutele,<br>&#8211; V\u00f5imalus tellida Gruusia traditsioonide j\u00e4rgi valmistatud kana\u0161l\u00f5kki 12Eur\/1kg, sealiha\u0161l\u00f5kki 13Eur\/1kg<br>&#8211; V\u00f5ta kaasa, valmista ise ja naudi t\u00f5elist Gruusia maitset!<br><br>Broneerige oma piknik juba t\u00e4na ja nautige suve Porto Resortis!<br>Broneerimine: +371 22722258 \/ info@portoresort.lv<\/p>\t\t\t\t\t\t\t\t<\/div>\n\t\t\t\t<\/div>\n\t\t\t\t\t<\/div>\n\t\t\t\t<\/div>\n\t\t\t\t\t<\/div>\n\t\t\t\t<\/div>\n\t\t\t\t\t<\/div>\n\t\t\t\t<\/div>\n\t\t\t\t\t<\/div>\n\t\t\t\t<\/div>\n\t\t\t\t<\/div>\n\t\t","protected":false},"excerpt":{"rendered":"<p>Piknikualad Kutsume teid veetma aega v\u00f5i t\u00e4histama erilisi hetki meie piknikukohtades Lilaste j\u00e4rve \u00e4\u00e4res &#8211; ideaalne koht peredele ja s\u00f5pradele! HINNAD:&#8211; Piknikuplats kuni 10 inimesele &#8211; ainult 35 \u20ac kuni 10:00. 22:00. Ideaalne koht rahulikuks l\u00f5\u00f5gastumiseks looduses, kus on v\u00f5imalus nautida v\u00e4rsket \u00f5hku ja j\u00e4rve l\u00e4hedust.&#8211; Piknikuplats koos grilli, s\u00f6e ja tikudega kuni 10 inimesele [&hellip;]<\/p>\n","protected":false},"author":1,"featured_media":0,"parent":2322,"menu_order":0,"comment_status":"closed","ping_status":"closed","template":"","meta":{"footnotes":""},"class_list":["post-4212","page","type-page","status-publish","hentry"],"_links":{"self":[{"href":"https:\/\/portoresort.lv\/et\/wp-json\/wp\/v2\/pages\/4212","targetHints":{"allow":["GET"]}}],"collection":[{"href":"https:\/\/portoresort.lv\/et\/wp-json\/wp\/v2\/pages"}],"about":[{"href":"https:\/\/portoresort.lv\/et\/wp-json\/wp\/v2\/types\/page"}],"author":[{"embeddable":true,"href":"https:\/\/portoresort.lv\/et\/wp-json\/wp\/v2\/users\/1"}],"replies":[{"embeddable":true,"href":"https:\/\/portoresort.lv\/et\/wp-json\/wp\/v2\/comments?post=4212"}],"version-history":[{"count":1,"href":"https:\/\/portoresort.lv\/et\/wp-json\/wp\/v2\/pages\/4212\/revisions"}],"predecessor-version":[{"id":4213,"href":"https:\/\/portoresort.lv\/et\/wp-json\/wp\/v2\/pages\/4212\/revisions\/4213"}],"up":[{"embeddable":true,"href":"https:\/\/portoresort.lv\/et\/wp-json\/wp\/v2\/pages\/2322"}],"wp:attachment":[{"href":"https:\/\/portoresort.lv\/et\/wp-json\/wp\/v2\/media?parent=4212"}],"curies":[{"name":"wp","href":"https:\/\/api.w.org\/{rel}","templated":true}]}}