{"id":2936,"date":"2024-06-11T10:36:49","date_gmt":"2024-06-11T10:36:49","guid":{"rendered":"https:\/\/portoresort.lv\/patikrinkite\/"},"modified":"2025-01-10T11:32:20","modified_gmt":"2025-01-10T11:32:20","slug":"patikrinkite","status":"publish","type":"page","link":"https:\/\/portoresort.lv\/lt\/patikrinkite\/","title":{"rendered":"Patikrinkite"},"content":{"rendered":"\t\t<div data-elementor-type=\"wp-page\" data-elementor-id=\"2936\" class=\"elementor elementor-2936 elementor-481\" data-elementor-post-type=\"page\">\n\t\t\t\t<div class=\"elementor-element elementor-element-1b2d99c e-flex e-con-boxed e-con e-parent\" data-id=\"1b2d99c\" data-element_type=\"container\">\n\t\t\t\t\t<div class=\"e-con-inner\">\n\t\t<div class=\"elementor-element elementor-element-ffd578f e-flex e-con-boxed e-con e-child\" data-id=\"ffd578f\" data-element_type=\"container\" data-settings=\"{&quot;background_background&quot;:&quot;classic&quot;}\">\n\t\t\t\t\t<div class=\"e-con-inner\">\n\t\t\t\t<div class=\"elementor-element elementor-element-04afe5b elementor-widget elementor-widget-heading\" data-id=\"04afe5b\" data-element_type=\"widget\" data-widget_type=\"heading.default\">\n\t\t\t\t<div class=\"elementor-widget-container\">\n\t\t\t\t\t<h2 class=\"elementor-heading-title elementor-size-default\">Maitinimas<\/h2>\t\t\t\t<\/div>\n\t\t\t\t<\/div>\n\t\t\t\t\t<\/div>\n\t\t\t\t<\/div>\n\t\t\t\t\t<\/div>\n\t\t\t\t<\/div>\n\t\t<div class=\"elementor-element elementor-element-9dd434a e-flex e-con-boxed e-con e-parent\" data-id=\"9dd434a\" data-element_type=\"container\">\n\t\t\t\t\t<div class=\"e-con-inner\">\n\t\t\t\t<div class=\"elementor-element elementor-element-5d81bfb elementor-widget elementor-widget-heading\" data-id=\"5d81bfb\" data-element_type=\"widget\" data-widget_type=\"heading.default\">\n\t\t\t\t<div class=\"elementor-widget-container\">\n\t\t\t\t\t<h2 class=\"elementor-heading-title elementor-size-default\">Sukurkite nepamir\u0161tam\u0173 akimirk\u0173 naudodamiesi m\u016bs\u0173 i\u0161vyk\u0173 paslaugomis!<\/h2>\t\t\t\t<\/div>\n\t\t\t\t<\/div>\n\t\t\t\t<div class=\"elementor-element elementor-element-294ce9c elementor-widget elementor-widget-text-editor\" data-id=\"294ce9c\" data-element_type=\"widget\" data-widget_type=\"text-editor.default\">\n\t\t\t\t<div class=\"elementor-widget-container\">\n\t\t\t\t\t\t\t\t\t<p>&#8222;PORTO RESORT RESTAURANT&#8221; si\u016blo rengini\u0173 organizavimo paslaugas ne vietoje ir teikia gurmani\u0161kus patiekalus bei profesional\u0173 aptarnavim\u0105 bet kurioje pageidaujamoje vietoje.<br \/>\nPlanuojate vestuves, gimtadienio \u0161vent\u0119, \u012fmon\u0117s rengin\u012f ar tiesiog norite pasim\u0117gauti gurmani\u0161kais patiekalais lauke?<br \/>\nMes esame \u010dia, kad j\u016bs\u0173 renginys b\u016bt\u0173 i\u0161ties ypatingas.  <\/p>\n\t\t\t\t\t\t\t\t<\/div>\n\t\t\t\t<\/div>\n\t\t\t\t\t<\/div>\n\t\t\t\t<\/div>\n\t\t<div class=\"elementor-element elementor-element-97e8754 e-flex e-con-boxed e-con e-parent\" data-id=\"97e8754\" data-element_type=\"container\">\n\t\t\t\t\t<div class=\"e-con-inner\">\n\t\t<div class=\"elementor-element elementor-element-8f1c8c6 e-flex e-con-boxed e-con e-child\" data-id=\"8f1c8c6\" data-element_type=\"container\" data-settings=\"{&quot;background_background&quot;:&quot;classic&quot;}\">\n\t\t\t\t\t<div class=\"e-con-inner\">\n\t\t<div class=\"elementor-element elementor-element-54dc8f5 e-flex e-con-boxed e-con e-child\" data-id=\"54dc8f5\" data-element_type=\"container\">\n\t\t\t\t\t<div class=\"e-con-inner\">\n\t\t\t\t<div class=\"elementor-element elementor-element-f555ba3 elementor-widget elementor-widget-heading\" data-id=\"f555ba3\" data-element_type=\"widget\" data-widget_type=\"heading.default\">\n\t\t\t\t<div class=\"elementor-widget-container\">\n\t\t\t\t\t<h2 class=\"elementor-heading-title elementor-size-default\">M\u016bs\u0173 paslaugos<\/h2>\t\t\t\t<\/div>\n\t\t\t\t<\/div>\n\t\t\t\t\t<\/div>\n\t\t\t\t<\/div>\n\t\t<div class=\"elementor-element elementor-element-593a2d9 e-con-full e-flex e-con e-child\" data-id=\"593a2d9\" data-element_type=\"container\">\n\t\t\t\t<div class=\"elementor-element elementor-element-07b7c5d elementor-widget elementor-widget-text-editor\" data-id=\"07b7c5d\" data-element_type=\"widget\" data-widget_type=\"text-editor.default\">\n\t\t\t\t<div class=\"elementor-widget-container\">\n\t\t\t\t\t\t\t\t\t<p><strong>Visas maitinimo paslaugas:<\/strong><\/p>\n<\/p>\n<p>Si\u016blome visas maitinimo paslaugas, \u012fskaitant maisto ruo\u0161im\u0105 vietoje, stalo serviravim\u0105 ir profesional\u0173 aptarnavim\u0105.<br \/>\nJ\u016bs ir j\u016bs\u0173 sve\u010diai gali m\u0117gautis m\u016bs\u0173 sezoniniais patiekalais ir gruzini\u0161ka virtuve bet kurioje jums patogioje vietoje. <\/p>\n<p>Individualus meniu: m\u016bs\u0173 vir\u0117jas kartu su jumis sudarys individual\u0173 meniu, atitinkant\u012f j\u016bs\u0173 pageidavimus ir renginio tem\u0105.<br \/>\nRinkit\u0117s i\u0161 plataus sezonini\u0173 ir gruzini\u0161k\u0173 patiekal\u0173 asortimento, kad sukurtum\u0117te patiekal\u0105, kuris su\u017eav\u0117s j\u016bs\u0173 sve\u010dius. <\/p>\n\t\t\t\t\t\t\t\t<\/div>\n\t\t\t\t<\/div>\n\t\t\t\t<\/div>\n\t\t<div class=\"elementor-element elementor-element-091c6ae e-con-full e-flex e-con e-child\" data-id=\"091c6ae\" data-element_type=\"container\">\n\t\t\t\t<div class=\"elementor-element elementor-element-6ecbffc elementor-widget elementor-widget-text-editor\" data-id=\"6ecbffc\" data-element_type=\"widget\" data-widget_type=\"text-editor.default\">\n\t\t\t\t<div class=\"elementor-widget-container\">\n\t\t\t\t\t\t\t\t\t<p><strong>Unikalios vietos:<\/strong><\/p>\n<p>Si\u016blome i\u0161vykas ne tik prie m\u016bs\u0173 e\u017eero, bet ir \u012f kitas j\u016bs\u0173 pasirinktas vaizdingas vietas. Suteikiame visk\u0105, ko reikia, kad j\u016bs\u0173 renginys b\u016bt\u0173 nesud\u0117tingas ir nepamir\u0161tamas. <\/p>\n<p><strong>Piknik\u0173 vietos ir \u0161iaudin\u0117s pastog\u0117s<\/strong>: jei norite surengti neformal\u0173 rengin\u012f lauke, si\u016blome piknik\u0173 vietas ir \u0161iaudines pastoges prie e\u017eero, kur sukuriama autenti\u0161ka ir atpalaiduojanti atmosfera.<\/p>\n\t\t\t\t\t\t\t\t<\/div>\n\t\t\t\t<\/div>\n\t\t\t\t<\/div>\n\t\t\t\t\t<\/div>\n\t\t\t\t<\/div>\n\t\t\t\t\t<\/div>\n\t\t\t\t<\/div>\n\t\t<div class=\"elementor-element elementor-element-80a214f e-flex e-con-boxed e-con e-parent\" data-id=\"80a214f\" data-element_type=\"container\">\n\t\t\t\t\t<div class=\"e-con-inner\">\n\t\t<div class=\"elementor-element elementor-element-6cbd220 e-con-full e-flex e-con e-child\" data-id=\"6cbd220\" data-element_type=\"container\">\n\t\t\t\t<div class=\"elementor-element elementor-element-e8ba015 elementor-widget elementor-widget-heading\" data-id=\"e8ba015\" data-element_type=\"widget\" data-widget_type=\"heading.default\">\n\t\t\t\t<div class=\"elementor-widget-container\">\n\t\t\t\t\t<h2 class=\"elementor-heading-title elementor-size-default\">Kod\u0117l verta rinktis mus<\/h2>\t\t\t\t<\/div>\n\t\t\t\t<\/div>\n\t\t\t\t<\/div>\n\t\t<div class=\"elementor-element elementor-element-701dfbf e-con-full e-flex e-con e-child\" data-id=\"701dfbf\" data-element_type=\"container\">\n\t\t\t\t<div class=\"elementor-element elementor-element-b632673 elementor-widget elementor-widget-icon-box\" data-id=\"b632673\" data-element_type=\"widget\" data-widget_type=\"icon-box.default\">\n\t\t\t\t<div class=\"elementor-widget-container\">\n\t\t\t\t\t\t\t<div class=\"elementor-icon-box-wrapper\">\n\n\t\t\t\n\t\t\t\t\t\t<div class=\"elementor-icon-box-content\">\n\n\t\t\t\t\t\t\t\t\t<h3 class=\"elementor-icon-box-title\">\n\t\t\t\t\t\t<span  >\n\t\t\t\t\t\t\tProfesional\u0173 komanda\t\t\t\t\t\t<\/span>\n\t\t\t\t\t<\/h3>\n\t\t\t\t\n\t\t\t\t\t\t\t\t\t<p class=\"elementor-icon-box-description\">\n\t\t\t\t\t\tM\u016bs\u0173 patyrusi komanda pasir\u016bpins, kad kiekvienas renginio aspektas b\u016bt\u0173 tobulas - nuo maisto paruo\u0161imo iki stalo serviravimo ir sve\u010di\u0173 aptarnavimo.\t\t\t\t\t<\/p>\n\t\t\t\t\n\t\t\t<\/div>\n\t\t\t\n\t\t<\/div>\n\t\t\t\t\t\t<\/div>\n\t\t\t\t<\/div>\n\t\t\t\t<\/div>\n\t\t<div class=\"elementor-element elementor-element-fdcff56 e-con-full e-flex e-con e-child\" data-id=\"fdcff56\" data-element_type=\"container\">\n\t\t\t\t<div class=\"elementor-element elementor-element-c25467a elementor-widget elementor-widget-icon-box\" data-id=\"c25467a\" data-element_type=\"widget\" data-widget_type=\"icon-box.default\">\n\t\t\t\t<div class=\"elementor-widget-container\">\n\t\t\t\t\t\t\t<div class=\"elementor-icon-box-wrapper\">\n\n\t\t\t\n\t\t\t\t\t\t<div class=\"elementor-icon-box-content\">\n\n\t\t\t\t\t\t\t\t\t<h3 class=\"elementor-icon-box-title\">\n\t\t\t\t\t\t<span  >\n\t\t\t\t\t\t\tPuikus maistas\t\t\t\t\t\t<\/span>\n\t\t\t\t\t<\/h3>\n\t\t\t\t\n\t\t\t\t\t\t\t\t\t<p class=\"elementor-icon-box-description\">\n\t\t\t\t\t\tM\u0117gaukit\u0117s kruop\u0161\u010diai paruo\u0161tais patiekalais, pagamintais i\u0161 \u0161vie\u017ei\u0173 ir kokybi\u0161k\u0173 ingredient\u0173, kad patirtum\u0117te i\u0161skirtin\u012f skon\u012f.\t\t\t\t\t<\/p>\n\t\t\t\t\n\t\t\t<\/div>\n\t\t\t\n\t\t<\/div>\n\t\t\t\t\t\t<\/div>\n\t\t\t\t<\/div>\n\t\t\t\t<\/div>\n\t\t<div class=\"elementor-element elementor-element-8aa7563 e-con-full e-flex e-con e-child\" data-id=\"8aa7563\" data-element_type=\"container\">\n\t\t\t\t<div class=\"elementor-element elementor-element-c81d40e elementor-widget elementor-widget-icon-box\" data-id=\"c81d40e\" data-element_type=\"widget\" data-widget_type=\"icon-box.default\">\n\t\t\t\t<div class=\"elementor-widget-container\">\n\t\t\t\t\t\t\t<div class=\"elementor-icon-box-wrapper\">\n\n\t\t\t\n\t\t\t\t\t\t<div class=\"elementor-icon-box-content\">\n\n\t\t\t\t\t\t\t\t\t<h3 class=\"elementor-icon-box-title\">\n\t\t\t\t\t\t<span  >\n\t\t\t\t\t\t\tLankstumas ir geb\u0117jimas prisitaikyti\t\t\t\t\t\t<\/span>\n\t\t\t\t\t<\/h3>\n\t\t\t\t\n\t\t\t\t\t\t\t\t\t<p class=\"elementor-icon-box-description\">\n\t\t\t\t\t\tPrisitaikome prie j\u016bs\u0173 nor\u0173 ir poreiki\u0173, kad j\u016bs\u0173 renginys b\u016bt\u0173 b\u016btent toks, kok\u012f \u012fsivaizduojate.\t\t\t\t\t<\/p>\n\t\t\t\t\n\t\t\t<\/div>\n\t\t\t\n\t\t<\/div>\n\t\t\t\t\t\t<\/div>\n\t\t\t\t<\/div>\n\t\t\t\t<\/div>\n\t\t<div class=\"elementor-element elementor-element-d73d82b e-con-full e-flex e-con e-child\" data-id=\"d73d82b\" data-element_type=\"container\">\n\t\t\t\t<div class=\"elementor-element elementor-element-4e72ba3 elementor-widget elementor-widget-text-editor\" data-id=\"4e72ba3\" data-element_type=\"widget\" data-widget_type=\"text-editor.default\">\n\t\t\t\t<div class=\"elementor-widget-container\">\n\t\t\t\t\t\t\t\t\t<p>Kad renginys b\u016bt\u0173 gra\u017eus, taip pat si\u016blome dekoracijas, bendradarbiavim\u0105 su rengini\u0173 vadovais, muzikantais ir fotografais.<\/p>\n<p>Be to, did\u017eiuojam\u0117s savo turistiniu amerikieti\u0161ku furgonu, kuris j\u016bs\u0173 renginyje atrodys madingiau nei bet kas kitas.  <\/p>\n\t\t\t\t\t\t\t\t<\/div>\n\t\t\t\t<\/div>\n\t\t\t\t<\/div>\n\t\t\t\t\t<\/div>\n\t\t\t\t<\/div>\n\t\t<div class=\"elementor-element elementor-element-38d320d e-flex e-con-boxed e-con e-parent\" data-id=\"38d320d\" data-element_type=\"container\">\n\t\t\t\t\t<div class=\"e-con-inner\">\n\t\t<div class=\"elementor-element elementor-element-a025edb e-flex e-con-boxed e-con e-child\" data-id=\"a025edb\" data-element_type=\"container\" data-settings=\"{&quot;background_background&quot;:&quot;classic&quot;}\">\n\t\t\t\t\t<div class=\"e-con-inner\">\n\t\t<div class=\"elementor-element elementor-element-4e50a1c e-con-full e-flex e-con e-child\" data-id=\"4e50a1c\" data-element_type=\"container\">\n\t\t\t\t<div class=\"elementor-element elementor-element-cce92d5 elementor-widget elementor-widget-text-editor\" data-id=\"cce92d5\" data-element_type=\"widget\" data-widget_type=\"text-editor.default\">\n\t\t\t\t<div class=\"elementor-widget-container\">\n\t\t\t\t\t\t\t\t\t<p>U\u017esisakykite i\u0161va\u017eiuojam\u0105j\u012f rengin\u012f<\/p>\n\t\t\t\t\t\t\t\t<\/div>\n\t\t\t\t<\/div>\n\t\t\t\t<\/div>\n\t\t<div class=\"elementor-element elementor-element-62406aa e-con-full e-flex e-con e-child\" data-id=\"62406aa\" data-element_type=\"container\">\n\t\t\t\t<div class=\"elementor-element elementor-element-289f576 elementor-widget elementor-widget-text-editor\" data-id=\"289f576\" data-element_type=\"widget\" data-widget_type=\"text-editor.default\">\n\t\t\t\t<div class=\"elementor-widget-container\">\n\t\t\t\t\t\t\t\t\t<p>Susisiekite su mumis +371 27499998 arba ra\u0161ykite mums el. pa\u0161tu<a href=\"mailto:sales@portoresort.lv\">sales@portoresort.lv<\/a>, kad aptartume j\u016bs\u0173 rekolekcij\u0173 detales ir rezervuotume dat\u0105. Mielai pad\u0117sime padaryti j\u016bs\u0173 rengin\u012f nepamir\u0161tam\u0105! <\/p>\n\t\t\t\t\t\t\t\t<\/div>\n\t\t\t\t<\/div>\n\t\t\t\t<\/div>\n\t\t\t\t\t<\/div>\n\t\t\t\t<\/div>\n\t\t\t\t\t<\/div>\n\t\t\t\t<\/div>\n\t\t\t\t<\/div>\n\t\t","protected":false},"excerpt":{"rendered":"<p>Maitinimas Sukurkite nepamir\u0161tam\u0173 akimirk\u0173 naudodamiesi m\u016bs\u0173 i\u0161vyk\u0173 paslaugomis! &#8222;PORTO RESORT RESTAURANT&#8221; si\u016blo rengini\u0173 organizavimo paslaugas ne vietoje ir teikia gurmani\u0161kus patiekalus bei profesional\u0173 aptarnavim\u0105 bet kurioje pageidaujamoje vietoje. Planuojate vestuves, gimtadienio \u0161vent\u0119, \u012fmon\u0117s rengin\u012f ar tiesiog norite pasim\u0117gauti gurmani\u0161kais patiekalais lauke? Mes esame \u010dia, kad j\u016bs\u0173 renginys b\u016bt\u0173 i\u0161ties ypatingas. M\u016bs\u0173 paslaugos Visas maitinimo paslaugas: [&hellip;]<\/p>\n","protected":false},"author":1,"featured_media":0,"parent":0,"menu_order":0,"comment_status":"closed","ping_status":"closed","template":"","meta":{"footnotes":""},"class_list":["post-2936","page","type-page","status-publish","hentry"],"_links":{"self":[{"href":"https:\/\/portoresort.lv\/lt\/wp-json\/wp\/v2\/pages\/2936","targetHints":{"allow":["GET"]}}],"collection":[{"href":"https:\/\/portoresort.lv\/lt\/wp-json\/wp\/v2\/pages"}],"about":[{"href":"https:\/\/portoresort.lv\/lt\/wp-json\/wp\/v2\/types\/page"}],"author":[{"embeddable":true,"href":"https:\/\/portoresort.lv\/lt\/wp-json\/wp\/v2\/users\/1"}],"replies":[{"embeddable":true,"href":"https:\/\/portoresort.lv\/lt\/wp-json\/wp\/v2\/comments?post=2936"}],"version-history":[{"count":1,"href":"https:\/\/portoresort.lv\/lt\/wp-json\/wp\/v2\/pages\/2936\/revisions"}],"predecessor-version":[{"id":2937,"href":"https:\/\/portoresort.lv\/lt\/wp-json\/wp\/v2\/pages\/2936\/revisions\/2937"}],"wp:attachment":[{"href":"https:\/\/portoresort.lv\/lt\/wp-json\/wp\/v2\/media?parent=2936"}],"curies":[{"name":"wp","href":"https:\/\/api.w.org\/{rel}","templated":true}]}}