{"id":2942,"date":"2024-06-18T10:32:04","date_gmt":"2024-06-18T10:32:04","guid":{"rendered":"https:\/\/portoresort.lv\/susisiekite-su\/"},"modified":"2025-01-10T11:34:08","modified_gmt":"2025-01-10T11:34:08","slug":"susisiekite-su","status":"publish","type":"page","link":"https:\/\/portoresort.lv\/lt\/susisiekite-su\/","title":{"rendered":"Susisiekite su"},"content":{"rendered":"\t\t<div data-elementor-type=\"wp-page\" data-elementor-id=\"2942\" class=\"elementor elementor-2942 elementor-505\" data-elementor-post-type=\"page\">\n\t\t\t\t<div class=\"elementor-element elementor-element-e57b1ca e-flex e-con-boxed e-con e-parent\" data-id=\"e57b1ca\" data-element_type=\"container\">\n\t\t\t\t\t<div class=\"e-con-inner\">\n\t\t<div class=\"elementor-element elementor-element-054cdd5 e-flex e-con-boxed e-con e-child\" data-id=\"054cdd5\" data-element_type=\"container\" data-settings=\"{&quot;background_background&quot;:&quot;classic&quot;}\">\n\t\t\t\t\t<div class=\"e-con-inner\">\n\t\t\t\t<div class=\"elementor-element elementor-element-cdd2da4 elementor-widget elementor-widget-heading\" data-id=\"cdd2da4\" data-element_type=\"widget\" data-widget_type=\"heading.default\">\n\t\t\t\t<div class=\"elementor-widget-container\">\n\t\t\t\t\t<h2 class=\"elementor-heading-title elementor-size-default\">Sveiki atvyk\u0119 \u012f PORTO RESORT!<\/h2>\t\t\t\t<\/div>\n\t\t\t\t<\/div>\n\t\t\t\t\t<\/div>\n\t\t\t\t<\/div>\n\t\t\t\t\t<\/div>\n\t\t\t\t<\/div>\n\t\t<div class=\"elementor-element elementor-element-e325a20 e-flex e-con-boxed e-con e-parent\" data-id=\"e325a20\" data-element_type=\"container\">\n\t\t\t\t\t<div class=\"e-con-inner\">\n\t\t<div class=\"elementor-element elementor-element-c6b8ec9 e-flex e-con-boxed e-con e-child\" data-id=\"c6b8ec9\" data-element_type=\"container\">\n\t\t\t\t\t<div class=\"e-con-inner\">\n\t\t<div class=\"elementor-element elementor-element-ddac806 e-flex e-con-boxed e-con e-child\" data-id=\"ddac806\" data-element_type=\"container\" data-settings=\"{&quot;background_background&quot;:&quot;classic&quot;}\">\n\t\t\t\t\t<div class=\"e-con-inner\">\n\t\t<div class=\"elementor-element elementor-element-4d578d1 e-flex e-con-boxed e-con e-child\" data-id=\"4d578d1\" data-element_type=\"container\">\n\t\t\t\t\t<div class=\"e-con-inner\">\n\t\t\t\t<div class=\"elementor-element elementor-element-b61b91c elementor-widget elementor-widget-image\" data-id=\"b61b91c\" data-element_type=\"widget\" data-widget_type=\"image.default\">\n\t\t\t\t<div class=\"elementor-widget-container\">\n\t\t\t\t\t\t\t\t\t\t\t\t\t\t\t<img fetchpriority=\"high\" decoding=\"async\" width=\"699\" height=\"1024\" src=\"https:\/\/portoresort.lv\/wp-content\/uploads\/2024\/04\/map-portoresort-660b49b5c9b27-699x1024.webp\" class=\"attachment-large size-large wp-image-1453\" alt=\"\" srcset=\"https:\/\/portoresort.lv\/wp-content\/uploads\/2024\/04\/map-portoresort-660b49b5c9b27-699x1024.webp 699w, https:\/\/portoresort.lv\/wp-content\/uploads\/2024\/04\/map-portoresort-660b49b5c9b27-205x300.webp 205w, https:\/\/portoresort.lv\/wp-content\/uploads\/2024\/04\/map-portoresort-660b49b5c9b27-768x1125.webp 768w, https:\/\/portoresort.lv\/wp-content\/uploads\/2024\/04\/map-portoresort-660b49b5c9b27.webp 960w\" sizes=\"(max-width: 699px) 100vw, 699px\" \/>\t\t\t\t\t\t\t\t\t\t\t\t\t\t\t<\/div>\n\t\t\t\t<\/div>\n\t\t\t\t\t<\/div>\n\t\t\t\t<\/div>\n\t\t<div class=\"elementor-element elementor-element-2b541c0 e-flex e-con-boxed e-con e-child\" data-id=\"2b541c0\" data-element_type=\"container\">\n\t\t\t\t\t<div class=\"e-con-inner\">\n\t\t\t\t<div class=\"elementor-element elementor-element-31ce09d elementor-widget elementor-widget-text-editor\" data-id=\"31ce09d\" data-element_type=\"widget\" data-widget_type=\"text-editor.default\">\n\t\t\t\t<div class=\"elementor-widget-container\">\n\t\t\t\t\t\t\t\t\t<p>Medz\u0101baki 2, Ada\u017e\u0173 regionas, Lilast\u0117, LV-2163<\/p>\n<p>V<strong>IE\u0160BUTIS<\/strong><br \/>+371 22722258<br \/>info@portoresort.lv<\/p>\n<p>R<strong>ESTORANAS<\/strong><br \/>+371 25455050<br \/>info@portoresort.lv<\/p>\n<p><strong>\u0160VENT\u0116S IR SEMINARAI<\/strong><br \/>+371 27499998<br \/>sales@portoresort.lv<\/p>\n<p><strong>RINKODARA, RENGINIAI IR BENDRADARBIAVIMAS<\/strong><br \/>+371 28606207<br \/>marketing@porthotel.lv<\/p>\n\t\t\t\t\t\t\t\t<\/div>\n\t\t\t\t<\/div>\n\t\t\t\t\t<\/div>\n\t\t\t\t<\/div>\n\t\t\t\t\t<\/div>\n\t\t\t\t<\/div>\n\t\t\t\t\t<\/div>\n\t\t\t\t<\/div>\n\t\t\t\t\t<\/div>\n\t\t\t\t<\/div>\n\t\t\t\t<\/div>\n\t\t","protected":false},"excerpt":{"rendered":"<p>Sveiki atvyk\u0119 \u012f PORTO RESORT! Medz\u0101baki 2, Ada\u017e\u0173 regionas, Lilast\u0117, LV-2163 VIE\u0160BUTIS+371 22722258info@portoresort.lv RESTORANAS+371 25455050info@portoresort.lv \u0160VENT\u0116S IR SEMINARAI+371 27499998sales@portoresort.lv RINKODARA, RENGINIAI IR BENDRADARBIAVIMAS+371 28606207marketing@porthotel.lv<\/p>\n","protected":false},"author":1,"featured_media":0,"parent":0,"menu_order":0,"comment_status":"closed","ping_status":"closed","template":"","meta":{"footnotes":""},"class_list":["post-2942","page","type-page","status-publish","hentry"],"_links":{"self":[{"href":"https:\/\/portoresort.lv\/lt\/wp-json\/wp\/v2\/pages\/2942","targetHints":{"allow":["GET"]}}],"collection":[{"href":"https:\/\/portoresort.lv\/lt\/wp-json\/wp\/v2\/pages"}],"about":[{"href":"https:\/\/portoresort.lv\/lt\/wp-json\/wp\/v2\/types\/page"}],"author":[{"embeddable":true,"href":"https:\/\/portoresort.lv\/lt\/wp-json\/wp\/v2\/users\/1"}],"replies":[{"embeddable":true,"href":"https:\/\/portoresort.lv\/lt\/wp-json\/wp\/v2\/comments?post=2942"}],"version-history":[{"count":1,"href":"https:\/\/portoresort.lv\/lt\/wp-json\/wp\/v2\/pages\/2942\/revisions"}],"predecessor-version":[{"id":2943,"href":"https:\/\/portoresort.lv\/lt\/wp-json\/wp\/v2\/pages\/2942\/revisions\/2943"}],"wp:attachment":[{"href":"https:\/\/portoresort.lv\/lt\/wp-json\/wp\/v2\/media?parent=2942"}],"curies":[{"name":"wp","href":"https:\/\/api.w.org\/{rel}","templated":true}]}}