{"id":2958,"date":"2024-07-01T12:59:11","date_gmt":"2024-07-01T12:59:11","guid":{"rendered":"https:\/\/portoresort.lv\/restoranas\/"},"modified":"2025-01-14T14:31:16","modified_gmt":"2025-01-14T14:31:16","slug":"restoranas","status":"publish","type":"page","link":"https:\/\/portoresort.lv\/lt\/restoranas\/","title":{"rendered":"Restoranas"},"content":{"rendered":"\t\t<div data-elementor-type=\"wp-page\" data-elementor-id=\"2958\" class=\"elementor elementor-2958 elementor-748\" data-elementor-post-type=\"page\">\n\t\t\t\t<div class=\"elementor-element elementor-element-3e69298 e-flex e-con-boxed e-con e-parent\" data-id=\"3e69298\" data-element_type=\"container\">\n\t\t\t\t\t<div class=\"e-con-inner\">\n\t\t<div class=\"elementor-element elementor-element-e04a89c e-flex e-con-boxed e-con e-child\" data-id=\"e04a89c\" data-element_type=\"container\" data-settings=\"{&quot;background_background&quot;:&quot;classic&quot;}\">\n\t\t\t\t\t<div class=\"e-con-inner\">\n\t\t\t\t<div class=\"elementor-element elementor-element-5c8edec elementor-widget elementor-widget-heading\" data-id=\"5c8edec\" data-element_type=\"widget\" data-widget_type=\"heading.default\">\n\t\t\t\t<div class=\"elementor-widget-container\">\n\t\t\t\t\t<h2 class=\"elementor-heading-title elementor-size-default\">Restoranas<\/h2>\t\t\t\t<\/div>\n\t\t\t\t<\/div>\n\t\t\t\t\t<\/div>\n\t\t\t\t<\/div>\n\t\t\t\t\t<\/div>\n\t\t\t\t<\/div>\n\t\t<div class=\"elementor-element elementor-element-e4bbf7a e-flex e-con-boxed e-con e-parent\" data-id=\"e4bbf7a\" data-element_type=\"container\">\n\t\t\t\t\t<div class=\"e-con-inner\">\n\t\t\t\t<div class=\"elementor-element elementor-element-e27a396 elementor-widget elementor-widget-heading\" data-id=\"e27a396\" data-element_type=\"widget\" data-widget_type=\"heading.default\">\n\t\t\t\t<div class=\"elementor-widget-container\">\n\t\t\t\t\t<h2 class=\"elementor-heading-title elementor-size-default\">Atraskite gurmani\u0161k\u0105 nuotyk\u012f Lilast\u0117s e\u017eero pakrant\u0117je!<\/h2>\t\t\t\t<\/div>\n\t\t\t\t<\/div>\n\t\t\t\t<div class=\"elementor-element elementor-element-f2e63e8 elementor-widget elementor-widget-text-editor\" data-id=\"f2e63e8\" data-element_type=\"widget\" data-widget_type=\"text-editor.default\">\n\t\t\t\t<div class=\"elementor-widget-container\">\n\t\t\t\t\t\t\t\t\t<p>&#8222;PORTO RESORT&#8221; &#8211; tai sezoninis restoranas ant vaizdingo Lilast\u0117s e\u017eero kranto.<br \/>\nM\u016bs\u0173 restoranas si\u016blo dvi unikalias erdves: klasikin\u0119 restorano sal\u0119 ir vasaros teras\u0105 su nuostabiu vaizdu \u012f e\u017eer\u0105.<br \/>\nTaip pat \u012freng\u0117me erdvi\u0105 teritorij\u0105 prie pat e\u017eero su piknik\u0173 vietomis ir \u0161iaudin\u0117s pastog\u0117s staliukais, tod\u0117l gal\u0117site m\u0117gautis maistu tiesiog gamtos apsuptyje.  <\/p>\n<p>M\u016bs\u0173 restoranas gars\u0117ja sezoniniu meniu, atspindin\u010diu \u0161efo kulinarines inspiracijas.<br \/>\nLabai did\u017eiuojam\u0117s savo gruzini\u0161ku meniu.<br \/>\nM\u016bs\u0173 grilio namuose \u0161eimininkauja patyr\u0119s gruzin\u0173 virtuv\u0117s \u0161efas, kuris kruop\u0161\u010diai atrenka \u0161vie\u017ei\u0105, kokybi\u0161k\u0105 m\u0117s\u0105 ir specialiai paruo\u0161tas dar\u017eoves, kad gal\u0117tum\u0117te sveikai ir skaniai pavalgyti.  <\/p>\n\t\t\t\t\t\t\t\t<\/div>\n\t\t\t\t<\/div>\n\t\t\t\t\t<\/div>\n\t\t\t\t<\/div>\n\t\t<div class=\"elementor-element elementor-element-902ca41 e-con-full e-flex e-con e-child\" data-id=\"902ca41\" data-element_type=\"container\" data-settings=\"{&quot;background_background&quot;:&quot;classic&quot;}\">\n\t\t<div class=\"elementor-element elementor-element-02c9e9e e-con-full e-flex e-con e-child\" data-id=\"02c9e9e\" data-element_type=\"container\" data-settings=\"{&quot;background_background&quot;:&quot;classic&quot;}\">\n\t\t\t\t<\/div>\n\t\t<div class=\"elementor-element elementor-element-ce8f439 e-con-full e-flex e-con e-child\" data-id=\"ce8f439\" data-element_type=\"container\" data-settings=\"{&quot;background_background&quot;:&quot;classic&quot;}\">\n\t\t\t\t<\/div>\n\t\t<div class=\"elementor-element elementor-element-59439af e-con-full e-flex e-con e-child\" data-id=\"59439af\" data-element_type=\"container\" data-settings=\"{&quot;background_background&quot;:&quot;classic&quot;}\">\n\t\t\t\t<\/div>\n\t\t\t\t<\/div>\n\t\t<div class=\"elementor-element elementor-element-812c85a e-flex e-con-boxed e-con e-parent\" data-id=\"812c85a\" data-element_type=\"container\">\n\t\t\t\t\t<div class=\"e-con-inner\">\n\t\t\t\t<div class=\"elementor-element elementor-element-8f3bc26 elementor-widget elementor-widget-heading\" data-id=\"8f3bc26\" data-element_type=\"widget\" data-widget_type=\"heading.default\">\n\t\t\t\t<div class=\"elementor-widget-container\">\n\t\t\t\t\t<h2 class=\"elementor-heading-title elementor-size-default\">Interjeras<\/h2>\t\t\t\t<\/div>\n\t\t\t\t<\/div>\n\t\t\t\t<div class=\"elementor-element elementor-element-374bcb5 elementor-widget elementor-widget-text-editor\" data-id=\"374bcb5\" data-element_type=\"widget\" data-widget_type=\"text-editor.default\">\n\t\t\t\t<div class=\"elementor-widget-container\">\n\t\t\t\t\t\t\t\t\t<p>M\u016bs\u0173 \u012fmon\u0117s vadybininko sukurtas restorano interjeras dvelkia rafinuota estetika, kuri\u0105 \u012fkv\u0117p\u0117 e\u017eero pakrant\u0117.<br \/>\nKiekvienas erdv\u0117s kampelis sukuria nepakartojam\u0105 atmosfer\u0105 su nuorodomis \u012f sm\u0117lio kopas, bangas ir \u017eydrus vandenis.<br \/>\nM\u0117lyna spalv\u0173 palet\u0117, daili apdaila ir nat\u016bralios med\u017eiagos sukuria ram\u0173 ir eleganti\u0161k\u0105 interjer\u0105, kuriame galite atsipalaiduoti ir m\u0117gautis maistu.  <\/p>\n\t\t\t\t\t\t\t\t<\/div>\n\t\t\t\t<\/div>\n\t\t\t\t\t<\/div>\n\t\t\t\t<\/div>\n\t\t<div class=\"elementor-element elementor-element-16554a5 e-flex e-con-boxed e-con e-parent\" data-id=\"16554a5\" data-element_type=\"container\">\n\t\t\t\t\t<div class=\"e-con-inner\">\n\t\t\t\t<div class=\"elementor-element elementor-element-47f1c90 elementor-widget elementor-widget-heading\" data-id=\"47f1c90\" data-element_type=\"widget\" data-widget_type=\"heading.default\">\n\t\t\t\t<div class=\"elementor-widget-container\">\n\t\t\t\t\t<h2 class=\"elementor-heading-title elementor-size-default\">Meniu<\/h2>\t\t\t\t<\/div>\n\t\t\t\t<\/div>\n\t\t\t\t<div class=\"elementor-element elementor-element-19ffaeb elementor-widget elementor-widget-text-editor\" data-id=\"19ffaeb\" data-element_type=\"widget\" data-widget_type=\"text-editor.default\">\n\t\t\t\t<div class=\"elementor-widget-container\">\n\t\t\t\t\t\t\t\t\t<p>M\u016bs\u0173 virtuv\u0117 si\u016blo plat\u0173 sezonini\u0173 patiekal\u0173 pasirinkim\u0105 ir autenti\u0161k\u0105 gruzini\u0161k\u0105 virtuv\u0119.<br \/>\nVirtuv\u0117s \u0161efas naudoja tik \u0161vie\u017eius ir kokybi\u0161kus ingredientus, kad sukurt\u0173 patiekalus, kurie prad\u017eiugins j\u016bs\u0173 skonio receptorius ir u\u017etikrins sveik\u0105 valgymo patirt\u012f.<br \/>\nI\u0161bandykite ant groteli\u0173 keptus patiekalus, ruo\u0161iamus vietoje i\u0161 specialiai atrinktos m\u0117sos ir dar\u017eovi\u0173.  <\/p>\n\t\t\t\t\t\t\t\t<\/div>\n\t\t\t\t<\/div>\n\t\t\t\t\t<\/div>\n\t\t\t\t<\/div>\n\t\t<div class=\"elementor-element elementor-element-000f8c7 e-con-full e-grid e-con e-child\" data-id=\"000f8c7\" data-element_type=\"container\" data-settings=\"{&quot;background_background&quot;:&quot;classic&quot;}\">\n\t\t<div class=\"elementor-element elementor-element-69988ee e-con-full e-flex e-con e-child\" data-id=\"69988ee\" data-element_type=\"container\" data-settings=\"{&quot;background_background&quot;:&quot;classic&quot;}\">\n\t\t\t\t<\/div>\n\t\t<div class=\"elementor-element elementor-element-55da272 e-con-full e-flex e-con e-child\" data-id=\"55da272\" data-element_type=\"container\" data-settings=\"{&quot;background_background&quot;:&quot;classic&quot;}\">\n\t\t\t\t<\/div>\n\t\t<div class=\"elementor-element elementor-element-36de6ca e-con-full e-flex e-con e-child\" data-id=\"36de6ca\" data-element_type=\"container\" data-settings=\"{&quot;background_background&quot;:&quot;classic&quot;}\">\n\t\t\t\t<\/div>\n\t\t\t\t<\/div>\n\t\t\t\t<\/div>\n\t\t","protected":false},"excerpt":{"rendered":"<p>Restoranas Atraskite gurmani\u0161k\u0105 nuotyk\u012f Lilast\u0117s e\u017eero pakrant\u0117je! &#8222;PORTO RESORT&#8221; &#8211; tai sezoninis restoranas ant vaizdingo Lilast\u0117s e\u017eero kranto. M\u016bs\u0173 restoranas si\u016blo dvi unikalias erdves: klasikin\u0119 restorano sal\u0119 ir vasaros teras\u0105 su nuostabiu vaizdu \u012f e\u017eer\u0105. Taip pat \u012freng\u0117me erdvi\u0105 teritorij\u0105 prie pat e\u017eero su piknik\u0173 vietomis ir \u0161iaudin\u0117s pastog\u0117s staliukais, tod\u0117l gal\u0117site m\u0117gautis maistu tiesiog [&hellip;]<\/p>\n","protected":false},"author":1,"featured_media":0,"parent":0,"menu_order":0,"comment_status":"closed","ping_status":"closed","template":"","meta":{"footnotes":""},"class_list":["post-2958","page","type-page","status-publish","hentry"],"_links":{"self":[{"href":"https:\/\/portoresort.lv\/lt\/wp-json\/wp\/v2\/pages\/2958","targetHints":{"allow":["GET"]}}],"collection":[{"href":"https:\/\/portoresort.lv\/lt\/wp-json\/wp\/v2\/pages"}],"about":[{"href":"https:\/\/portoresort.lv\/lt\/wp-json\/wp\/v2\/types\/page"}],"author":[{"embeddable":true,"href":"https:\/\/portoresort.lv\/lt\/wp-json\/wp\/v2\/users\/1"}],"replies":[{"embeddable":true,"href":"https:\/\/portoresort.lv\/lt\/wp-json\/wp\/v2\/comments?post=2958"}],"version-history":[{"count":1,"href":"https:\/\/portoresort.lv\/lt\/wp-json\/wp\/v2\/pages\/2958\/revisions"}],"predecessor-version":[{"id":2959,"href":"https:\/\/portoresort.lv\/lt\/wp-json\/wp\/v2\/pages\/2958\/revisions\/2959"}],"wp:attachment":[{"href":"https:\/\/portoresort.lv\/lt\/wp-json\/wp\/v2\/media?parent=2958"}],"curies":[{"name":"wp","href":"https:\/\/api.w.org\/{rel}","templated":true}]}}