{"id":2966,"date":"2024-06-03T12:06:29","date_gmt":"2024-06-03T12:06:29","guid":{"rendered":"https:\/\/portoresort.lv\/viesbutis\/"},"modified":"2025-01-10T11:37:13","modified_gmt":"2025-01-10T11:37:13","slug":"viesbutis","status":"publish","type":"page","link":"https:\/\/portoresort.lv\/lt\/viesbutis\/","title":{"rendered":"Vie\u0161butis"},"content":{"rendered":"\t\t<div data-elementor-type=\"wp-page\" data-elementor-id=\"2966\" class=\"elementor elementor-2966 elementor-411\" data-elementor-post-type=\"page\">\n\t\t\t\t<div class=\"elementor-element elementor-element-7869b6e e-flex e-con-boxed e-con e-parent\" data-id=\"7869b6e\" data-element_type=\"container\">\n\t\t\t\t\t<div class=\"e-con-inner\">\n\t\t<div class=\"elementor-element elementor-element-0467ddd e-flex e-con-boxed e-con e-child\" data-id=\"0467ddd\" data-element_type=\"container\" data-settings=\"{&quot;background_background&quot;:&quot;classic&quot;}\">\n\t\t\t\t\t<div class=\"e-con-inner\">\n\t\t\t\t<div class=\"elementor-element elementor-element-d8c896f elementor-widget elementor-widget-heading\" data-id=\"d8c896f\" data-element_type=\"widget\" data-widget_type=\"heading.default\">\n\t\t\t\t<div class=\"elementor-widget-container\">\n\t\t\t\t\t<h2 class=\"elementor-heading-title elementor-size-default\">Sveiki atvyk\u0119 \u012f PORTO RESORT!<\/h2>\t\t\t\t<\/div>\n\t\t\t\t<\/div>\n\t\t\t\t\t<\/div>\n\t\t\t\t<\/div>\n\t\t\t\t\t<\/div>\n\t\t\t\t<\/div>\n\t\t<div class=\"elementor-element elementor-element-c1b462f e-flex e-con-boxed e-con e-parent\" data-id=\"c1b462f\" data-element_type=\"container\">\n\t\t\t\t\t<div class=\"e-con-inner\">\n\t\t\t\t<div class=\"elementor-element elementor-element-b96eab1 elementor-widget elementor-widget-heading\" data-id=\"b96eab1\" data-element_type=\"widget\" data-widget_type=\"heading.default\">\n\t\t\t\t<div class=\"elementor-widget-container\">\n\t\t\t\t\t<h2 class=\"elementor-heading-title elementor-size-default\">Ideali vieta poilsiui ant Lilast\u0117s e\u017eero kranto<\/h2>\t\t\t\t<\/div>\n\t\t\t\t<\/div>\n\t\t\t\t<div class=\"elementor-element elementor-element-c475566 elementor-widget elementor-widget-text-editor\" data-id=\"c475566\" data-element_type=\"widget\" data-widget_type=\"text-editor.default\">\n\t\t\t\t<div class=\"elementor-widget-container\">\n\t\t\t\t\t\t\t\t\t<p>&#8222;PORTO RESORT&#8221; &#8211; tai puikus r\u0105stinis vie\u0161butis su erdvia teritorija, \u012fsik\u016br\u0119s ant Lilast\u0117s e\u017eero kranto.<br \/>\nSi\u016blome 34 jaukius vie\u0161bu\u010dio kambarius ir 14 jauki\u0173 koted\u017e\u0173, idealiai tinkan\u010di\u0173 ramiam \u0161eimos poilsiui ar grupiniams renginiams.<br \/>\nKoted\u017euose yra viskas, ko reikia, kad gal\u0117tum\u0117te m\u0117gautis vie\u0161nage pas mus tiek vasar\u0105, tiek \u017eiem\u0105.  <\/p>\n\t\t\t\t\t\t\t\t<\/div>\n\t\t\t\t<\/div>\n\t\t\t\t\t<\/div>\n\t\t\t\t<\/div>\n\t\t<div class=\"elementor-element elementor-element-735c770 e-flex e-con-boxed e-con e-parent\" data-id=\"735c770\" data-element_type=\"container\">\n\t\t\t\t\t<div class=\"e-con-inner\">\n\t\t<div class=\"elementor-element elementor-element-fbb03b7 e-flex e-con-boxed e-con e-child\" data-id=\"fbb03b7\" data-element_type=\"container\" data-settings=\"{&quot;background_background&quot;:&quot;classic&quot;}\">\n\t\t\t\t\t<div class=\"e-con-inner\">\n\t\t<div class=\"elementor-element elementor-element-9526127 e-flex e-con-boxed e-con e-child\" data-id=\"9526127\" data-element_type=\"container\">\n\t\t\t\t\t<div class=\"e-con-inner\">\n\t\t\t\t<div class=\"elementor-element elementor-element-131afe8 elementor-widget elementor-widget-heading\" data-id=\"131afe8\" data-element_type=\"widget\" data-widget_type=\"heading.default\">\n\t\t\t\t<div class=\"elementor-widget-container\">\n\t\t\t\t\t<h2 class=\"elementor-heading-title elementor-size-default\">Puikus valgomasis ir puik\u016bs vaizdai<\/h2>\t\t\t\t<\/div>\n\t\t\t\t<\/div>\n\t\t\t\t<div class=\"elementor-element elementor-element-549baa6 elementor-widget elementor-widget-text-editor\" data-id=\"549baa6\" data-element_type=\"widget\" data-widget_type=\"text-editor.default\">\n\t\t\t\t<div class=\"elementor-widget-container\">\n\t\t\t\t\t\t\t\t\t<p>Nor\u0117dami pamaloninti savo skonio receptorius, apsilankykite m\u016bs\u0173 restorane su vaizdu \u012f e\u017eer\u0105.<br \/>\nM\u0117gaukit\u0117s neskubriu valgymu m\u016bs\u0173 restorano terasoje prie e\u017eero su \u0161eima arba romanti\u0161komis akimirkomis su antr\u0105ja puse. <\/p>\n\t\t\t\t\t\t\t\t<\/div>\n\t\t\t\t<\/div>\n\t\t\t\t<div class=\"elementor-element elementor-element-f2abc30 elementor-align-justify elementor-widget elementor-widget-button\" data-id=\"f2abc30\" data-element_type=\"widget\" data-widget_type=\"button.default\">\n\t\t\t\t<div class=\"elementor-widget-container\">\n\t\t\t\t\t\t\t\t\t<div class=\"elementor-button-wrapper\">\n\t\t\t\t\t<a class=\"elementor-button elementor-button-link elementor-size-sm\" href=\"https:\/\/portoresort.lv\/lt\/restoranas\/\">\n\t\t\t\t\t\t<span class=\"elementor-button-content-wrapper\">\n\t\t\t\t\t\t<span class=\"elementor-button-icon\">\n\t\t\t\t<svg xmlns=\"http:\/\/www.w3.org\/2000\/svg\" width=\"800px\" height=\"800px\" viewBox=\"0 0 24 24\" fill=\"none\"><path d=\"M7 17L17 7M17 7H8M17 7V16\" stroke=\"#000000\" stroke-width=\"2\" stroke-linecap=\"round\" stroke-linejoin=\"round\"><\/path><\/svg>\t\t\t<\/span>\n\t\t\t\t\t\t\t\t\t<span class=\"elementor-button-text\">Su\u017einokite daugiau<\/span>\n\t\t\t\t\t<\/span>\n\t\t\t\t\t<\/a>\n\t\t\t\t<\/div>\n\t\t\t\t\t\t\t\t<\/div>\n\t\t\t\t<\/div>\n\t\t\t\t\t<\/div>\n\t\t\t\t<\/div>\n\t\t<div class=\"elementor-element elementor-element-60f0704 e-flex e-con-boxed e-con e-child\" data-id=\"60f0704\" data-element_type=\"container\">\n\t\t\t\t\t<div class=\"e-con-inner\">\n\t\t\t\t<div class=\"elementor-element elementor-element-5b5b9bd elementor-widget elementor-widget-image\" data-id=\"5b5b9bd\" data-element_type=\"widget\" data-widget_type=\"image.default\">\n\t\t\t\t<div class=\"elementor-widget-container\">\n\t\t\t\t\t\t\t\t\t\t\t\t\t\t\t<img fetchpriority=\"high\" decoding=\"async\" width=\"1300\" height=\"867\" src=\"https:\/\/portoresort.lv\/wp-content\/uploads\/2024\/06\/dsc-3916-665db705c14d3.webp\" class=\"attachment-full size-full wp-image-1493\" alt=\"\" srcset=\"https:\/\/portoresort.lv\/wp-content\/uploads\/2024\/06\/dsc-3916-665db705c14d3.webp 1300w, https:\/\/portoresort.lv\/wp-content\/uploads\/2024\/06\/dsc-3916-665db705c14d3-300x200.webp 300w, https:\/\/portoresort.lv\/wp-content\/uploads\/2024\/06\/dsc-3916-665db705c14d3-1024x683.webp 1024w, https:\/\/portoresort.lv\/wp-content\/uploads\/2024\/06\/dsc-3916-665db705c14d3-768x512.webp 768w\" sizes=\"(max-width: 1300px) 100vw, 1300px\" \/>\t\t\t\t\t\t\t\t\t\t\t\t\t\t\t<\/div>\n\t\t\t\t<\/div>\n\t\t\t\t\t<\/div>\n\t\t\t\t<\/div>\n\t\t\t\t\t<\/div>\n\t\t\t\t<\/div>\n\t\t\t\t\t<\/div>\n\t\t\t\t<\/div>\n\t\t<div class=\"elementor-element elementor-element-f2392fc e-flex e-con-boxed e-con e-parent\" data-id=\"f2392fc\" data-element_type=\"container\">\n\t\t\t\t\t<div class=\"e-con-inner\">\n\t\t<div class=\"elementor-element elementor-element-ec732c6 e-flex e-con-boxed e-con e-child\" data-id=\"ec732c6\" data-element_type=\"container\" data-settings=\"{&quot;background_background&quot;:&quot;classic&quot;}\">\n\t\t\t\t\t<div class=\"e-con-inner\">\n\t\t<div class=\"elementor-element elementor-element-0366cdf e-flex e-con-boxed e-con e-child\" data-id=\"0366cdf\" data-element_type=\"container\">\n\t\t\t\t\t<div class=\"e-con-inner\">\n\t\t\t\t<div class=\"elementor-element elementor-element-dcb2f56 elementor-widget elementor-widget-heading\" data-id=\"dcb2f56\" data-element_type=\"widget\" data-widget_type=\"heading.default\">\n\t\t\t\t<div class=\"elementor-widget-container\">\n\t\t\t\t\t<h2 class=\"elementor-heading-title elementor-size-default\">Laisvalaikis ir pramogos<\/h2>\t\t\t\t<\/div>\n\t\t\t\t<\/div>\n\t\t\t\t<div class=\"elementor-element elementor-element-dc7121b elementor-widget elementor-widget-text-editor\" data-id=\"dc7121b\" data-element_type=\"widget\" data-widget_type=\"text-editor.default\">\n\t\t\t\t<div class=\"elementor-widget-container\">\n\t\t\t\t\t\t\t\t\t<p>Sauna ir \u0161iltasis baseinas: atsipalaidavimui si\u016blome saun\u0105 su \u0161iltuoju baseinu, kuriame gali ils\u0117tis iki 12 \u017emoni\u0173 ir i\u0161 kurio atsiveria vaizdas \u012f e\u017eer\u0105.<br \/>\nE\u017eero restorane galima u\u017esisakyti u\u017ekand\u017ei\u0173. <\/p>\n\t\t\t\t\t\t\t\t<\/div>\n\t\t\t\t<\/div>\n\t\t\t\t<div class=\"elementor-element elementor-element-89fd325 elementor-align-justify elementor-widget elementor-widget-button\" data-id=\"89fd325\" data-element_type=\"widget\" data-widget_type=\"button.default\">\n\t\t\t\t<div class=\"elementor-widget-container\">\n\t\t\t\t\t\t\t\t\t<div class=\"elementor-button-wrapper\">\n\t\t\t\t\t<a class=\"elementor-button elementor-button-link elementor-size-sm\" href=\"https:\/\/portoresort.lv\/lt\/laisvalaikis\/\">\n\t\t\t\t\t\t<span class=\"elementor-button-content-wrapper\">\n\t\t\t\t\t\t<span class=\"elementor-button-icon\">\n\t\t\t\t<svg xmlns=\"http:\/\/www.w3.org\/2000\/svg\" width=\"800px\" height=\"800px\" viewBox=\"0 0 24 24\" fill=\"none\"><path d=\"M7 17L17 7M17 7H8M17 7V16\" stroke=\"#000000\" stroke-width=\"2\" stroke-linecap=\"round\" stroke-linejoin=\"round\"><\/path><\/svg>\t\t\t<\/span>\n\t\t\t\t\t\t\t\t\t<span class=\"elementor-button-text\">Su\u017einokite daugiau<\/span>\n\t\t\t\t\t<\/span>\n\t\t\t\t\t<\/a>\n\t\t\t\t<\/div>\n\t\t\t\t\t\t\t\t<\/div>\n\t\t\t\t<\/div>\n\t\t\t\t\t<\/div>\n\t\t\t\t<\/div>\n\t\t<div class=\"elementor-element elementor-element-c4adb78 e-flex e-con-boxed e-con e-child\" data-id=\"c4adb78\" data-element_type=\"container\">\n\t\t\t\t\t<div class=\"e-con-inner\">\n\t\t\t\t<div class=\"elementor-element elementor-element-024c09a elementor-widget elementor-widget-image\" data-id=\"024c09a\" data-element_type=\"widget\" data-widget_type=\"image.default\">\n\t\t\t\t<div class=\"elementor-widget-container\">\n\t\t\t\t\t\t\t\t\t\t\t\t\t\t\t<img decoding=\"async\" width=\"1300\" height=\"867\" src=\"https:\/\/portoresort.lv\/wp-content\/uploads\/2024\/06\/dsc-3851-665db78a9212a.webp\" class=\"attachment-full size-full wp-image-1497\" alt=\"\" srcset=\"https:\/\/portoresort.lv\/wp-content\/uploads\/2024\/06\/dsc-3851-665db78a9212a.webp 1300w, https:\/\/portoresort.lv\/wp-content\/uploads\/2024\/06\/dsc-3851-665db78a9212a-300x200.webp 300w, https:\/\/portoresort.lv\/wp-content\/uploads\/2024\/06\/dsc-3851-665db78a9212a-1024x683.webp 1024w, https:\/\/portoresort.lv\/wp-content\/uploads\/2024\/06\/dsc-3851-665db78a9212a-768x512.webp 768w\" sizes=\"(max-width: 1300px) 100vw, 1300px\" \/>\t\t\t\t\t\t\t\t\t\t\t\t\t\t\t<\/div>\n\t\t\t\t<\/div>\n\t\t\t\t\t<\/div>\n\t\t\t\t<\/div>\n\t\t\t\t\t<\/div>\n\t\t\t\t<\/div>\n\t\t\t\t\t<\/div>\n\t\t\t\t<\/div>\n\t\t<div class=\"elementor-element elementor-element-25fb527 e-flex e-con-boxed e-con e-parent\" data-id=\"25fb527\" data-element_type=\"container\">\n\t\t\t\t\t<div class=\"e-con-inner\">\n\t\t<div class=\"elementor-element elementor-element-e608614 e-flex e-con-boxed e-con e-child\" data-id=\"e608614\" data-element_type=\"container\" data-settings=\"{&quot;background_background&quot;:&quot;classic&quot;}\">\n\t\t\t\t\t<div class=\"e-con-inner\">\n\t\t<div class=\"elementor-element elementor-element-77d8a68 e-flex e-con-boxed e-con e-child\" data-id=\"77d8a68\" data-element_type=\"container\">\n\t\t\t\t\t<div class=\"e-con-inner\">\n\t\t\t\t<div class=\"elementor-element elementor-element-f13bb48 elementor-widget elementor-widget-heading\" data-id=\"f13bb48\" data-element_type=\"widget\" data-widget_type=\"heading.default\">\n\t\t\t\t<div class=\"elementor-widget-container\">\n\t\t\t\t\t<h2 class=\"elementor-heading-title elementor-size-default\">Veikla<\/h2>\t\t\t\t<\/div>\n\t\t\t\t<\/div>\n\t\t\t\t<div class=\"elementor-element elementor-element-343e2ed elementor-widget elementor-widget-text-editor\" data-id=\"343e2ed\" data-element_type=\"widget\" data-widget_type=\"text-editor.default\">\n\t\t\t\t<div class=\"elementor-widget-container\">\n\t\t\t\t\t\t\t\t\t<p>Erdvioje teritorijoje yra i\u0161kyl\u0173 vietos, valtys ir SUP lentos. Organizuojame \u012fvairius sportinius \u017eaidimus ir smagius renginius. <\/p>\n\t\t\t\t\t\t\t\t<\/div>\n\t\t\t\t<\/div>\n\t\t\t\t<div class=\"elementor-element elementor-element-042cbe9 elementor-align-justify elementor-widget elementor-widget-button\" data-id=\"042cbe9\" data-element_type=\"widget\" data-widget_type=\"button.default\">\n\t\t\t\t<div class=\"elementor-widget-container\">\n\t\t\t\t\t\t\t\t\t<div class=\"elementor-button-wrapper\">\n\t\t\t\t\t<a class=\"elementor-button elementor-button-link elementor-size-sm\" href=\"https:\/\/portoresort.lv\/lt\/laisvalaikis\/\">\n\t\t\t\t\t\t<span class=\"elementor-button-content-wrapper\">\n\t\t\t\t\t\t<span class=\"elementor-button-icon\">\n\t\t\t\t<svg xmlns=\"http:\/\/www.w3.org\/2000\/svg\" width=\"800px\" height=\"800px\" viewBox=\"0 0 24 24\" fill=\"none\"><path d=\"M7 17L17 7M17 7H8M17 7V16\" stroke=\"#000000\" stroke-width=\"2\" stroke-linecap=\"round\" stroke-linejoin=\"round\"><\/path><\/svg>\t\t\t<\/span>\n\t\t\t\t\t\t\t\t\t<span class=\"elementor-button-text\">Su\u017einokite daugiau<\/span>\n\t\t\t\t\t<\/span>\n\t\t\t\t\t<\/a>\n\t\t\t\t<\/div>\n\t\t\t\t\t\t\t\t<\/div>\n\t\t\t\t<\/div>\n\t\t\t\t\t<\/div>\n\t\t\t\t<\/div>\n\t\t<div class=\"elementor-element elementor-element-83caef2 e-flex e-con-boxed e-con e-child\" data-id=\"83caef2\" data-element_type=\"container\">\n\t\t\t\t\t<div class=\"e-con-inner\">\n\t\t\t\t<div class=\"elementor-element elementor-element-e657d26 elementor-widget elementor-widget-image\" data-id=\"e657d26\" data-element_type=\"widget\" data-widget_type=\"image.default\">\n\t\t\t\t<div class=\"elementor-widget-container\">\n\t\t\t\t\t\t\t\t\t\t\t\t\t\t\t<img decoding=\"async\" width=\"900\" height=\"600\" src=\"https:\/\/portoresort.lv\/wp-content\/uploads\/2024\/04\/atputa-660b362d08283.webp\" class=\"attachment-full size-full wp-image-1445\" alt=\"\" srcset=\"https:\/\/portoresort.lv\/wp-content\/uploads\/2024\/04\/atputa-660b362d08283.webp 900w, https:\/\/portoresort.lv\/wp-content\/uploads\/2024\/04\/atputa-660b362d08283-300x200.webp 300w, https:\/\/portoresort.lv\/wp-content\/uploads\/2024\/04\/atputa-660b362d08283-768x512.webp 768w\" sizes=\"(max-width: 900px) 100vw, 900px\" \/>\t\t\t\t\t\t\t\t\t\t\t\t\t\t\t<\/div>\n\t\t\t\t<\/div>\n\t\t\t\t\t<\/div>\n\t\t\t\t<\/div>\n\t\t\t\t\t<\/div>\n\t\t\t\t<\/div>\n\t\t\t\t\t<\/div>\n\t\t\t\t<\/div>\n\t\t<div class=\"elementor-element elementor-element-1b0f5e9 e-flex e-con-boxed e-con e-parent\" data-id=\"1b0f5e9\" data-element_type=\"container\">\n\t\t\t\t\t<div class=\"e-con-inner\">\n\t\t<div class=\"elementor-element elementor-element-b0b4063 e-flex e-con-boxed e-con e-child\" data-id=\"b0b4063\" data-element_type=\"container\" data-settings=\"{&quot;background_background&quot;:&quot;classic&quot;}\">\n\t\t\t\t\t<div class=\"e-con-inner\">\n\t\t<div class=\"elementor-element elementor-element-ce47be7 e-flex e-con-boxed e-con e-child\" data-id=\"ce47be7\" data-element_type=\"container\">\n\t\t\t\t\t<div class=\"e-con-inner\">\n\t\t\t\t<div class=\"elementor-element elementor-element-3eb34da elementor-widget elementor-widget-heading\" data-id=\"3eb34da\" data-element_type=\"widget\" data-widget_type=\"heading.default\">\n\t\t\t\t<div class=\"elementor-widget-container\">\n\t\t\t\t\t<h2 class=\"elementor-heading-title elementor-size-default\">\u0160ventiniai ir verslo renginiai<\/h2>\t\t\t\t<\/div>\n\t\t\t\t<\/div>\n\t\t\t\t<div class=\"elementor-element elementor-element-b482a62 elementor-widget elementor-widget-text-editor\" data-id=\"b482a62\" data-element_type=\"widget\" data-widget_type=\"text-editor.default\">\n\t\t\t\t<div class=\"elementor-widget-container\">\n\t\t\t\t\t\t\t\t\t<p>&#8222;Porto Resort&#8221; yra puiki vieta \u0161eimai ir draugams, vestuv\u0117ms, \u0161vent\u0117ms, verslui, susitikimams ir seminarams.<\/p>\n\t\t\t\t\t\t\t\t<\/div>\n\t\t\t\t<\/div>\n\t\t\t\t<div class=\"elementor-element elementor-element-b1e2759 elementor-align-justify elementor-widget elementor-widget-button\" data-id=\"b1e2759\" data-element_type=\"widget\" data-widget_type=\"button.default\">\n\t\t\t\t<div class=\"elementor-widget-container\">\n\t\t\t\t\t\t\t\t\t<div class=\"elementor-button-wrapper\">\n\t\t\t\t\t<a class=\"elementor-button elementor-button-link elementor-size-sm\" href=\"https:\/\/portoresort.lv\/lt\/sventes\/\">\n\t\t\t\t\t\t<span class=\"elementor-button-content-wrapper\">\n\t\t\t\t\t\t<span class=\"elementor-button-icon\">\n\t\t\t\t<svg xmlns=\"http:\/\/www.w3.org\/2000\/svg\" width=\"800px\" height=\"800px\" viewBox=\"0 0 24 24\" fill=\"none\"><path d=\"M7 17L17 7M17 7H8M17 7V16\" stroke=\"#000000\" stroke-width=\"2\" stroke-linecap=\"round\" stroke-linejoin=\"round\"><\/path><\/svg>\t\t\t<\/span>\n\t\t\t\t\t\t\t\t\t<span class=\"elementor-button-text\">Su\u017einokite daugiau<\/span>\n\t\t\t\t\t<\/span>\n\t\t\t\t\t<\/a>\n\t\t\t\t<\/div>\n\t\t\t\t\t\t\t\t<\/div>\n\t\t\t\t<\/div>\n\t\t\t\t\t<\/div>\n\t\t\t\t<\/div>\n\t\t<div class=\"elementor-element elementor-element-3796fe5 e-flex e-con-boxed e-con e-child\" data-id=\"3796fe5\" data-element_type=\"container\">\n\t\t\t\t\t<div class=\"e-con-inner\">\n\t\t\t\t<div class=\"elementor-element elementor-element-803102d elementor-widget elementor-widget-image\" data-id=\"803102d\" data-element_type=\"widget\" data-widget_type=\"image.default\">\n\t\t\t\t<div class=\"elementor-widget-container\">\n\t\t\t\t\t\t\t\t\t\t\t\t\t\t\t<img loading=\"lazy\" decoding=\"async\" width=\"2048\" height=\"1365\" src=\"https:\/\/portoresort.lv\/wp-content\/uploads\/2024\/04\/DSC06802.jpg\" class=\"attachment-full size-full wp-image-1441\" alt=\"\" srcset=\"https:\/\/portoresort.lv\/wp-content\/uploads\/2024\/04\/DSC06802.jpg 2048w, https:\/\/portoresort.lv\/wp-content\/uploads\/2024\/04\/DSC06802-300x200.jpg 300w, https:\/\/portoresort.lv\/wp-content\/uploads\/2024\/04\/DSC06802-1024x683.jpg 1024w, https:\/\/portoresort.lv\/wp-content\/uploads\/2024\/04\/DSC06802-768x512.jpg 768w, https:\/\/portoresort.lv\/wp-content\/uploads\/2024\/04\/DSC06802-1536x1024.jpg 1536w\" sizes=\"(max-width: 2048px) 100vw, 2048px\" \/>\t\t\t\t\t\t\t\t\t\t\t\t\t\t\t<\/div>\n\t\t\t\t<\/div>\n\t\t\t\t\t<\/div>\n\t\t\t\t<\/div>\n\t\t\t\t\t<\/div>\n\t\t\t\t<\/div>\n\t\t\t\t\t<\/div>\n\t\t\t\t<\/div>\n\t\t\t\t<\/div>\n\t\t","protected":false},"excerpt":{"rendered":"<p>Sveiki atvyk\u0119 \u012f PORTO RESORT! Ideali vieta poilsiui ant Lilast\u0117s e\u017eero kranto &#8222;PORTO RESORT&#8221; &#8211; tai puikus r\u0105stinis vie\u0161butis su erdvia teritorija, \u012fsik\u016br\u0119s ant Lilast\u0117s e\u017eero kranto. Si\u016blome 34 jaukius vie\u0161bu\u010dio kambarius ir 14 jauki\u0173 koted\u017e\u0173, idealiai tinkan\u010di\u0173 ramiam \u0161eimos poilsiui ar grupiniams renginiams. Koted\u017euose yra viskas, ko reikia, kad gal\u0117tum\u0117te m\u0117gautis vie\u0161nage pas mus [&hellip;]<\/p>\n","protected":false},"author":1,"featured_media":0,"parent":0,"menu_order":0,"comment_status":"closed","ping_status":"closed","template":"","meta":{"footnotes":""},"class_list":["post-2966","page","type-page","status-publish","hentry"],"_links":{"self":[{"href":"https:\/\/portoresort.lv\/lt\/wp-json\/wp\/v2\/pages\/2966","targetHints":{"allow":["GET"]}}],"collection":[{"href":"https:\/\/portoresort.lv\/lt\/wp-json\/wp\/v2\/pages"}],"about":[{"href":"https:\/\/portoresort.lv\/lt\/wp-json\/wp\/v2\/types\/page"}],"author":[{"embeddable":true,"href":"https:\/\/portoresort.lv\/lt\/wp-json\/wp\/v2\/users\/1"}],"replies":[{"embeddable":true,"href":"https:\/\/portoresort.lv\/lt\/wp-json\/wp\/v2\/comments?post=2966"}],"version-history":[{"count":1,"href":"https:\/\/portoresort.lv\/lt\/wp-json\/wp\/v2\/pages\/2966\/revisions"}],"predecessor-version":[{"id":2967,"href":"https:\/\/portoresort.lv\/lt\/wp-json\/wp\/v2\/pages\/2966\/revisions\/2967"}],"wp:attachment":[{"href":"https:\/\/portoresort.lv\/lt\/wp-json\/wp\/v2\/media?parent=2966"}],"curies":[{"name":"wp","href":"https:\/\/api.w.org\/{rel}","templated":true}]}}