{"id":3287,"date":"2025-02-11T23:11:19","date_gmt":"2025-02-11T23:11:19","guid":{"rendered":"https:\/\/portoresort.lv\/imoniu-renginiai\/"},"modified":"2025-02-12T17:43:22","modified_gmt":"2025-02-12T17:43:22","slug":"imoniu-renginiai","status":"publish","type":"page","link":"https:\/\/portoresort.lv\/lt\/imoniu-renginiai\/","title":{"rendered":"\u012eMONI\u0172 RENGINIAI"},"content":{"rendered":"\t\t<div data-elementor-type=\"wp-page\" data-elementor-id=\"3287\" class=\"elementor elementor-3287 elementor-3120\" data-elementor-post-type=\"page\">\n\t\t\t\t<div class=\"elementor-element elementor-element-5bf4abc e-flex e-con-boxed e-con e-parent\" data-id=\"5bf4abc\" data-element_type=\"container\">\n\t\t\t\t\t<div class=\"e-con-inner\">\n\t\t<div class=\"elementor-element elementor-element-a6f4b72 e-flex e-con-boxed e-con e-child\" data-id=\"a6f4b72\" data-element_type=\"container\" data-settings=\"{&quot;background_background&quot;:&quot;classic&quot;}\">\n\t\t\t\t\t<div class=\"e-con-inner\">\n\t\t\t\t<div class=\"elementor-element elementor-element-78d1a67 elementor-widget elementor-widget-heading\" data-id=\"78d1a67\" data-element_type=\"widget\" data-widget_type=\"heading.default\">\n\t\t\t\t<div class=\"elementor-widget-container\">\n\t\t\t\t\t<h2 class=\"elementor-heading-title elementor-size-default\">\u012emoni\u0173 renginiai<\/h2>\t\t\t\t<\/div>\n\t\t\t\t<\/div>\n\t\t\t\t\t<\/div>\n\t\t\t\t<\/div>\n\t\t\t\t\t<\/div>\n\t\t\t\t<\/div>\n\t\t<div class=\"elementor-element elementor-element-6f2008f e-flex e-con-boxed e-con e-parent\" data-id=\"6f2008f\" data-element_type=\"container\">\n\t\t\t\t\t<div class=\"e-con-inner\">\n\t\t\t\t<div class=\"elementor-element elementor-element-377245e elementor-widget elementor-widget-heading\" data-id=\"377245e\" data-element_type=\"widget\" data-widget_type=\"heading.default\">\n\t\t\t\t<div class=\"elementor-widget-container\">\n\t\t\t\t\t<h2 class=\"elementor-heading-title elementor-size-default\"><br> \u012emoni\u0173 renginiai \"Porto Resort\" yra puiki vieta j\u016bs\u0173 \u012fmoni\u0173 renginiams!<\/h2>\t\t\t\t<\/div>\n\t\t\t\t<\/div>\n\t\t\t\t<div class=\"elementor-element elementor-element-4066635 elementor-widget elementor-widget-text-editor\" data-id=\"4066635\" data-element_type=\"widget\" data-widget_type=\"text-editor.default\">\n\t\t\t\t<div class=\"elementor-widget-container\">\n\t\t\t\t\t\t\t\t\t<p>Svarb\u016bs \u012fmon\u0117s gyvenimo momentai &#8211; nuo \u0161ventini\u0173 rengini\u0173 ir seminar\u0173 iki klient\u0173 ir partneri\u0173 pri\u0117mimo &#8211; tur\u0117t\u0173 b\u016bti \u0161ven\u010diami ypatingoje aplinkoje. &#8222;Porto Resort&#8221; si\u016blo daugyb\u0119 galimybi\u0173 organizuoti \u012fmoni\u0173 renginius, sukurti ypating\u0105 atmosfer\u0105 ir suteikti prid\u0117tin\u0119 vert\u0119 kiekvienai progai. <\/p>\n\t\t\t\t\t\t\t\t<\/div>\n\t\t\t\t<\/div>\n\t\t\t\t\t<\/div>\n\t\t\t\t<\/div>\n\t\t<div class=\"elementor-element elementor-element-82c21dd e-con-full e-flex e-con e-child\" data-id=\"82c21dd\" data-element_type=\"container\" data-settings=\"{&quot;background_background&quot;:&quot;classic&quot;}\">\n\t\t<div class=\"elementor-element elementor-element-1832af4 e-con-full e-flex e-con e-child\" data-id=\"1832af4\" data-element_type=\"container\" data-settings=\"{&quot;background_background&quot;:&quot;classic&quot;}\">\n\t\t\t\t<\/div>\n\t\t<div class=\"elementor-element elementor-element-7f9e200 e-con-full e-flex e-con e-child\" data-id=\"7f9e200\" data-element_type=\"container\" data-settings=\"{&quot;background_background&quot;:&quot;classic&quot;}\">\n\t\t\t\t<\/div>\n\t\t<div class=\"elementor-element elementor-element-c0e30df e-con-full e-flex e-con e-child\" data-id=\"c0e30df\" data-element_type=\"container\" data-settings=\"{&quot;background_background&quot;:&quot;classic&quot;}\">\n\t\t\t\t<\/div>\n\t\t\t\t<\/div>\n\t\t<div class=\"elementor-element elementor-element-4b612dd e-flex e-con-boxed e-con e-parent\" data-id=\"4b612dd\" data-element_type=\"container\">\n\t\t\t\t\t<div class=\"e-con-inner\">\n\t\t\t\t<div class=\"elementor-element elementor-element-88f1160 elementor-widget elementor-widget-heading\" data-id=\"88f1160\" data-element_type=\"widget\" data-widget_type=\"heading.default\">\n\t\t\t\t<div class=\"elementor-widget-container\">\n\t\t\t\t\t<h2 class=\"elementor-heading-title elementor-size-default\">M\u016bs\u0173 patalpos puikiai tinka \u012fvairiems \u012fmoni\u0173 renginiams<\/h2>\t\t\t\t<\/div>\n\t\t\t\t<\/div>\n\t\t\t\t<div class=\"elementor-element elementor-element-6b01194 elementor-widget elementor-widget-text-editor\" data-id=\"6b01194\" data-element_type=\"widget\" data-widget_type=\"text-editor.default\">\n\t\t\t\t<div class=\"elementor-widget-container\">\n\t\t\t\t\t\t\t\t\t<p>E\u017eero sal\u0117je, pal\u0117p\u0117s sal\u0117je, restorane ir observatorijoje galima rengti \u012fvairius renginius:<\/p>\n\t\t\t\t\t\t\t\t<\/div>\n\t\t\t\t<\/div>\n\t\t\t\t\t<\/div>\n\t\t\t\t<\/div>\n\t\t<div class=\"elementor-element elementor-element-daec178 e-flex e-con-boxed e-con e-parent\" data-id=\"daec178\" data-element_type=\"container\">\n\t\t\t\t\t<div class=\"e-con-inner\">\n\t\t<div class=\"elementor-element elementor-element-ff222b3 e-con-full e-flex e-con e-child\" data-id=\"ff222b3\" data-element_type=\"container\">\n\t\t\t\t<div class=\"elementor-element elementor-element-ccfed83 elementor-widget elementor-widget-text-editor\" data-id=\"ccfed83\" data-element_type=\"widget\" data-widget_type=\"text-editor.default\">\n\t\t\t\t<div class=\"elementor-widget-container\">\n\t\t\t\t\t\t\t\t\t<ul>\n<li>Verslo susitikimai, kuriuose darbas derinamas su laisvalaikiu,<\/li>\n<li>Produkt\u0173 pristatymai su technine pagalba,<\/li>\n<li>Kal\u0117d\u0173 vakar\u0117liai, kuriuose galima m\u0117gautis \u0161ventine atmosfera prie apskrit\u0173 stal\u0173,<\/li>\n<li>Vasaros sporto \u017eaidimai prie e\u017eero.<\/li>\n<\/ul>\n\t\t\t\t\t\t\t\t<\/div>\n\t\t\t\t<\/div>\n\t\t\t\t<\/div>\n\t\t<div class=\"elementor-element elementor-element-6063ba2 e-con-full e-flex e-con e-child\" data-id=\"6063ba2\" data-element_type=\"container\">\n\t\t\t\t<div class=\"elementor-element elementor-element-9b53ba7 elementor-widget elementor-widget-text-editor\" data-id=\"9b53ba7\" data-element_type=\"widget\" data-widget_type=\"text-editor.default\">\n\t\t\t\t<div class=\"elementor-widget-container\">\n\t\t\t\t\t\t\t\t\t<p>M\u016bs\u0173 vie\u0161bu\u010dio komplekse si\u016blome daugyb\u0119 apgyvendinimo galimybi\u0173 ir patogiai apgyvendiname iki 200 sve\u010di\u0173 Jei norite surengti nepamir\u0161tam\u0105 rengin\u012f unikalioje ir pritaikomoje aplinkoje, susisiekite su mumis ir mes pad\u0117sime \u012fgyvendinti j\u016bs\u0173 id\u0117jas!<\/p>\n\t\t\t\t\t\t\t\t<\/div>\n\t\t\t\t<\/div>\n\t\t\t\t<\/div>\n\t\t\t\t\t<\/div>\n\t\t\t\t<\/div>\n\t\t<div class=\"elementor-element elementor-element-ebcec37 e-flex e-con-boxed e-con e-parent\" data-id=\"ebcec37\" data-element_type=\"container\">\n\t\t\t\t\t<div class=\"e-con-inner\">\n\t\t\t\t<div class=\"elementor-element elementor-element-f41cbcd elementor-icon-list--layout-inline elementor-align-center elementor-list-item-link-full_width elementor-widget elementor-widget-icon-list\" data-id=\"f41cbcd\" data-element_type=\"widget\" data-widget_type=\"icon-list.default\">\n\t\t\t\t<div class=\"elementor-widget-container\">\n\t\t\t\t\t\t\t<ul class=\"elementor-icon-list-items elementor-inline-items\">\n\t\t\t\t\t\t\t<li class=\"elementor-icon-list-item elementor-inline-item\">\n\t\t\t\t\t\t\t\t\t\t\t<span class=\"elementor-icon-list-icon\">\n\t\t\t\t\t\t\t<svg aria-hidden=\"true\" class=\"e-font-icon-svg e-fas-mobile-alt\" viewBox=\"0 0 320 512\" xmlns=\"http:\/\/www.w3.org\/2000\/svg\"><path d=\"M272 0H48C21.5 0 0 21.5 0 48v416c0 26.5 21.5 48 48 48h224c26.5 0 48-21.5 48-48V48c0-26.5-21.5-48-48-48zM160 480c-17.7 0-32-14.3-32-32s14.3-32 32-32 32 14.3 32 32-14.3 32-32 32zm112-108c0 6.6-5.4 12-12 12H60c-6.6 0-12-5.4-12-12V60c0-6.6 5.4-12 12-12h200c6.6 0 12 5.4 12 12v312z\"><\/path><\/svg>\t\t\t\t\t\t<\/span>\n\t\t\t\t\t\t\t\t\t\t<span class=\"elementor-icon-list-text\">+371 27499998<\/span>\n\t\t\t\t\t\t\t\t\t<\/li>\n\t\t\t\t\t\t\t\t<li class=\"elementor-icon-list-item elementor-inline-item\">\n\t\t\t\t\t\t\t\t\t\t\t<span class=\"elementor-icon-list-icon\">\n\t\t\t\t\t\t\t<svg aria-hidden=\"true\" class=\"e-font-icon-svg e-far-envelope\" viewBox=\"0 0 512 512\" xmlns=\"http:\/\/www.w3.org\/2000\/svg\"><path d=\"M464 64H48C21.49 64 0 85.49 0 112v288c0 26.51 21.49 48 48 48h416c26.51 0 48-21.49 48-48V112c0-26.51-21.49-48-48-48zm0 48v40.805c-22.422 18.259-58.168 46.651-134.587 106.49-16.841 13.247-50.201 45.072-73.413 44.701-23.208.375-56.579-31.459-73.413-44.701C106.18 199.465 70.425 171.067 48 152.805V112h416zM48 400V214.398c22.914 18.251 55.409 43.862 104.938 82.646 21.857 17.205 60.134 55.186 103.062 54.955 42.717.231 80.509-37.199 103.053-54.947 49.528-38.783 82.032-64.401 104.947-82.653V400H48z\"><\/path><\/svg>\t\t\t\t\t\t<\/span>\n\t\t\t\t\t\t\t\t\t\t<span class=\"elementor-icon-list-text\">sale@portoresort.lv<\/span>\n\t\t\t\t\t\t\t\t\t<\/li>\n\t\t\t\t\t\t<\/ul>\n\t\t\t\t\t\t<\/div>\n\t\t\t\t<\/div>\n\t\t\t\t\t<\/div>\n\t\t\t\t<\/div>\n\t\t\t\t<\/div>\n\t\t","protected":false},"excerpt":{"rendered":"<p>\u012emoni\u0173 renginiai \u012emoni\u0173 renginiai &#8222;Porto Resort&#8221; yra puiki vieta j\u016bs\u0173 \u012fmoni\u0173 renginiams! Svarb\u016bs \u012fmon\u0117s gyvenimo momentai &#8211; nuo \u0161ventini\u0173 rengini\u0173 ir seminar\u0173 iki klient\u0173 ir partneri\u0173 pri\u0117mimo &#8211; tur\u0117t\u0173 b\u016bti \u0161ven\u010diami ypatingoje aplinkoje. &#8222;Porto Resort&#8221; si\u016blo daugyb\u0119 galimybi\u0173 organizuoti \u012fmoni\u0173 renginius, sukurti ypating\u0105 atmosfer\u0105 ir suteikti prid\u0117tin\u0119 vert\u0119 kiekvienai progai. M\u016bs\u0173 patalpos puikiai tinka \u012fvairiems [&hellip;]<\/p>\n","protected":false},"author":1,"featured_media":0,"parent":0,"menu_order":0,"comment_status":"closed","ping_status":"closed","template":"","meta":{"footnotes":""},"class_list":["post-3287","page","type-page","status-publish","hentry"],"_links":{"self":[{"href":"https:\/\/portoresort.lv\/lt\/wp-json\/wp\/v2\/pages\/3287","targetHints":{"allow":["GET"]}}],"collection":[{"href":"https:\/\/portoresort.lv\/lt\/wp-json\/wp\/v2\/pages"}],"about":[{"href":"https:\/\/portoresort.lv\/lt\/wp-json\/wp\/v2\/types\/page"}],"author":[{"embeddable":true,"href":"https:\/\/portoresort.lv\/lt\/wp-json\/wp\/v2\/users\/1"}],"replies":[{"embeddable":true,"href":"https:\/\/portoresort.lv\/lt\/wp-json\/wp\/v2\/comments?post=3287"}],"version-history":[{"count":1,"href":"https:\/\/portoresort.lv\/lt\/wp-json\/wp\/v2\/pages\/3287\/revisions"}],"predecessor-version":[{"id":3288,"href":"https:\/\/portoresort.lv\/lt\/wp-json\/wp\/v2\/pages\/3287\/revisions\/3288"}],"wp:attachment":[{"href":"https:\/\/portoresort.lv\/lt\/wp-json\/wp\/v2\/media?parent=3287"}],"curies":[{"name":"wp","href":"https:\/\/api.w.org\/{rel}","templated":true}]}}