{"id":3322,"date":"2025-02-12T02:19:35","date_gmt":"2025-02-12T02:19:35","guid":{"rendered":"https:\/\/portoresort.lv\/sventes-meniu\/"},"modified":"2025-03-11T08:41:24","modified_gmt":"2025-03-11T08:41:24","slug":"sventes-meniu","status":"publish","type":"page","link":"https:\/\/portoresort.lv\/lt\/sventes-meniu\/","title":{"rendered":"\u0160vent\u0117s meniu"},"content":{"rendered":"\t\t<div data-elementor-type=\"wp-page\" data-elementor-id=\"3322\" class=\"elementor elementor-3322 elementor-3195\" data-elementor-post-type=\"page\">\n\t\t\t\t<div class=\"elementor-element elementor-element-318b583 e-flex e-con-boxed e-con e-parent\" data-id=\"318b583\" data-element_type=\"container\">\n\t\t\t\t\t<div class=\"e-con-inner\">\n\t\t<div class=\"elementor-element elementor-element-b5324a3 e-flex e-con-boxed e-con e-child\" data-id=\"b5324a3\" data-element_type=\"container\" data-settings=\"{&quot;background_background&quot;:&quot;classic&quot;}\">\n\t\t\t\t\t<div class=\"e-con-inner\">\n\t\t\t\t<div class=\"elementor-element elementor-element-a0b73bc elementor-widget elementor-widget-heading\" data-id=\"a0b73bc\" data-element_type=\"widget\" data-widget_type=\"heading.default\">\n\t\t\t\t<div class=\"elementor-widget-container\">\n\t\t\t\t\t<h2 class=\"elementor-heading-title elementor-size-default\">Banket\u0173 meniu<\/h2>\t\t\t\t<\/div>\n\t\t\t\t<\/div>\n\t\t\t\t\t<\/div>\n\t\t\t\t<\/div>\n\t\t\t\t\t<\/div>\n\t\t\t\t<\/div>\n\t\t<div class=\"elementor-element elementor-element-0686ade e-flex e-con-boxed e-con e-parent\" data-id=\"0686ade\" data-element_type=\"container\">\n\t\t\t\t\t<div class=\"e-con-inner\">\n\t\t<div class=\"elementor-element elementor-element-f6bbd18 e-con-full e-flex e-con e-child\" data-id=\"f6bbd18\" data-element_type=\"container\" data-settings=\"{&quot;background_background&quot;:&quot;classic&quot;}\">\n\t\t<div class=\"elementor-element elementor-element-4206b9c e-con-full e-flex e-con e-child\" data-id=\"4206b9c\" data-element_type=\"container\" data-settings=\"{&quot;background_background&quot;:&quot;classic&quot;}\">\n\t\t\t\t<div class=\"elementor-element elementor-element-93b0a16 elementor-widget elementor-widget-heading\" data-id=\"93b0a16\" data-element_type=\"widget\" data-widget_type=\"heading.default\">\n\t\t\t\t<div class=\"elementor-widget-container\">\n\t\t\t\t\t<h2 class=\"elementor-heading-title elementor-size-default\">35 \u20ac<\/h2>\t\t\t\t<\/div>\n\t\t\t\t<\/div>\n\t\t\t\t<div class=\"elementor-element elementor-element-484cf55 elementor-widget elementor-widget-text-editor\" data-id=\"484cf55\" data-element_type=\"widget\" data-widget_type=\"text-editor.default\">\n\t\t\t\t<div class=\"elementor-widget-container\">\n\t\t\t\t\t\t\t\t\t<p>Kaina asmeniui<\/p>\n\t\t\t\t\t\t\t\t<\/div>\n\t\t\t\t<\/div>\n\t\t\t\t<\/div>\n\t\t\t\t<div class=\"elementor-element elementor-element-ebcccfb elementor-widget elementor-widget-price-list\" data-id=\"ebcccfb\" data-element_type=\"widget\" data-widget_type=\"price-list.default\">\n\t\t\t\t<div class=\"elementor-widget-container\">\n\t\t\t\t\t\n\t\t<ul class=\"elementor-price-list\">\n\n\t\t\t\t\t\t\t\t\t<li><a class=\"elementor-price-list-item\" href=\"#\">\t\t\t\t\n\t\t\t\t<div class=\"elementor-price-list-text\">\n\t\t\t\t\t\t\t\t\t<div class=\"elementor-price-list-header\">\n\t\t\t\t\t\t\t\t\t\t\t<span class=\"elementor-price-list-title\">\n\t\t\t\t\t\t\tPLOK\u0160T\u0116S\t\t\t\t\t\t<\/span>\n\t\t\t\t\t\t\t\t\t\t\t\t\t\t\t\t\t\t<span class=\"elementor-price-list-separator\"><\/span>\n\t\t\t\t\t\t\t\t\t\t\t\t\t\t\t\t<\/div>\n\t\t\t\t\t\t\t\t\t\t\t\t\t\t\t<p class=\"elementor-price-list-description\">\n\t\t\t\t\t\t\tS\u016bri\u0173 rinkinys su raudon\u0173j\u0173 svog\u016bn\u0173 d\u017eemu, d\u017eiovintais vaisiais ir rie\u0161utais<br>M\u0117sos l\u0117k\u0161t\u0117 su marinuotomis Lombardi paprikomis ir korni\u0161onais<br>\u0160vie\u017ei\u0173 dar\u017eovi\u0173 l\u0117k\u0161t\u0117 su krap\u0173 ir \u010desnak\u0173 pada\u017eu\t\t\t\t\t\t<\/p>\n\t\t\t\t\t\t\t\t<\/div>\n\t\t\t\t<\/a><\/li>\t\t\t\t\t\t\t\t\t\t\t\t<li><a class=\"elementor-price-list-item\" href=\"#\">\t\t\t\t\n\t\t\t\t<div class=\"elementor-price-list-text\">\n\t\t\t\t\t\t\t\t\t<div class=\"elementor-price-list-header\">\n\t\t\t\t\t\t\t\t\t\t\t<span class=\"elementor-price-list-title\">\n\t\t\t\t\t\t\tSALOTOS\t\t\t\t\t\t<\/span>\n\t\t\t\t\t\t\t\t\t\t\t\t\t\t\t\t\t\t<span class=\"elementor-price-list-separator\"><\/span>\n\t\t\t\t\t\t\t\t\t\t\t\t\t\t\t\t<\/div>\n\t\t\t\t\t\t\t\t\t\t\t\t\t\t\t<p class=\"elementor-price-list-description\">\n\t\t\t\t\t\t\tKeptos salotos su Di\u017eono garsty\u010di\u0173 pada\u017eu\n<br>Cezario salotos su kepta vi\u0161tienos kr\u016btin\u0117le, brandintu kietuoju s\u016briu ir duonos skrebu\u010diais\n<br>Tuno sluoksnio salotos<br>\u0160vie\u017ei\u0173 lap\u0173 salotos su Mozzarella s\u016briu ir bazilik\u0173 pesto pada\u017eu\t\t\t\t\t\t<\/p>\n\t\t\t\t\t\t\t\t<\/div>\n\t\t\t\t<\/a><\/li>\t\t\t\t\t\t\t\t\t\t\t\t<li><a class=\"elementor-price-list-item\" href=\"#\">\t\t\t\t\n\t\t\t\t<div class=\"elementor-price-list-text\">\n\t\t\t\t\t\t\t\t\t<div class=\"elementor-price-list-header\">\n\t\t\t\t\t\t\t\t\t\t\t<span class=\"elementor-price-list-title\">\n\t\t\t\t\t\t\tKAR\u0160TI PATIEKALAI**\t\t\t\t\t\t<\/span>\n\t\t\t\t\t\t\t\t\t\t\t\t\t\t\t\t\t\t<span class=\"elementor-price-list-separator\"><\/span>\n\t\t\t\t\t\t\t\t\t\t\t\t\t\t\t\t<\/div>\n\t\t\t\t\t\t\t\t\t\t\t\t\t\t\t<p class=\"elementor-price-list-description\">\n\t\t\t\t\t\t\tVi\u0161tienos kr\u016btin\u0117l\u0117, \u012fdaryta \u0161pinat\u0173 ir \u010desnakinio \u0161vie\u017eio s\u016brio kremu<br>Kiaulienos kepsnys su kreminiu kepsni\u0173 pada\u017eu<br>Garuose virtos dar\u017eov\u0117s<br>Keptos bulv\u0117s su rozmarinu svieste\t\t\t\t\t\t<\/p>\n\t\t\t\t\t\t\t\t<\/div>\n\t\t\t\t<\/a><\/li>\t\t\t\t\t\t\t\t\t\t\t\t<li><a class=\"elementor-price-list-item\" href=\"#\">\t\t\t\t\n\t\t\t\t<div class=\"elementor-price-list-text\">\n\t\t\t\t\t\t\t\t\t<div class=\"elementor-price-list-header\">\n\t\t\t\t\t\t\t\t\t\t\t<span class=\"elementor-price-list-title\">\n\t\t\t\t\t\t\tDESERTAI\t\t\t\t\t\t<\/span>\n\t\t\t\t\t\t\t\t\t\t\t\t\t\t\t\t\t\t<span class=\"elementor-price-list-separator\"><\/span>\n\t\t\t\t\t\t\t\t\t\t\t\t\t\t\t\t<\/div>\n\t\t\t\t\t\t\t\t\t\t\t\t\t\t\t<p class=\"elementor-price-list-description\">\n\t\t\t\t\t\t\tSezonini\u0173 vaisi\u0173 pasirinkimas\t\t\t\t\t\t<\/p>\n\t\t\t\t\t\t\t\t<\/div>\n\t\t\t\t<\/a><\/li>\t\t\t\t\t\t\t\t\t\t\t\t<li><a class=\"elementor-price-list-item\" href=\"#\">\t\t\t\t\n\t\t\t\t<div class=\"elementor-price-list-text\">\n\t\t\t\t\t\t\t\t\t<div class=\"elementor-price-list-header\">\n\t\t\t\t\t\t\t\t\t\t\t<span class=\"elementor-price-list-title\">\n\t\t\t\t\t\t\tVAIK\u0172\t\t\t\t\t\t<\/span>\n\t\t\t\t\t\t\t\t\t\t\t\t\t\t\t\t\t\t<span class=\"elementor-price-list-separator\"><\/span>\n\t\t\t\t\t\t\t\t\t\t\t\t\t\t\t\t<\/div>\n\t\t\t\t\t\t\t\t\t\t\t\t\t\t\t<p class=\"elementor-price-list-description\">\n\t\t\t\t\t\t\tCitrusinis vanduo<br>Spanguoli\u0173 g\u0117rimas<br>Kava, arbata\t\t\t\t\t\t<\/p>\n\t\t\t\t\t\t\t\t<\/div>\n\t\t\t\t<\/a><\/li>\t\t\t\t\t\n\t\t<\/ul>\n\n\t\t\t\t\t\t<\/div>\n\t\t\t\t<\/div>\n\t\t\t\t<\/div>\n\t\t<div class=\"elementor-element elementor-element-917a7af e-con-full e-flex e-con e-child\" data-id=\"917a7af\" data-element_type=\"container\" data-settings=\"{&quot;background_background&quot;:&quot;classic&quot;}\">\n\t\t<div class=\"elementor-element elementor-element-c93719d e-con-full e-flex e-con e-child\" data-id=\"c93719d\" data-element_type=\"container\" data-settings=\"{&quot;background_background&quot;:&quot;classic&quot;}\">\n\t\t\t\t<div class=\"elementor-element elementor-element-b343832 elementor-widget elementor-widget-heading\" data-id=\"b343832\" data-element_type=\"widget\" data-widget_type=\"heading.default\">\n\t\t\t\t<div class=\"elementor-widget-container\">\n\t\t\t\t\t<h2 class=\"elementor-heading-title elementor-size-default\">45 \u20ac<\/h2>\t\t\t\t<\/div>\n\t\t\t\t<\/div>\n\t\t\t\t<div class=\"elementor-element elementor-element-83bbca1 elementor-widget elementor-widget-text-editor\" data-id=\"83bbca1\" data-element_type=\"widget\" data-widget_type=\"text-editor.default\">\n\t\t\t\t<div class=\"elementor-widget-container\">\n\t\t\t\t\t\t\t\t\t<p>Kaina asmeniui<\/p>\n\t\t\t\t\t\t\t\t<\/div>\n\t\t\t\t<\/div>\n\t\t\t\t<\/div>\n\t\t\t\t<div class=\"elementor-element elementor-element-faa6f48 elementor-widget elementor-widget-price-list\" data-id=\"faa6f48\" data-element_type=\"widget\" data-widget_type=\"price-list.default\">\n\t\t\t\t<div class=\"elementor-widget-container\">\n\t\t\t\t\t\n\t\t<ul class=\"elementor-price-list\">\n\n\t\t\t\t\t\t\t\t\t<li><a class=\"elementor-price-list-item\" href=\"#\">\t\t\t\t\n\t\t\t\t<div class=\"elementor-price-list-text\">\n\t\t\t\t\t\t\t\t\t<div class=\"elementor-price-list-header\">\n\t\t\t\t\t\t\t\t\t\t\t<span class=\"elementor-price-list-title\">\n\t\t\t\t\t\t\tINSTRUKCIJA\t\t\t\t\t\t<\/span>\n\t\t\t\t\t\t\t\t\t\t\t\t\t\t\t\t\t\t<span class=\"elementor-price-list-separator\"><\/span>\n\t\t\t\t\t\t\t\t\t\t\t\t\t\t\t\t<\/div>\n\t\t\t\t\t\t\t\t\t\t\t\t\t\t\t<p class=\"elementor-price-list-description\">\n\t\t\t\t\t\t\tBurok\u0117li\u0173 duonos kanap\u0117s su s\u016bdyta la\u0161i\u0161os fil\u0117, citrusini\u0173 vaisi\u0173 kreminiu s\u016briu ir lai\u0161kiniais \u010desnakais<br>\u0160pinat\u0173 pyrago krep\u0161elis su saul\u0117je d\u017eiovint\u0173 pomidor\u0173 kremu ir Prosciutto kumpiu<br>Kanap\u0117s su jautienos kepsniais, krien\u0173 kremu ir raudon\u0173j\u0173 svog\u016bn\u0173 d\u017eemu.\t\t\t\t\t\t<\/p>\n\t\t\t\t\t\t\t\t<\/div>\n\t\t\t\t<\/a><\/li>\t\t\t\t\t\t\t\t\t\t\t\t<li><a class=\"elementor-price-list-item\" href=\"#\">\t\t\t\t\n\t\t\t\t<div class=\"elementor-price-list-text\">\n\t\t\t\t\t\t\t\t\t<div class=\"elementor-price-list-header\">\n\t\t\t\t\t\t\t\t\t\t\t<span class=\"elementor-price-list-title\">\n\t\t\t\t\t\t\tPLOK\u0160T\u0116S\t\t\t\t\t\t<\/span>\n\t\t\t\t\t\t\t\t\t\t\t\t\t\t\t\t\t\t<span class=\"elementor-price-list-separator\"><\/span>\n\t\t\t\t\t\t\t\t\t\t\t\t\t\t\t\t<\/div>\n\t\t\t\t\t\t\t\t\t\t\t\t\t\t\t<p class=\"elementor-price-list-description\">\n\t\t\t\t\t\t\tVyno l\u0117k\u0161t\u0117<br>Kepsni\u0173 salotos su Di\u017eono garsty\u010di\u0173 pada\u017eu<br>Tuno sluoksniuotos salotos<br>Brie s\u016bris, Dor m\u0117lynasis s\u016bris, parmezano kietasis s\u016bris, Prosciutto, Fuet de\u0161rel\u0117s, Chorizo, vynuog\u0117s,\nrie\u0161utai, grisini, fig\u0173 uogien\u0117<br>\u0160vie\u017ei\u0173 dar\u017eovi\u0173 l\u0117k\u0161t\u0117 su krap\u0173 \u010desnakiniu pada\u017eu\t\t\t\t\t\t<\/p>\n\t\t\t\t\t\t\t\t<\/div>\n\t\t\t\t<\/a><\/li>\t\t\t\t\t\t\t\t\t\t\t\t<li><a class=\"elementor-price-list-item\" href=\"#\">\t\t\t\t\n\t\t\t\t<div class=\"elementor-price-list-text\">\n\t\t\t\t\t\t\t\t\t<div class=\"elementor-price-list-header\">\n\t\t\t\t\t\t\t\t\t\t\t<span class=\"elementor-price-list-title\">\n\t\t\t\t\t\t\tSALOTOS\t\t\t\t\t\t<\/span>\n\t\t\t\t\t\t\t\t\t\t\t\t\t\t\t\t\t\t<span class=\"elementor-price-list-separator\"><\/span>\n\t\t\t\t\t\t\t\t\t\t\t\t\t\t\t\t<\/div>\n\t\t\t\t\t\t\t\t\t\t\t\t\t\t\t<p class=\"elementor-price-list-description\">\n\t\t\t\t\t\t\tKeptos salotos su Di\u017eono garsty\u010di\u0173 pada\u017eu<br>Cezario salotos su ant groteli\u0173 kepta vi\u0161tienos kr\u016btin\u0117le, naminiu an\u010diuvi\u0173 pada\u017eu ir brandintu kietuoju s\u016briu<br>\u0160iaur\u0117s j\u016bros kreve\u010di\u0173 salotos su \u0161vie\u017eiais avokadais, aisbergo salotomis ir aromatingu kokteili\u0173 pada\u017eu<br>V\u0117lyvai tro\u0161kintos la\u0161i\u0161os salotos\t\t\t\t\t\t<\/p>\n\t\t\t\t\t\t\t\t<\/div>\n\t\t\t\t<\/a><\/li>\t\t\t\t\t\t\t\t\t\t\t\t<li><a class=\"elementor-price-list-item\" href=\"#\">\t\t\t\t\n\t\t\t\t<div class=\"elementor-price-list-text\">\n\t\t\t\t\t\t\t\t\t<div class=\"elementor-price-list-header\">\n\t\t\t\t\t\t\t\t\t\t\t<span class=\"elementor-price-list-title\">\n\t\t\t\t\t\t\tKAR\u0160TI PATIEKALAI**\t\t\t\t\t\t<\/span>\n\t\t\t\t\t\t\t\t\t\t\t\t\t\t\t\t\t\t<span class=\"elementor-price-list-separator\"><\/span>\n\t\t\t\t\t\t\t\t\t\t\t\t\t\t\t\t<\/div>\n\t\t\t\t\t\t\t\t\t\t\t\t\t\t\t<p class=\"elementor-price-list-description\">\n\t\t\t\t\t\t\tKiaulienos fil\u0117 medalionai \u0161onin\u0117s \u017eiede su \u017eali\u0173j\u0173 pipir\u0173 ir raudonojo vyno pada\u017eu<br>Orkait\u0117je kepta la\u0161i\u0161os fil\u0117 su baltojo vyno ir sald\u017eios grietin\u0117l\u0117s pada\u017eu<br>Ant groteli\u0173 keptos sezonin\u0117s dar\u017eov\u0117s su \u017eolel\u0117mis<br>Naujos bulv\u0117s, keptos svieste<br>Perlini\u0173 mie\u017ei\u0173 grubotto su keptomis \u0161aknimis, sald\u017eia grietin\u0117le ir kietuoju s\u016briu\t\t\t\t\t\t<\/p>\n\t\t\t\t\t\t\t\t<\/div>\n\t\t\t\t<\/a><\/li>\t\t\t\t\t\t\t\t\t\t\t\t<li><a class=\"elementor-price-list-item\" href=\"#\">\t\t\t\t\n\t\t\t\t<div class=\"elementor-price-list-text\">\n\t\t\t\t\t\t\t\t\t<div class=\"elementor-price-list-header\">\n\t\t\t\t\t\t\t\t\t\t\t<span class=\"elementor-price-list-title\">\n\t\t\t\t\t\t\tDESERTAI\t\t\t\t\t\t<\/span>\n\t\t\t\t\t\t\t\t\t\t\t\t\t\t\t\t\t\t<span class=\"elementor-price-list-separator\"><\/span>\n\t\t\t\t\t\t\t\t\t\t\t\t\t\t\t\t<\/div>\n\t\t\t\t\t\t\t\t\t\t\t\t\t\t\t<p class=\"elementor-price-list-description\">\n\t\t\t\t\t\t\tSezonini\u0173 vaisi\u0173 pasirinkimas<br>Vanilin\u0117 Panna Cotta su uog\u0173 pada\u017eu\t\t\t\t\t\t<\/p>\n\t\t\t\t\t\t\t\t<\/div>\n\t\t\t\t<\/a><\/li>\t\t\t\t\t\t\t\t\t\t\t\t<li><a class=\"elementor-price-list-item\" href=\"#\">\t\t\t\t\n\t\t\t\t<div class=\"elementor-price-list-text\">\n\t\t\t\t\t\t\t\t\t<div class=\"elementor-price-list-header\">\n\t\t\t\t\t\t\t\t\t\t\t<span class=\"elementor-price-list-title\">\n\t\t\t\t\t\t\tVAIK\u0172\t\t\t\t\t\t<\/span>\n\t\t\t\t\t\t\t\t\t\t\t\t\t\t\t\t\t\t<span class=\"elementor-price-list-separator\"><\/span>\n\t\t\t\t\t\t\t\t\t\t\t\t\t\t\t\t<\/div>\n\t\t\t\t\t\t\t\t\t\t\t\t\t\t\t<p class=\"elementor-price-list-description\">\n\t\t\t\t\t\t\tCitrusinis vanduo<br>Spanguoli\u0173 g\u0117rimas<br>Kava, arbata\t\t\t\t\t\t<\/p>\n\t\t\t\t\t\t\t\t<\/div>\n\t\t\t\t<\/a><\/li>\t\t\t\t\t\n\t\t<\/ul>\n\n\t\t\t\t\t\t<\/div>\n\t\t\t\t<\/div>\n\t\t\t\t<\/div>\n\t\t<div class=\"elementor-element elementor-element-f087286 e-con-full e-flex e-con e-child\" data-id=\"f087286\" data-element_type=\"container\" data-settings=\"{&quot;background_background&quot;:&quot;classic&quot;}\">\n\t\t<div class=\"elementor-element elementor-element-c6c72e2 e-con-full e-flex e-con e-child\" data-id=\"c6c72e2\" data-element_type=\"container\" data-settings=\"{&quot;background_background&quot;:&quot;classic&quot;}\">\n\t\t\t\t<div class=\"elementor-element elementor-element-de5db14 elementor-widget elementor-widget-heading\" data-id=\"de5db14\" data-element_type=\"widget\" data-widget_type=\"heading.default\">\n\t\t\t\t<div class=\"elementor-widget-container\">\n\t\t\t\t\t<h2 class=\"elementor-heading-title elementor-size-default\">55 \u20ac<\/h2>\t\t\t\t<\/div>\n\t\t\t\t<\/div>\n\t\t\t\t<div class=\"elementor-element elementor-element-4205958 elementor-widget elementor-widget-text-editor\" data-id=\"4205958\" data-element_type=\"widget\" data-widget_type=\"text-editor.default\">\n\t\t\t\t<div class=\"elementor-widget-container\">\n\t\t\t\t\t\t\t\t\t<p>Kaina asmeniui<\/p>\n\t\t\t\t\t\t\t\t<\/div>\n\t\t\t\t<\/div>\n\t\t\t\t<\/div>\n\t\t\t\t<div class=\"elementor-element elementor-element-c9a00bc elementor-widget elementor-widget-price-list\" data-id=\"c9a00bc\" data-element_type=\"widget\" data-widget_type=\"price-list.default\">\n\t\t\t\t<div class=\"elementor-widget-container\">\n\t\t\t\t\t\n\t\t<ul class=\"elementor-price-list\">\n\n\t\t\t\t\t\t\t\t\t<li><a class=\"elementor-price-list-item\" href=\"#\">\t\t\t\t\n\t\t\t\t<div class=\"elementor-price-list-text\">\n\t\t\t\t\t\t\t\t\t<div class=\"elementor-price-list-header\">\n\t\t\t\t\t\t\t\t\t\t\t<span class=\"elementor-price-list-title\">\n\t\t\t\t\t\t\tPASVEIKINIMO G\u0116RIMAS\t\t\t\t\t\t<\/span>\n\t\t\t\t\t\t\t\t\t\t\t\t\t\t\t\t\t\t<span class=\"elementor-price-list-separator\"><\/span>\n\t\t\t\t\t\t\t\t\t\t\t\t\t\t\t\t<\/div>\n\t\t\t\t\t\t\t\t\t\t\t\t\t\t\t<p class=\"elementor-price-list-description\">\n\t\t\t\t\t\t\tTaur\u0117 itali\u0161ko \"Prosecco\t\t\t\t\t\t<\/p>\n\t\t\t\t\t\t\t\t<\/div>\n\t\t\t\t<\/a><\/li>\t\t\t\t\t\t\t\t\t\t\t\t<li><a class=\"elementor-price-list-item\" href=\"#\">\t\t\t\t\n\t\t\t\t<div class=\"elementor-price-list-text\">\n\t\t\t\t\t\t\t\t\t<div class=\"elementor-price-list-header\">\n\t\t\t\t\t\t\t\t\t\t\t<span class=\"elementor-price-list-title\">\n\t\t\t\t\t\t\tPARODYTI\t\t\t\t\t\t<\/span>\n\t\t\t\t\t\t\t\t\t\t\t\t\t\t\t\t\t\t<span class=\"elementor-price-list-separator\"><\/span>\n\t\t\t\t\t\t\t\t\t\t\t\t\t\t\t\t<\/div>\n\t\t\t\t\t\t\t\t\t\t\t\t\t\t\t<p class=\"elementor-price-list-description\">\n\t\t\t\t\t\t\t\u0160pinat\u0173 pyrago krep\u0161elis su mangais, \u0161vie\u017ei\u0173 kalendr\u0173 \u010datniu ir tigrin\u0117mis krevet\u0117mis<br>Kanap\u0117s su la\u0161i\u0161os fil\u0117 tartaru, kapar\u0117li\u0173 \u017eiedais, paprikos kiau\u0161iniu ir up\u0117taki\u0173 ikrais<br>Burok\u0117li\u0173 pyrago krep\u0161elis su saul\u0117je d\u017eiovint\u0173 pomidor\u0173 kremu ir vandens kruopomis\t\t\t\t\t\t<\/p>\n\t\t\t\t\t\t\t\t<\/div>\n\t\t\t\t<\/a><\/li>\t\t\t\t\t\t\t\t\t\t\t\t<li><a class=\"elementor-price-list-item\" href=\"#\">\t\t\t\t\n\t\t\t\t<div class=\"elementor-price-list-text\">\n\t\t\t\t\t\t\t\t\t<div class=\"elementor-price-list-header\">\n\t\t\t\t\t\t\t\t\t\t\t<span class=\"elementor-price-list-title\">\n\t\t\t\t\t\t\tPLOK\u0160T\u0116S\t\t\t\t\t\t<\/span>\n\t\t\t\t\t\t\t\t\t\t\t\t\t\t\t\t\t\t<span class=\"elementor-price-list-separator\"><\/span>\n\t\t\t\t\t\t\t\t\t\t\t\t\t\t\t\t<\/div>\n\t\t\t\t\t\t\t\t\t\t\t\t\t\t\t<p class=\"elementor-price-list-description\">\n\t\t\t\t\t\t\tVyno l\u0117k\u0161t\u0117<br>rie s\u016bris, Dor m\u0117lynasis s\u016bris, parmezano kietasis s\u016bris, Prosciutto, Fuet de\u0161rel\u0117s, Chorizo, vynuog\u0117s, rie\u0161utai, grisini, fig\u0173 uogien\u0117<br>S\u016bdytos la\u0161i\u0161os fil\u0117, \u0161altai r\u016bkytos silk\u0117s fil\u0117, Panko tra\u0161kios tigrin\u0117s krevet\u0117s, \u0160altai\nr\u016bkyta sviestin\u0117 \u017euvis, marinuotos alyvuog\u0117s, kapar\u0117liai<br>Pagardintas kiaulienos kepsnys, burbone tro\u0161kintas jautienos kepsnys, l\u0117tai virta vi\u0161tienos fil\u0117\nir naminis krien\u0173 majonezas<br>\u0160vie\u017ei\u0173 dar\u017eovi\u0173 l\u0117k\u0161t\u0117 su krap\u0173-\u010desnakiniu pada\u017eu\t\t\t\t\t\t<\/p>\n\t\t\t\t\t\t\t\t<\/div>\n\t\t\t\t<\/a><\/li>\t\t\t\t\t\t\t\t\t\t\t\t<li><a class=\"elementor-price-list-item\" href=\"#\">\t\t\t\t\n\t\t\t\t<div class=\"elementor-price-list-text\">\n\t\t\t\t\t\t\t\t\t<div class=\"elementor-price-list-header\">\n\t\t\t\t\t\t\t\t\t\t\t<span class=\"elementor-price-list-title\">\n\t\t\t\t\t\t\tSALOTOS\t\t\t\t\t\t<\/span>\n\t\t\t\t\t\t\t\t\t\t\t\t\t\t\t\t\t\t<span class=\"elementor-price-list-separator\"><\/span>\n\t\t\t\t\t\t\t\t\t\t\t\t\t\t\t\t<\/div>\n\t\t\t\t\t\t\t\t\t\t\t\t\t\t\t<p class=\"elementor-price-list-description\">\n\t\t\t\t\t\t\tRukolos salotos su sald\u017eiomis ir a\u0161triomis tigrin\u0117mis krevet\u0117mis, \u0161vie\u017eiais mangais ir citrusini\u0173 vaisi\u0173 u\u017epilu<br>Klasikin\u0117s jautienos salotos su garsty\u010di\u0173 ir krien\u0173 pada\u017eu<br>Cezario salotos su tigrin\u0117mis krevet\u0117mis, naminiu an\u010diuvi\u0173 pada\u017eu ir brandintu kietuoju s\u016briu<br>\u0160vie\u017ei\u0173 dar\u017eovi\u0173 salotos su alyvuog\u0117mis ir trupintu o\u017ekos s\u016briu\t\t\t\t\t\t<\/p>\n\t\t\t\t\t\t\t\t<\/div>\n\t\t\t\t<\/a><\/li>\t\t\t\t\t\t\t\t\t\t\t\t<li><a class=\"elementor-price-list-item\" href=\"#\">\t\t\t\t\n\t\t\t\t<div class=\"elementor-price-list-text\">\n\t\t\t\t\t\t\t\t\t<div class=\"elementor-price-list-header\">\n\t\t\t\t\t\t\t\t\t\t\t<span class=\"elementor-price-list-title\">\n\t\t\t\t\t\t\tKAR\u0160TI PATIEKALAI ***\t\t\t\t\t\t<\/span>\n\t\t\t\t\t\t\t\t\t\t\t\t\t\t\t\t\t\t<span class=\"elementor-price-list-separator\"><\/span>\n\t\t\t\t\t\t\t\t\t\t\t\t\t\t\t\t<\/div>\n\t\t\t\t\t\t\t\t\t\t\t\t\t\t\t<p class=\"elementor-price-list-description\">\n\t\t\t\t\t\t\t\u017doleli\u0173 svieste kepta lydekos fil\u0117 su \u017eali\u0173j\u0173 \u017eirneli\u0173 tyre, ant groteli\u0173 keptomis dar\u017eov\u0117mis ir kreminiu\nbaltojo vyno pada\u017eu<br>arba<br>Jautienos fil\u0117 medalionai raudonojo vyno glaz\u016broje, svieste keptos naujos bulv\u0117s ir\nant groteli\u0173 keptos dar\u017eov\u0117s<br>arba<br>Anties kr\u016btin\u0117l\u0117 apelsin\u0173 ir vy\u0161ni\u0173 glaz\u016broje, sald\u017ei\u0173j\u0173 bulvi\u0173 tyr\u0117 ir ant groteli\u0173 keptos dar\u017eov\u0117s\t\t\t\t\t\t<\/p>\n\t\t\t\t\t\t\t\t<\/div>\n\t\t\t\t<\/a><\/li>\t\t\t\t\t\t\t\t\t\t\t\t<li><a class=\"elementor-price-list-item\" href=\"#\">\t\t\t\t\n\t\t\t\t<div class=\"elementor-price-list-text\">\n\t\t\t\t\t\t\t\t\t<div class=\"elementor-price-list-header\">\n\t\t\t\t\t\t\t\t\t\t\t<span class=\"elementor-price-list-title\">\n\t\t\t\t\t\t\tDESERTAI\t\t\t\t\t\t<\/span>\n\t\t\t\t\t\t\t\t\t\t\t\t\t\t\t\t\t\t<span class=\"elementor-price-list-separator\"><\/span>\n\t\t\t\t\t\t\t\t\t\t\t\t\t\t\t\t<\/div>\n\t\t\t\t\t\t\t\t\t\t\t\t\t\t\t<p class=\"elementor-price-list-description\">\n\t\t\t\t\t\t\tSezonini\u0173 vaisi\u0173 pasirinkimas<br>Vanilinis kremas \"Cr\u00e8me Brul\u00e9e\" su tra\u0161kia karamele ir \u0161vie\u017eiomis uogomis\t\t\t\t\t\t<\/p>\n\t\t\t\t\t\t\t\t<\/div>\n\t\t\t\t<\/a><\/li>\t\t\t\t\t\t\t\t\t\t\t\t<li><a class=\"elementor-price-list-item\" href=\"#\">\t\t\t\t\n\t\t\t\t<div class=\"elementor-price-list-text\">\n\t\t\t\t\t\t\t\t\t<div class=\"elementor-price-list-header\">\n\t\t\t\t\t\t\t\t\t\t\t<span class=\"elementor-price-list-title\">\n\t\t\t\t\t\t\tVAIK\u0172\t\t\t\t\t\t<\/span>\n\t\t\t\t\t\t\t\t\t\t\t\t\t\t\t\t\t\t<span class=\"elementor-price-list-separator\"><\/span>\n\t\t\t\t\t\t\t\t\t\t\t\t\t\t\t\t<\/div>\n\t\t\t\t\t\t\t\t\t\t\t\t\t\t\t<p class=\"elementor-price-list-description\">\n\t\t\t\t\t\t\tCitrusinis vanduo<br>Spanguoli\u0173 g\u0117rimas<br>Kava, arbata\t\t\t\t\t\t<\/p>\n\t\t\t\t\t\t\t\t<\/div>\n\t\t\t\t<\/a><\/li>\t\t\t\t\t\n\t\t<\/ul>\n\n\t\t\t\t\t\t<\/div>\n\t\t\t\t<\/div>\n\t\t\t\t<\/div>\n\t\t\t\t\t<\/div>\n\t\t\t\t<\/div>\n\t\t<div class=\"elementor-element elementor-element-e0b3963 e-flex e-con-boxed e-con e-parent\" data-id=\"e0b3963\" data-element_type=\"container\">\n\t\t\t\t\t<div class=\"e-con-inner\">\n\t\t\t\t<div class=\"elementor-element elementor-element-dd80b1e elementor-widget elementor-widget-text-editor\" data-id=\"dd80b1e\" data-element_type=\"widget\" data-widget_type=\"text-editor.default\">\n\t\t\t\t<div class=\"elementor-widget-container\">\n\t\t\t\t\t\t\t\t\t<p>*\u012e KAIN\u0104 \u012eSKAI\u010cIUOTAS PVM\/MINIMALUS U\u017dSAKYMO NUMERIS &#8211; 10 ASMEN\u0172<\/p>\n<p>** Patiekiama bendruose induose<br \/>*** Galima pasirinkti porcijin\u012f patiekal\u0105<\/p>\n\t\t\t\t\t\t\t\t<\/div>\n\t\t\t\t<\/div>\n\t\t\t\t\t<\/div>\n\t\t\t\t<\/div>\n\t\t\t\t<\/div>\n\t\t","protected":false},"excerpt":{"rendered":"<p>Banket\u0173 meniu 35 \u20ac Kaina asmeniui PLOK\u0160T\u0116S S\u016bri\u0173 rinkinys su raudon\u0173j\u0173 svog\u016bn\u0173 d\u017eemu, d\u017eiovintais vaisiais ir rie\u0161utaisM\u0117sos l\u0117k\u0161t\u0117 su marinuotomis Lombardi paprikomis ir korni\u0161onais\u0160vie\u017ei\u0173 dar\u017eovi\u0173 l\u0117k\u0161t\u0117 su krap\u0173 ir \u010desnak\u0173 pada\u017eu SALOTOS Keptos salotos su Di\u017eono garsty\u010di\u0173 pada\u017eu Cezario salotos su kepta vi\u0161tienos kr\u016btin\u0117le, brandintu kietuoju s\u016briu ir duonos skrebu\u010diais Tuno sluoksnio salotos\u0160vie\u017ei\u0173 lap\u0173 salotos [&hellip;]<\/p>\n","protected":false},"author":1,"featured_media":0,"parent":0,"menu_order":0,"comment_status":"closed","ping_status":"closed","template":"","meta":{"footnotes":""},"class_list":["post-3322","page","type-page","status-publish","hentry"],"_links":{"self":[{"href":"https:\/\/portoresort.lv\/lt\/wp-json\/wp\/v2\/pages\/3322","targetHints":{"allow":["GET"]}}],"collection":[{"href":"https:\/\/portoresort.lv\/lt\/wp-json\/wp\/v2\/pages"}],"about":[{"href":"https:\/\/portoresort.lv\/lt\/wp-json\/wp\/v2\/types\/page"}],"author":[{"embeddable":true,"href":"https:\/\/portoresort.lv\/lt\/wp-json\/wp\/v2\/users\/1"}],"replies":[{"embeddable":true,"href":"https:\/\/portoresort.lv\/lt\/wp-json\/wp\/v2\/comments?post=3322"}],"version-history":[{"count":2,"href":"https:\/\/portoresort.lv\/lt\/wp-json\/wp\/v2\/pages\/3322\/revisions"}],"predecessor-version":[{"id":3604,"href":"https:\/\/portoresort.lv\/lt\/wp-json\/wp\/v2\/pages\/3322\/revisions\/3604"}],"wp:attachment":[{"href":"https:\/\/portoresort.lv\/lt\/wp-json\/wp\/v2\/media?parent=3322"}],"curies":[{"name":"wp","href":"https:\/\/api.w.org\/{rel}","templated":true}]}}