{"id":3589,"date":"2025-03-10T08:11:57","date_gmt":"2025-03-10T08:11:57","guid":{"rendered":"https:\/\/portoresort.lv\/renginiai\/"},"modified":"2025-05-30T08:02:56","modified_gmt":"2025-05-30T08:02:56","slug":"renginiai","status":"publish","type":"page","link":"https:\/\/portoresort.lv\/lt\/renginiai\/","title":{"rendered":"Renginiai"},"content":{"rendered":"\t\t<div data-elementor-type=\"wp-page\" data-elementor-id=\"3589\" class=\"elementor elementor-3589 elementor-3535\" data-elementor-post-type=\"page\">\n\t\t\t\t<div class=\"elementor-element elementor-element-7844454 e-flex e-con-boxed e-con e-parent\" data-id=\"7844454\" data-element_type=\"container\">\n\t\t\t\t\t<div class=\"e-con-inner\">\n\t\t<div class=\"elementor-element elementor-element-19d29f3 e-flex e-con-boxed e-con e-child\" data-id=\"19d29f3\" data-element_type=\"container\" data-settings=\"{&quot;background_background&quot;:&quot;classic&quot;}\">\n\t\t\t\t\t<div class=\"e-con-inner\">\n\t\t\t\t<div class=\"elementor-element elementor-element-c2b8406 elementor-widget elementor-widget-heading\" data-id=\"c2b8406\" data-element_type=\"widget\" data-widget_type=\"heading.default\">\n\t\t\t\t<div class=\"elementor-widget-container\">\n\t\t\t\t\t<h2 class=\"elementor-heading-title elementor-size-default\">Renginiai<\/h2>\t\t\t\t<\/div>\n\t\t\t\t<\/div>\n\t\t\t\t\t<\/div>\n\t\t\t\t<\/div>\n\t\t\t\t\t<\/div>\n\t\t\t\t<\/div>\n\t\t<div class=\"elementor-element elementor-element-85f8079 e-flex e-con-boxed e-con e-parent\" data-id=\"85f8079\" data-element_type=\"container\">\n\t\t\t\t\t<div class=\"e-con-inner\">\n\t\t\t\t<div class=\"elementor-element elementor-element-1ec87f3 elementor-widget elementor-widget-heading\" data-id=\"1ec87f3\" data-element_type=\"widget\" data-widget_type=\"heading.default\">\n\t\t\t\t<div class=\"elementor-widget-container\">\n\t\t\t\t\t<h2 class=\"elementor-heading-title elementor-size-default\">Renginiai Porto kurorte<\/h2>\t\t\t\t<\/div>\n\t\t\t\t<\/div>\n\t\t\t\t<div class=\"elementor-element elementor-element-639580f elementor-widget elementor-widget-text-editor\" data-id=\"639580f\" data-element_type=\"widget\" data-widget_type=\"text-editor.default\">\n\t\t\t\t<div class=\"elementor-widget-container\">\n\t\t\t\t\t\t\t\t\t<p>&#8222;Porto Resort&#8221; \u012fsik\u016br\u0119s unikalioje vietoje &#8211; tarp Lilast\u0117s e\u017eero ir Baltijos j\u016bros, vos u\u017e 23 km nuo Rygos. Jis si\u016blo ne tik ram\u0173 e\u017eero kra\u0161tovaizd\u012f ir j\u016bros artum\u0105, bet ir labai erdvi\u0105 nemokam\u0105 automobili\u0173 stov\u0117jimo aik\u0161tel\u0119, \u012f kuri\u0105 patogu patekti visiems lankytojams. <\/p>\t\t\t\t\t\t\t\t<\/div>\n\t\t\t\t<\/div>\n\t\t\t\t\t<\/div>\n\t\t\t\t<\/div>\n\t\t<div class=\"elementor-element elementor-element-a184f80 e-flex e-con-boxed e-con e-parent\" data-id=\"a184f80\" data-element_type=\"container\">\n\t\t\t\t\t<div class=\"e-con-inner\">\n\t\t<div class=\"elementor-element elementor-element-9bb1e2d e-con-full e-flex e-con e-child\" data-id=\"9bb1e2d\" data-element_type=\"container\" data-settings=\"{&quot;background_background&quot;:&quot;classic&quot;}\">\n\t\t\t\t<\/div>\n\t\t<div class=\"elementor-element elementor-element-58ac3c3 e-con-full e-flex e-con e-child\" data-id=\"58ac3c3\" data-element_type=\"container\" data-settings=\"{&quot;background_background&quot;:&quot;classic&quot;}\">\n\t\t\t\t<\/div>\n\t\t<div class=\"elementor-element elementor-element-b031469 e-con-full e-flex e-con e-child\" data-id=\"b031469\" data-element_type=\"container\" data-settings=\"{&quot;background_background&quot;:&quot;classic&quot;}\">\n\t\t\t\t<\/div>\n\t\t\t\t\t<\/div>\n\t\t\t\t<\/div>\n\t\t<div class=\"elementor-element elementor-element-3fd9c07 e-flex e-con-boxed e-con e-parent\" data-id=\"3fd9c07\" data-element_type=\"container\">\n\t\t\t\t\t<div class=\"e-con-inner\">\n\t\t\t\t<div class=\"elementor-element elementor-element-208d90c elementor-widget elementor-widget-text-editor\" data-id=\"208d90c\" data-element_type=\"widget\" data-widget_type=\"text-editor.default\">\n\t\t\t\t<div class=\"elementor-widget-container\">\n\t\t\t\t\t\t\t\t\t<p><strong>Apgyvendinimas:<br><\/strong>Vie\u0161butyje yra 34 jauk\u016bs kambariai ir 14 gerai \u012frengt\u0173 koted\u017e\u0173, kuriuose i\u0161 viso gali apsistoti iki 200 sve\u010di\u0173. Tai leid\u017eia patogiai apgyvendinti tiek ma\u017eesnes, tiek didesnes sve\u010di\u0173 grupes. <\/p><p><strong><br>Rengini\u0173 erdv\u0117s:<br><\/strong>Porto Resort si\u016blo kelet\u0105 erdvi\u0173, skirt\u0173 \u012fvairi\u0173 tip\u0173 renginiams:<\/p><p><strong><br>&#8222;Lake Lounge&#8221;:<br><\/strong>\u012esik\u016br\u0119s antrame vie\u0161bu\u010dio auk\u0161te, su erdvia terasa, i\u0161 kurios atsiveria vaizdas \u012f Lilast\u0117s e\u017eer\u0105. \u010cia prie staliuk\u0173 gali susodinti iki 80 sve\u010di\u0173, tod\u0117l j\u016bs\u0173 renginiui suteikiamas ir komfortas, ir profesionali aplinka. <\/p><p><strong><br>Pal\u0117p\u0117s sal\u0117:<br><\/strong>Sal\u0117 tinka renginiams iki 50 \u017emoni\u0173, ji yra tre\u010diame pastato auk\u0161te. Po piet\u0173 sal\u0119 ap\u0161vie\u010dia vakarin\u0117 saul\u0117, kuri sukuria rami\u0105 ir atpalaiduojan\u010di\u0105 atmosfer\u0105. <\/p><p><strong><br>Observatorijos kambarys:<br><\/strong>\u0160is kambarys, pritaikytas nedidel\u0117ms grup\u0117ms iki 12 \u017emoni\u0173, yra auk\u0161\u010diausiame vie\u0161bu\u010dio ta\u0161ke &#8211; ap\u017evalgos bok\u0161te, i\u0161 kurio atsiveria puikus vaizdas \u012f Lilast\u0117s e\u017eer\u0105 ir pla\u010di\u0105 vie\u0161bu\u010dio teritorij\u0105.<br><br><\/p><p><strong>Papildomos parinktys<br><\/strong><br><strong>Sauna ir \u0161iltasis baseinas<\/strong>:<br>Atsipalaidavimui \u012frengta sauna su \u0161iltuoju baseinu, kuriame gali ils\u0117tis iki 20 \u017emoni\u0173.<br><br><strong>Pirtis prie e\u017eero:<br><\/strong>Pirties namelis su poilsio zona ir persirengimo kambariu, erdvi medin\u0117 terasa, i\u0161 kurios atsiveria vaizdas \u012f Lilast\u0117s e\u017eer\u0105 ir apylinkes.<br><br><strong>Vandens pramogos:<br><\/strong>Sve\u010diai gali naudotis valtimis ir SUP lentomis, kad gal\u0117t\u0173 m\u0117gautis Lilast\u0117s e\u017eero magija.<br><br><strong>Piknik\u0173 vietos:<br><\/strong>Didel\u0117je teritorijoje prie pat e\u017eero \u012frengtos piknik\u0173 vietos ir \u0161iaudin\u0117s pastog\u0117s, kuriose sukuriama autenti\u0161ka ir atpalaiduojanti atmosfera.<\/p><p><br>&#8222;Porto Resort&#8221; yra ideali vieta organizuoti nepamir\u0161tamus renginius, nes vaizdingoje aplinkoje si\u016blo patog\u0173 apgyvendinim\u0105 ir daugyb\u0119 laisvalaikio pramog\u0173.<\/p>\t\t\t\t\t\t\t\t<\/div>\n\t\t\t\t<\/div>\n\t\t\t\t\t<\/div>\n\t\t\t\t<\/div>\n\t\t<div class=\"elementor-element elementor-element-3a35fc4 e-flex e-con-boxed e-con e-parent\" data-id=\"3a35fc4\" data-element_type=\"container\">\n\t\t\t\t\t<div class=\"e-con-inner\">\n\t\t<div class=\"elementor-element elementor-element-76171f0 e-con-full e-flex e-con e-child\" data-id=\"76171f0\" data-element_type=\"container\">\n\t\t\t\t<div class=\"elementor-element elementor-element-22e2f95 elementor-widget elementor-widget-heading\" data-id=\"22e2f95\" data-element_type=\"widget\" data-widget_type=\"heading.default\">\n\t\t\t\t<div class=\"elementor-widget-container\">\n\t\t\t\t\t<h2 class=\"elementor-heading-title elementor-size-default\">Be to, si\u016blome<\/h2>\t\t\t\t<\/div>\n\t\t\t\t<\/div>\n\t\t\t\t<\/div>\n\t\t<div class=\"elementor-element elementor-element-24f0413 e-con-full e-flex e-con e-child\" data-id=\"24f0413\" data-element_type=\"container\" data-settings=\"{&quot;background_background&quot;:&quot;classic&quot;}\">\n\t\t\t\t<div class=\"elementor-element elementor-element-97faf65 elementor-widget elementor-widget-heading\" data-id=\"97faf65\" data-element_type=\"widget\" data-widget_type=\"heading.default\">\n\t\t\t\t<div class=\"elementor-widget-container\">\n\t\t\t\t\t<h2 class=\"elementor-heading-title elementor-size-default\">PERVE\u017dIMAS M\u016aS\u0172 AUTOBUSU IKI 50 VIET\u0172.<\/h2>\t\t\t\t<\/div>\n\t\t\t\t<\/div>\n\t\t\t\t<\/div>\n\t\t<div class=\"elementor-element elementor-element-eb9cd20 e-con-full e-flex e-con e-child\" data-id=\"eb9cd20\" data-element_type=\"container\" data-settings=\"{&quot;background_background&quot;:&quot;classic&quot;}\">\n\t\t\t\t<div class=\"elementor-element elementor-element-2c1555d elementor-widget elementor-widget-heading\" data-id=\"2c1555d\" data-element_type=\"widget\" data-widget_type=\"heading.default\">\n\t\t\t\t<div class=\"elementor-widget-container\">\n\t\t\t\t\t<h2 class=\"elementor-heading-title elementor-size-default\">PILNAS SAVITARNOS MAITINIMAS<\/h2>\t\t\t\t<\/div>\n\t\t\t\t<\/div>\n\t\t\t\t<div class=\"elementor-element elementor-element-4081a63 elementor-widget elementor-widget-text-editor\" data-id=\"4081a63\" data-element_type=\"widget\" data-widget_type=\"text-editor.default\">\n\t\t\t\t<div class=\"elementor-widget-container\">\n\t\t\t\t\t\t\t\t\t<p>Si\u016blome visas paslaugas \u012fvairiems renginiams!<\/p>\t\t\t\t\t\t\t\t<\/div>\n\t\t\t\t<\/div>\n\t\t\t\t<\/div>\n\t\t\t\t\t<\/div>\n\t\t\t\t<\/div>\n\t\t<div class=\"elementor-element elementor-element-acf3c57 e-flex e-con-boxed e-con e-parent\" data-id=\"acf3c57\" data-element_type=\"container\">\n\t\t\t\t\t<div class=\"e-con-inner\">\n\t\t<div class=\"elementor-element elementor-element-b328c71 e-con-full e-flex e-con e-child\" data-id=\"b328c71\" data-element_type=\"container\">\n\t\t\t\t<div class=\"elementor-element elementor-element-ab4ac1c elementor-widget elementor-widget-heading\" data-id=\"ab4ac1c\" data-element_type=\"widget\" data-widget_type=\"heading.default\">\n\t\t\t\t<div class=\"elementor-widget-container\">\n\t\t\t\t\t<h2 class=\"elementor-heading-title elementor-size-default\">Parai\u0161ka renginiui<\/h2>\t\t\t\t<\/div>\n\t\t\t\t<\/div>\n\t\t\t\t<div class=\"elementor-element elementor-element-21f9fcf elementor-button-align-stretch elementor-widget elementor-widget-form\" data-id=\"21f9fcf\" data-element_type=\"widget\" data-settings=\"{&quot;step_next_label&quot;:&quot;Kitas&quot;,&quot;step_previous_label&quot;:&quot;Ankstesnis&quot;,&quot;button_width&quot;:&quot;100&quot;,&quot;step_type&quot;:&quot;number_text&quot;,&quot;step_icon_shape&quot;:&quot;circle&quot;}\" data-widget_type=\"form.default\">\n\t\t\t\t<div class=\"elementor-widget-container\">\n\t\t\t\t\t\t\t<form class=\"elementor-form\" method=\"post\" name=\"Parai\u0161ka renginiams\" aria-label=\"Parai\u0161ka renginiams\">\n\t\t\t<input type=\"hidden\" name=\"post_id\" value=\"3589\"\/>\n\t\t\t<input type=\"hidden\" name=\"form_id\" value=\"21f9fcf\"\/>\n\t\t\t<input type=\"hidden\" name=\"referer_title\" value=\"Renginiai\" \/>\n\n\t\t\t\t\t\t\t<input type=\"hidden\" name=\"queried_id\" value=\"3589\"\/>\n\t\t\t\n\t\t\t<div class=\"elementor-form-fields-wrapper elementor-labels-above\">\n\t\t\t\t\t\t\t\t<div class=\"elementor-field-type-text elementor-field-group elementor-column elementor-field-group-name elementor-col-50\">\n\t\t\t\t\t\t\t\t\t\t\t\t<label for=\"form-field-name\" class=\"elementor-field-label\">\n\t\t\t\t\t\t\t\tPavadinimas\t\t\t\t\t\t\t<\/label>\n\t\t\t\t\t\t\t\t\t\t\t\t\t\t<input size=\"1\" type=\"text\" name=\"form_fields[name]\" id=\"form-field-name\" class=\"elementor-field elementor-size-md  elementor-field-textual\">\n\t\t\t\t\t\t\t\t\t\t\t<\/div>\n\t\t\t\t\t\t\t\t<div class=\"elementor-field-type-text elementor-field-group elementor-column elementor-field-group-field_6bcb153 elementor-col-50\">\n\t\t\t\t\t\t\t\t\t\t\t\t<label for=\"form-field-field_6bcb153\" class=\"elementor-field-label\">\n\t\t\t\t\t\t\t\tPavard\u0117\t\t\t\t\t\t\t<\/label>\n\t\t\t\t\t\t\t\t\t\t\t\t\t\t<input size=\"1\" type=\"text\" name=\"form_fields[field_6bcb153]\" id=\"form-field-field_6bcb153\" class=\"elementor-field elementor-size-md  elementor-field-textual\">\n\t\t\t\t\t\t\t\t\t\t\t<\/div>\n\t\t\t\t\t\t\t\t<div class=\"elementor-field-type-email elementor-field-group elementor-column elementor-field-group-email elementor-col-50 elementor-field-required elementor-mark-required\">\n\t\t\t\t\t\t\t\t\t\t\t\t<label for=\"form-field-email\" class=\"elementor-field-label\">\n\t\t\t\t\t\t\t\tEl. pa\u0161tas\t\t\t\t\t\t\t<\/label>\n\t\t\t\t\t\t\t\t\t\t\t\t\t\t<input size=\"1\" type=\"email\" name=\"form_fields[email]\" id=\"form-field-email\" class=\"elementor-field elementor-size-md  elementor-field-textual\" required=\"required\">\n\t\t\t\t\t\t\t\t\t\t\t<\/div>\n\t\t\t\t\t\t\t\t<div class=\"elementor-field-type-number elementor-field-group elementor-column elementor-field-group-field_0eae387 elementor-col-50 elementor-field-required elementor-mark-required\">\n\t\t\t\t\t\t\t\t\t\t\t\t<label for=\"form-field-field_0eae387\" class=\"elementor-field-label\">\n\t\t\t\t\t\t\t\tTelefono numeris\t\t\t\t\t\t\t<\/label>\n\t\t\t\t\t\t\t\t\t<input type=\"number\" name=\"form_fields[field_0eae387]\" id=\"form-field-field_0eae387\" class=\"elementor-field elementor-size-md  elementor-field-textual\" required=\"required\" min=\"\" max=\"\" >\n\t\t\t\t\t\t<\/div>\n\t\t\t\t\t\t\t\t<div class=\"elementor-field-type-date elementor-field-group elementor-column elementor-field-group-field_065b491 elementor-col-50 elementor-field-required elementor-mark-required\">\n\t\t\t\t\t\t\t\t\t\t\t\t<label for=\"form-field-field_065b491\" class=\"elementor-field-label\">\n\t\t\t\t\t\t\t\tRenginio data\t\t\t\t\t\t\t<\/label>\n\t\t\t\t\t\t\n\t\t<input type=\"date\" name=\"form_fields[field_065b491]\" id=\"form-field-field_065b491\" class=\"elementor-field elementor-size-md  elementor-field-textual elementor-date-field\" placeholder=\"Data, m\u0117nuo, metai\" required=\"required\" pattern=\"[0-9]{4}-[0-9]{2}-[0-9]{2}\">\n\t\t\t\t\t\t<\/div>\n\t\t\t\t\t\t\t\t<div class=\"elementor-field-type-text elementor-field-group elementor-column elementor-field-group-field_dbe4a61 elementor-col-50\">\n\t\t\t\t\t\t\t\t\t\t\t\t<label for=\"form-field-field_dbe4a61\" class=\"elementor-field-label\">\n\t\t\t\t\t\t\t\t\u012evykio laikas\t\t\t\t\t\t\t<\/label>\n\t\t\t\t\t\t\t\t\t\t\t\t\t\t<input size=\"1\" type=\"text\" name=\"form_fields[field_dbe4a61]\" id=\"form-field-field_dbe4a61\" class=\"elementor-field elementor-size-md  elementor-field-textual\" placeholder=\"Pavyzd\u017eiui: nuo 12:00 iki 18:00 val.\">\n\t\t\t\t\t\t\t\t\t\t\t<\/div>\n\t\t\t\t\t\t\t\t<div class=\"elementor-field-type-number elementor-field-group elementor-column elementor-field-group-field_0a8eb03 elementor-col-100\">\n\t\t\t\t\t\t\t\t\t\t\t\t<label for=\"form-field-field_0a8eb03\" class=\"elementor-field-label\">\n\t\t\t\t\t\t\t\t\u017dmoni\u0173 skai\u010dius\t\t\t\t\t\t\t<\/label>\n\t\t\t\t\t\t\t\t\t<input type=\"number\" name=\"form_fields[field_0a8eb03]\" id=\"form-field-field_0a8eb03\" class=\"elementor-field elementor-size-md  elementor-field-textual\" min=\"\" max=\"\" >\n\t\t\t\t\t\t<\/div>\n\t\t\t\t\t\t\t\t<div class=\"elementor-field-type-textarea elementor-field-group elementor-column elementor-field-group-message elementor-col-100\">\n\t\t\t\t\t\t\t\t\t\t\t\t<label for=\"form-field-message\" class=\"elementor-field-label\">\n\t\t\t\t\t\t\t\tRenginio apra\u0161ymas\t\t\t\t\t\t\t<\/label>\n\t\t\t\t\t\t<textarea class=\"elementor-field-textual elementor-field  elementor-size-md\" name=\"form_fields[message]\" id=\"form-field-message\" rows=\"4\"><\/textarea>\t\t\t\t<\/div>\n\t\t\t\t\t\t\t\t<div class=\"elementor-field-type-checkbox elementor-field-group elementor-column elementor-field-group-field_cf8eed5 elementor-col-100\">\n\t\t\t\t\t\t\t\t\t\t\t\t<label for=\"form-field-field_cf8eed5\" class=\"elementor-field-label\">\n\t\t\t\t\t\t\t\tBe to.\t\t\t\t\t\t\t<\/label>\n\t\t\t\t\t\t<div class=\"elementor-field-subgroup  elementor-subgroup-inline\"><span class=\"elementor-field-option\"><input type=\"checkbox\" value=\"Maitinimas\" id=\"form-field-field_cf8eed5-0\" name=\"form_fields[field_cf8eed5][]\"> <label for=\"form-field-field_cf8eed5-0\">Maitinimas<\/label><\/span><span class=\"elementor-field-option\"><input type=\"checkbox\" value=\"Apgyvendinimas\" id=\"form-field-field_cf8eed5-1\" name=\"form_fields[field_cf8eed5][]\"> <label for=\"form-field-field_cf8eed5-1\">Apgyvendinimas<\/label><\/span><\/div>\t\t\t\t<\/div>\n\t\t\t\t\t\t\t\t<div class=\"elementor-field-type-recaptcha_v3 elementor-field-group elementor-column elementor-field-group-field_23a37e1 elementor-col-100 recaptcha_v3-bottomright\">\n\t\t\t\t\t<div class=\"elementor-field\" id=\"form-field-field_23a37e1\"><div class=\"elementor-g-recaptcha\" data-sitekey=\"6LfBt-8qAAAAAK1WQ8oQtt5WYQYhbGgH18LBJms0\" data-type=\"v3\" data-action=\"Form\" data-badge=\"bottomright\" data-size=\"invisible\"><\/div><\/div>\t\t\t\t<\/div>\n\t\t\t\t\t\t\t\t<div class=\"elementor-field-group elementor-column elementor-field-type-submit elementor-col-100 e-form__buttons\">\n\t\t\t\t\t<button class=\"elementor-button elementor-size-sm\" type=\"submit\">\n\t\t\t\t\t\t<span class=\"elementor-button-content-wrapper\">\n\t\t\t\t\t\t\t\t\t\t\t\t\t\t\t\t\t\t\t\t\t\t<span class=\"elementor-button-text\">Si\u0173skite parai\u0161k\u0105<\/span>\n\t\t\t\t\t\t\t\t\t\t\t\t\t<\/span>\n\t\t\t\t\t<\/button>\n\t\t\t\t<\/div>\n\t\t\t<\/div>\n\t\t<\/form>\n\t\t\t\t\t\t<\/div>\n\t\t\t\t<\/div>\n\t\t\t\t<\/div>\n\t\t\t\t\t<\/div>\n\t\t\t\t<\/div>\n\t\t\t\t<\/div>\n\t\t","protected":false},"excerpt":{"rendered":"<p>Renginiai Renginiai Porto kurorte &#8222;Porto Resort&#8221; \u012fsik\u016br\u0119s unikalioje vietoje &#8211; tarp Lilast\u0117s e\u017eero ir Baltijos j\u016bros, vos u\u017e 23 km nuo Rygos. Jis si\u016blo ne tik ram\u0173 e\u017eero kra\u0161tovaizd\u012f ir j\u016bros artum\u0105, bet ir labai erdvi\u0105 nemokam\u0105 automobili\u0173 stov\u0117jimo aik\u0161tel\u0119, \u012f kuri\u0105 patogu patekti visiems lankytojams. Apgyvendinimas:Vie\u0161butyje yra 34 jauk\u016bs kambariai ir 14 gerai \u012frengt\u0173 [&hellip;]<\/p>\n","protected":false},"author":1,"featured_media":0,"parent":0,"menu_order":0,"comment_status":"closed","ping_status":"closed","template":"","meta":{"footnotes":""},"class_list":["post-3589","page","type-page","status-publish","hentry"],"_links":{"self":[{"href":"https:\/\/portoresort.lv\/lt\/wp-json\/wp\/v2\/pages\/3589","targetHints":{"allow":["GET"]}}],"collection":[{"href":"https:\/\/portoresort.lv\/lt\/wp-json\/wp\/v2\/pages"}],"about":[{"href":"https:\/\/portoresort.lv\/lt\/wp-json\/wp\/v2\/types\/page"}],"author":[{"embeddable":true,"href":"https:\/\/portoresort.lv\/lt\/wp-json\/wp\/v2\/users\/1"}],"replies":[{"embeddable":true,"href":"https:\/\/portoresort.lv\/lt\/wp-json\/wp\/v2\/comments?post=3589"}],"version-history":[{"count":2,"href":"https:\/\/portoresort.lv\/lt\/wp-json\/wp\/v2\/pages\/3589\/revisions"}],"predecessor-version":[{"id":4020,"href":"https:\/\/portoresort.lv\/lt\/wp-json\/wp\/v2\/pages\/3589\/revisions\/4020"}],"wp:attachment":[{"href":"https:\/\/portoresort.lv\/lt\/wp-json\/wp\/v2\/media?parent=3589"}],"curies":[{"name":"wp","href":"https:\/\/api.w.org\/{rel}","templated":true}]}}