{"id":4009,"date":"2025-05-30T07:52:36","date_gmt":"2025-05-30T07:52:36","guid":{"rendered":"https:\/\/portoresort.lv\/laisvalaikis\/sup-nuotykiai-lilasteje\/"},"modified":"2025-06-17T21:45:12","modified_gmt":"2025-06-17T21:45:12","slug":"sup-nuotykiai-lilasteje","status":"publish","type":"page","link":"https:\/\/portoresort.lv\/lt\/laisvalaikis\/sup-nuotykiai-lilasteje\/","title":{"rendered":"SUP nuotykiai Lilast\u0117je"},"content":{"rendered":"\t\t<div data-elementor-type=\"wp-page\" data-elementor-id=\"4009\" class=\"elementor elementor-4009 elementor-3974\" data-elementor-post-type=\"page\">\n\t\t\t\t<div class=\"elementor-element elementor-element-4f55a33 e-flex e-con-boxed e-con e-parent\" data-id=\"4f55a33\" data-element_type=\"container\">\n\t\t\t\t\t<div class=\"e-con-inner\">\n\t\t<div class=\"elementor-element elementor-element-5731663 e-flex e-con-boxed e-con e-child\" data-id=\"5731663\" data-element_type=\"container\" data-settings=\"{&quot;background_background&quot;:&quot;classic&quot;}\">\n\t\t\t\t\t<div class=\"e-con-inner\">\n\t\t\t\t<div class=\"elementor-element elementor-element-ebda14d elementor-widget elementor-widget-heading\" data-id=\"ebda14d\" data-element_type=\"widget\" data-widget_type=\"heading.default\">\n\t\t\t\t<div class=\"elementor-widget-container\">\n\t\t\t\t\t<h1 class=\"elementor-heading-title elementor-size-default\">  SUP nuotykiai Lilast\u0117je<\/h1>\t\t\t\t<\/div>\n\t\t\t\t<\/div>\n\t\t\t\t\t<\/div>\n\t\t\t\t<\/div>\n\t\t\t\t\t<\/div>\n\t\t\t\t<\/div>\n\t\t<div class=\"elementor-element elementor-element-86bdd21 e-flex e-con-boxed e-con e-parent\" data-id=\"86bdd21\" data-element_type=\"container\">\n\t\t\t\t\t<div class=\"e-con-inner\">\n\t\t\t\t<div class=\"elementor-element elementor-element-3f88dc8 elementor-widget elementor-widget-heading\" data-id=\"3f88dc8\" data-element_type=\"widget\" data-widget_type=\"heading.default\">\n\t\t\t\t<div class=\"elementor-widget-container\">\n\t\t\t\t\t<h2 class=\"elementor-heading-title elementor-size-default\">  SUP nuotykiai Lilast\u0117je - nuo e\u017eero iki j\u016bros<\/h2>\t\t\t\t<\/div>\n\t\t\t\t<\/div>\n\t\t\t\t<div class=\"elementor-element elementor-element-afc1a79 elementor-widget elementor-widget-text-editor\" data-id=\"afc1a79\" data-element_type=\"widget\" data-widget_type=\"text-editor.default\">\n\t\t\t\t<div class=\"elementor-widget-container\">\n\t\t\t\t\t\t\t\t\t<p>M\u0117gaukit\u0117s vaizdingu ir ramiu 2 valand\u0173 SUP plaukimu vaizdingu Lilast\u0117s kanalu, jungian\u010diu Lilast\u0117s e\u017eer\u0105 su Baltijos j\u016bra. \u0160is mar\u0161rutas puikiai tinka ir pradedantiesiems, ir patyrusiems SUPininkams &#8211; ramus vanduo ir gamtos artumas suteikia nepamir\u0161tam\u0105 atsipalaidavimo patirt\u012f. <\/p>\t\t\t\t\t\t\t\t<\/div>\n\t\t\t\t<\/div>\n\t\t\t\t\t<\/div>\n\t\t\t\t<\/div>\n\t\t<div class=\"elementor-element elementor-element-4cd76b9 e-flex e-con-boxed e-con e-parent\" data-id=\"4cd76b9\" data-element_type=\"container\">\n\t\t\t\t\t<div class=\"e-con-inner\">\n\t\t<div class=\"elementor-element elementor-element-b04e083 e-con-full e-flex e-con e-child\" data-id=\"b04e083\" data-element_type=\"container\" data-settings=\"{&quot;background_background&quot;:&quot;classic&quot;}\">\n\t\t<div class=\"elementor-element elementor-element-326fc01 e-con-full e-flex e-con e-child\" data-id=\"326fc01\" data-element_type=\"container\">\n\t\t\t\t<div class=\"elementor-element elementor-element-7f6d29b elementor-widget elementor-widget-text-editor\" data-id=\"7f6d29b\" data-element_type=\"widget\" data-widget_type=\"text-editor.default\">\n\t\t\t\t<div class=\"elementor-widget-container\">\n\t\t\t\t\t\t\t\t\t<p><strong>Mar\u0161ruto apra\u0161ymas:<\/strong><br>&#8211; Prad\u0117kite nuo Lilast\u0117s e\u017eero kranto, prie Porto kurorto<br>&#8211; Irkluokite vingiuotu ir nat\u016braliu kanalu<br>&#8211; Pakeliui perplaukite Lilast\u0117s tilt\u0105 ir keliaukite toliau \u012f \u0161iaur\u0119<br>&#8211; Tikslas: Lilast\u0117s up\u0117s \u017eiotys ir platus vaizdas \u012f j\u016br\u0105.<br><br><\/p><p>\u0160is mar\u0161rutas suteikia unikali\u0105 galimyb\u0119 derinti vandens sport\u0105 ir gro\u017e\u0117jim\u0105si gamta &#8211; pavasar\u012f ir vasar\u0105 jus sups \u017ealiuojantys mi\u0161kai, kr\u016bmynai ir pauk\u0161\u010di\u0173 giesm\u0117s.<br><br><\/p><p>Tinka draug\u0173 grup\u0117ms, \u0161eimoms ir poilsio m\u0117g\u0117jams.<\/p>\t\t\t\t\t\t\t\t<\/div>\n\t\t\t\t<\/div>\n\t\t\t\t<\/div>\n\t\t<div class=\"elementor-element elementor-element-3eca772 e-con-full e-flex e-con e-child\" data-id=\"3eca772\" data-element_type=\"container\" data-settings=\"{&quot;background_background&quot;:&quot;classic&quot;}\">\n\t\t\t\t<\/div>\n\t\t\t\t<\/div>\n\t\t\t\t\t<\/div>\n\t\t\t\t<\/div>\n\t\t<div class=\"elementor-element elementor-element-fa104ef e-flex e-con-boxed e-con e-parent\" data-id=\"fa104ef\" data-element_type=\"container\">\n\t\t\t\t\t<div class=\"e-con-inner\">\n\t\t<div class=\"elementor-element elementor-element-9817654 e-con-full e-flex e-con e-child\" data-id=\"9817654\" data-element_type=\"container\" data-settings=\"{&quot;background_background&quot;:&quot;classic&quot;}\">\n\t\t<div class=\"elementor-element elementor-element-f578965 e-con-full e-flex e-con e-child\" data-id=\"f578965\" data-element_type=\"container\" data-settings=\"{&quot;background_background&quot;:&quot;classic&quot;}\">\n\t\t\t\t<\/div>\n\t\t<div class=\"elementor-element elementor-element-6b00b8d e-con-full e-flex e-con e-child\" data-id=\"6b00b8d\" data-element_type=\"container\" data-settings=\"{&quot;background_background&quot;:&quot;classic&quot;}\">\n\t\t\t\t<\/div>\n\t\t\t\t<\/div>\n\t\t\t\t\t<\/div>\n\t\t\t\t<\/div>\n\t\t<div class=\"elementor-element elementor-element-1d17cd9 e-flex e-con-boxed e-con e-parent\" data-id=\"1d17cd9\" data-element_type=\"container\">\n\t\t\t\t\t<div class=\"e-con-inner\">\n\t\t<div class=\"elementor-element elementor-element-6d64714 e-con-full e-flex e-con e-child\" data-id=\"6d64714\" data-element_type=\"container\" data-settings=\"{&quot;background_background&quot;:&quot;classic&quot;}\">\n\t\t<div class=\"elementor-element elementor-element-29645d1 e-con-full e-flex e-con e-child\" data-id=\"29645d1\" data-element_type=\"container\">\n\t\t\t\t<div class=\"elementor-element elementor-element-5c50aa3 elementor-widget elementor-widget-text-editor\" data-id=\"5c50aa3\" data-element_type=\"widget\" data-widget_type=\"text-editor.default\">\n\t\t\t\t<div class=\"elementor-widget-container\">\n\t\t\t\t\t\t\t\t\t<p><strong>KAINOS:<br><br><\/strong><\/p><p>SUP\u0172 NUOMA:<br>1 val. &#8211; 8.00 \u20ac<br>2 val. &#8211; 15.00 \u20ac<br>3 val. &#8211; 20.00 \u20ac<br>Dienai &#8211; 35.00 \u20ac<br><br><\/p><p>Instruktorius ir daugiau informacijos &#8211; GITA +371 25120304<\/p>\t\t\t\t\t\t\t\t<\/div>\n\t\t\t\t<\/div>\n\t\t\t\t<\/div>\n\t\t<div class=\"elementor-element elementor-element-bf1104c e-con-full e-flex e-con e-child\" data-id=\"bf1104c\" data-element_type=\"container\" data-settings=\"{&quot;background_background&quot;:&quot;classic&quot;}\">\n\t\t\t\t<\/div>\n\t\t\t\t<\/div>\n\t\t\t\t\t<\/div>\n\t\t\t\t<\/div>\n\t\t\t\t<\/div>\n\t\t","protected":false},"excerpt":{"rendered":"<p>SUP nuotykiai Lilast\u0117je SUP nuotykiai Lilast\u0117je &#8211; nuo e\u017eero iki j\u016bros M\u0117gaukit\u0117s vaizdingu ir ramiu 2 valand\u0173 SUP plaukimu vaizdingu Lilast\u0117s kanalu, jungian\u010diu Lilast\u0117s e\u017eer\u0105 su Baltijos j\u016bra. \u0160is mar\u0161rutas puikiai tinka ir pradedantiesiems, ir patyrusiems SUPininkams &#8211; ramus vanduo ir gamtos artumas suteikia nepamir\u0161tam\u0105 atsipalaidavimo patirt\u012f. Mar\u0161ruto apra\u0161ymas:&#8211; Prad\u0117kite nuo Lilast\u0117s e\u017eero kranto, prie [&hellip;]<\/p>\n","protected":false},"author":1,"featured_media":0,"parent":2934,"menu_order":0,"comment_status":"closed","ping_status":"closed","template":"","meta":{"footnotes":""},"class_list":["post-4009","page","type-page","status-publish","hentry"],"_links":{"self":[{"href":"https:\/\/portoresort.lv\/lt\/wp-json\/wp\/v2\/pages\/4009","targetHints":{"allow":["GET"]}}],"collection":[{"href":"https:\/\/portoresort.lv\/lt\/wp-json\/wp\/v2\/pages"}],"about":[{"href":"https:\/\/portoresort.lv\/lt\/wp-json\/wp\/v2\/types\/page"}],"author":[{"embeddable":true,"href":"https:\/\/portoresort.lv\/lt\/wp-json\/wp\/v2\/users\/1"}],"replies":[{"embeddable":true,"href":"https:\/\/portoresort.lv\/lt\/wp-json\/wp\/v2\/comments?post=4009"}],"version-history":[{"count":3,"href":"https:\/\/portoresort.lv\/lt\/wp-json\/wp\/v2\/pages\/4009\/revisions"}],"predecessor-version":[{"id":4325,"href":"https:\/\/portoresort.lv\/lt\/wp-json\/wp\/v2\/pages\/4009\/revisions\/4325"}],"up":[{"embeddable":true,"href":"https:\/\/portoresort.lv\/lt\/wp-json\/wp\/v2\/pages\/2934"}],"wp:attachment":[{"href":"https:\/\/portoresort.lv\/lt\/wp-json\/wp\/v2\/media?parent=4009"}],"curies":[{"name":"wp","href":"https:\/\/api.w.org\/{rel}","templated":true}]}}