{"id":4163,"date":"2025-06-10T07:41:17","date_gmt":"2025-06-10T07:41:17","guid":{"rendered":"https:\/\/portoresort.lv\/viesbutis\/studijos-namas\/"},"modified":"2025-06-10T08:07:18","modified_gmt":"2025-06-10T08:07:18","slug":"studijos-namas","status":"publish","type":"page","link":"https:\/\/portoresort.lv\/lt\/viesbutis\/studijos-namas\/","title":{"rendered":"Studijos namas"},"content":{"rendered":"\t\t<div data-elementor-type=\"wp-page\" data-elementor-id=\"4163\" class=\"elementor elementor-4163 elementor-4080\" data-elementor-post-type=\"page\">\n\t\t\t\t<div class=\"elementor-element elementor-element-99f3a39 e-flex e-con-boxed e-con e-parent\" data-id=\"99f3a39\" data-element_type=\"container\">\n\t\t\t\t\t<div class=\"e-con-inner\">\n\t\t<div class=\"elementor-element elementor-element-74c12c1 e-flex e-con-boxed e-con e-child\" data-id=\"74c12c1\" data-element_type=\"container\" data-settings=\"{&quot;background_background&quot;:&quot;classic&quot;}\">\n\t\t\t\t\t<div class=\"e-con-inner\">\n\t\t\t\t<div class=\"elementor-element elementor-element-066f815 elementor-widget elementor-widget-heading\" data-id=\"066f815\" data-element_type=\"widget\" data-widget_type=\"heading.default\">\n\t\t\t\t<div class=\"elementor-widget-container\">\n\t\t\t\t\t<h2 class=\"elementor-heading-title elementor-size-default\">Studijos namas<\/h2>\t\t\t\t<\/div>\n\t\t\t\t<\/div>\n\t\t\t\t<div class=\"elementor-element elementor-element-60510d1 elementor-widget elementor-widget-text-editor\" data-id=\"60510d1\" data-element_type=\"widget\" data-widget_type=\"text-editor.default\">\n\t\t\t\t<div class=\"elementor-widget-container\">\n\t\t\t\t\t\t\t\t\t<p>Atsipalaiduokite gamtoje &#8211; studijos namas Porto kurorte!<\/p>\t\t\t\t\t\t\t\t<\/div>\n\t\t\t\t<\/div>\n\t\t\t\t\t<\/div>\n\t\t\t\t<\/div>\n\t\t\t\t\t<\/div>\n\t\t\t\t<\/div>\n\t\t<div class=\"elementor-element elementor-element-ec3eaf6 e-flex e-con-boxed e-con e-parent\" data-id=\"ec3eaf6\" data-element_type=\"container\">\n\t\t\t\t\t<div class=\"e-con-inner\">\n\t\t\t\t<div class=\"elementor-element elementor-element-ec8e6b5 elementor-widget elementor-widget-text-editor\" data-id=\"ec8e6b5\" data-element_type=\"widget\" data-widget_type=\"text-editor.default\">\n\t\t\t\t<div class=\"elementor-widget-container\">\n\t\t\t\t\t\t\t\t\t<p>  Kvie\u010diame Jus atsipalaiduoti Porto kurorte &#8211; vaizdingoje e\u017eero vietoje, kur rasite jauk\u0173 ir funkcional\u0173 studijos tipo nam\u0105, idealiai tinkant\u012f poroms, \u0161eimoms ar draug\u0173 kompanijoms.<\/p>\t\t\t\t\t\t\t\t<\/div>\n\t\t\t\t<\/div>\n\t\t\t\t\t<\/div>\n\t\t\t\t<\/div>\n\t\t<div class=\"elementor-element elementor-element-2820b4a e-flex e-con-boxed e-con e-parent\" data-id=\"2820b4a\" data-element_type=\"container\">\n\t\t\t\t\t<div class=\"e-con-inner\">\n\t\t<div class=\"elementor-element elementor-element-c063c9e e-con-full e-flex e-con e-child\" data-id=\"c063c9e\" data-element_type=\"container\">\n\t\t\t\t<div class=\"elementor-element elementor-element-3ffdda4 elementor-widget elementor-widget-image\" data-id=\"3ffdda4\" data-element_type=\"widget\" data-widget_type=\"image.default\">\n\t\t\t\t<div class=\"elementor-widget-container\">\n\t\t\t\t\t\t\t\t\t\t\t\t\t\t\t<img fetchpriority=\"high\" decoding=\"async\" width=\"683\" height=\"1024\" src=\"https:\/\/portoresort.lv\/wp-content\/uploads\/2025\/06\/IMG_7956-683x1024.jpg\" class=\"attachment-large size-large wp-image-4094\" alt=\"\" srcset=\"https:\/\/portoresort.lv\/wp-content\/uploads\/2025\/06\/IMG_7956-683x1024.jpg 683w, https:\/\/portoresort.lv\/wp-content\/uploads\/2025\/06\/IMG_7956-200x300.jpg 200w, https:\/\/portoresort.lv\/wp-content\/uploads\/2025\/06\/IMG_7956-768x1152.jpg 768w, https:\/\/portoresort.lv\/wp-content\/uploads\/2025\/06\/IMG_7956-1024x1536.jpg 1024w, https:\/\/portoresort.lv\/wp-content\/uploads\/2025\/06\/IMG_7956-1365x2048.jpg 1365w, https:\/\/portoresort.lv\/wp-content\/uploads\/2025\/06\/IMG_7956-scaled.jpg 1707w\" sizes=\"(max-width: 683px) 100vw, 683px\" \/>\t\t\t\t\t\t\t\t\t\t\t\t\t\t\t<\/div>\n\t\t\t\t<\/div>\n\t\t\t\t<\/div>\n\t\t<div class=\"elementor-element elementor-element-897c838 e-con-full e-flex e-con e-child\" data-id=\"897c838\" data-element_type=\"container\">\n\t\t\t\t<div class=\"elementor-element elementor-element-16cccc3 elementor-widget elementor-widget-text-editor\" data-id=\"16cccc3\" data-element_type=\"widget\" data-widget_type=\"text-editor.default\">\n\t\t\t\t<div class=\"elementor-widget-container\">\n\t\t\t\t\t\t\t\t\t<p><strong>Namuose yra viskas, ko reikia patogiai ir ramiai vie\u0161nagei:<\/strong><\/p><p> <\/p><ul><li>Miegamojo zona<\/li><li>Viena dvigul\u0117 lova<\/li><li>Dvi viengul\u0117s lovos<\/li><li>Du atskiri vonios kambariai<\/li><\/ul><p><br><strong>Kiekviena su:<br><\/strong><\/p><p> <\/p><ul><li>Du\u0161o kabina<\/li><li>Kriaukl\u0117<\/li><li>Tualetai<\/li><li>Virtuv\u0117s zona<\/li><li>Valgomojo stalas su k\u0117d\u0117mis<\/li><li>Didelis \u0161aldytuvas, elektrin\u0117 virykl\u0117, gartraukis<\/li><li>Mikrobang\u0173 krosnel\u0117, virdulys, kriaukl\u0117<\/li><li>Visi reikalingi indai ir \u012frankiai: puodas, keptuv\u0117, stalo \u012frankiai<\/li><\/ul><p> <\/p><p><strong>Gyvenamoji zona<\/strong><\/p><p> <\/p><ul><li>Patogios sofos<\/li><li>Televizorius, ra\u0161omasis stalas ir drabu\u017ei\u0173 spinta<\/li><\/ul>\t\t\t\t\t\t\t\t<\/div>\n\t\t\t\t<\/div>\n\t\t\t\t<div class=\"elementor-element elementor-element-b3e40c8 elementor-align-justify elementor-widget elementor-widget-button\" data-id=\"b3e40c8\" data-element_type=\"widget\" data-widget_type=\"button.default\">\n\t\t\t\t<div class=\"elementor-widget-container\">\n\t\t\t\t\t\t\t\t\t<div class=\"elementor-button-wrapper\">\n\t\t\t\t\t<a class=\"elementor-button elementor-button-link elementor-size-sm\" href=\"https:\/\/www.booking.com\/hotel\/lv\/medzabaki.en-gb.html?aid=304142&#038;label=gen173nr-1FCAEoggI46AdIM1gEaIoBiAEBmAEJuAEHyAEN2AEB6AEB-AEMiAIBqAIDuALilJ3BBsACAdICJDA5NTE0MmQ5LTNlYmUtNGFhMy1hN2FiLTk0YzRhNmVkMjQ1MNgCBuACAQ&#038;sid=0a651bdc40e4a2cd8e8f1ef3ce91ee35&#038;all_sr_blocks=2606706_147681421_2_0_0&#038;checkin=2025-05-17&#038;checkout=2025-05-18&#038;dest_id=-3210451&#038;dest_type=city&#038;dist=0&#038;group_adults=2&#038;group_children=0&#038;hapos=1&#038;highlighted_blocks=2606706_147681421_2_0_0&#038;hpos=1&#038;matching_block_id=2606706_147681421_2_0_0&#038;no_rooms=1&#038;req_adults=2&#038;req_children=0&#038;room1=A%2CA&#038;sb_price_type=total&#038;sr_order=popularity&#038;sr_pri_blocks=2606706_147681421_2_0_0__5400&#038;srepoch=1747405416&#038;srpvid=6a7f65332fa10b00&#038;type=total&#038;ucfs=1&#038;#room_2606723\" target=\"_blank\">\n\t\t\t\t\t\t<span class=\"elementor-button-content-wrapper\">\n\t\t\t\t\t\t<span class=\"elementor-button-icon\">\n\t\t\t\t<svg xmlns=\"http:\/\/www.w3.org\/2000\/svg\" width=\"800px\" height=\"800px\" viewBox=\"0 0 24 24\" fill=\"none\"><path d=\"M7 17L17 7M17 7H8M17 7V16\" stroke=\"#000000\" stroke-width=\"2\" stroke-linecap=\"round\" stroke-linejoin=\"round\"><\/path><\/svg>\t\t\t<\/span>\n\t\t\t\t\t\t\t\t\t<span class=\"elementor-button-text\">U\u017esisakykite knyg\u0105<\/span>\n\t\t\t\t\t<\/span>\n\t\t\t\t\t<\/a>\n\t\t\t\t<\/div>\n\t\t\t\t\t\t\t\t<\/div>\n\t\t\t\t<\/div>\n\t\t\t\t<\/div>\n\t\t\t\t\t<\/div>\n\t\t\t\t<\/div>\n\t\t<div class=\"elementor-element elementor-element-f934b2a e-flex e-con-boxed e-con e-parent\" data-id=\"f934b2a\" data-element_type=\"container\">\n\t\t\t\t\t<div class=\"e-con-inner\">\n\t\t<div class=\"elementor-element elementor-element-2fa1803 e-con-full e-flex e-con e-child\" data-id=\"2fa1803\" data-element_type=\"container\" data-settings=\"{&quot;background_background&quot;:&quot;classic&quot;}\">\n\t\t\t\t<div class=\"elementor-element elementor-element-e4fff8d elementor-widget elementor-widget-text-editor\" data-id=\"e4fff8d\" data-element_type=\"widget\" data-widget_type=\"text-editor.default\">\n\t\t\t\t<div class=\"elementor-widget-container\">\n\t\t\t\t\t\t\t\t\t<p>\u0160is namas &#8211; idealus pasirinkimas tiems, kurie nori m\u0117gautis komfortu, ramybe ir gamta vienoje vietoje.<br>Netoli e\u017eero kranto, \u010dia galima visi\u0161kai atsijungti nuo kasdienyb\u0117s ir m\u0117gautis aktyviu laisvalaikiu Porto kurorte.<br>U\u017esisakykite vie\u0161nag\u0119 jau \u0161iandien ir leiskite sau atsipalaiduoti gamtos apsuptyje!<\/p>\t\t\t\t\t\t\t\t<\/div>\n\t\t\t\t<\/div>\n\t\t\t\t<\/div>\n\t\t\t\t\t<\/div>\n\t\t\t\t<\/div>\n\t\t<div class=\"elementor-element elementor-element-8806527 e-flex e-con-boxed e-con e-parent\" data-id=\"8806527\" data-element_type=\"container\">\n\t\t\t\t\t<div class=\"e-con-inner\">\n\t\t\t\t<div class=\"elementor-element elementor-element-a3d8399 elementor-widget elementor-widget-gallery\" data-id=\"a3d8399\" data-element_type=\"widget\" data-settings=\"{&quot;columns&quot;:6,&quot;columns_mobile&quot;:2,&quot;lazyload&quot;:&quot;yes&quot;,&quot;gallery_layout&quot;:&quot;grid&quot;,&quot;columns_tablet&quot;:2,&quot;gap&quot;:{&quot;unit&quot;:&quot;px&quot;,&quot;size&quot;:10,&quot;sizes&quot;:[]},&quot;gap_tablet&quot;:{&quot;unit&quot;:&quot;px&quot;,&quot;size&quot;:10,&quot;sizes&quot;:[]},&quot;gap_mobile&quot;:{&quot;unit&quot;:&quot;px&quot;,&quot;size&quot;:10,&quot;sizes&quot;:[]},&quot;link_to&quot;:&quot;file&quot;,&quot;aspect_ratio&quot;:&quot;3:2&quot;,&quot;overlay_background&quot;:&quot;yes&quot;,&quot;content_hover_animation&quot;:&quot;fade-in&quot;}\" data-widget_type=\"gallery.default\">\n\t\t\t\t<div class=\"elementor-widget-container\">\n\t\t\t\t\t\t\t<div class=\"elementor-gallery__container\">\n\t\t\t\t\t\t\t<a class=\"e-gallery-item elementor-gallery-item elementor-animated-content\" href=\"https:\/\/portoresort.lv\/wp-content\/uploads\/2025\/06\/IMG_7943-scaled.jpg\" data-elementor-open-lightbox=\"yes\" data-elementor-lightbox-slideshow=\"a3d8399\" data-e-action-hash=\"#elementor-action%3Aaction%3Dlightbox%26settings%3DeyJpZCI6NDA4NiwidXJsIjoiaHR0cHM6XC9cL3BvcnRvcmVzb3J0Lmx2XC93cC1jb250ZW50XC91cGxvYWRzXC8yMDI1XC8wNlwvSU1HXzc5NDMtc2NhbGVkLmpwZyIsInNsaWRlc2hvdyI6ImEzZDgzOTkifQ%3D%3D\">\n\t\t\t\t\t<div class=\"e-gallery-image elementor-gallery-item__image\" data-thumbnail=\"https:\/\/portoresort.lv\/wp-content\/uploads\/2025\/06\/IMG_7943-768x512.jpg\" data-width=\"768\" data-height=\"512\" aria-label=\"\" role=\"img\" ><\/div>\n\t\t\t\t\t\t\t\t\t\t\t<div class=\"elementor-gallery-item__overlay\"><\/div>\n\t\t\t\t\t\t\t\t\t\t\t\t\t\t<\/a>\n\t\t\t\t\t\t\t<a class=\"e-gallery-item elementor-gallery-item elementor-animated-content\" href=\"https:\/\/portoresort.lv\/wp-content\/uploads\/2025\/06\/IMG_7939-scaled.jpg\" data-elementor-open-lightbox=\"yes\" data-elementor-lightbox-slideshow=\"a3d8399\" data-e-action-hash=\"#elementor-action%3Aaction%3Dlightbox%26settings%3DeyJpZCI6NDE0NiwidXJsIjoiaHR0cHM6XC9cL3BvcnRvcmVzb3J0Lmx2XC93cC1jb250ZW50XC91cGxvYWRzXC8yMDI1XC8wNlwvSU1HXzc5Mzktc2NhbGVkLmpwZyIsInNsaWRlc2hvdyI6ImEzZDgzOTkifQ%3D%3D\">\n\t\t\t\t\t<div class=\"e-gallery-image elementor-gallery-item__image\" data-thumbnail=\"https:\/\/portoresort.lv\/wp-content\/uploads\/2025\/06\/IMG_7939-768x1152.jpg\" data-width=\"768\" data-height=\"1152\" aria-label=\"\" role=\"img\" ><\/div>\n\t\t\t\t\t\t\t\t\t\t\t<div class=\"elementor-gallery-item__overlay\"><\/div>\n\t\t\t\t\t\t\t\t\t\t\t\t\t\t<\/a>\n\t\t\t\t\t\t\t<a class=\"e-gallery-item elementor-gallery-item elementor-animated-content\" href=\"https:\/\/portoresort.lv\/wp-content\/uploads\/2025\/06\/IMG_7935-scaled.jpg\" data-elementor-open-lightbox=\"yes\" data-elementor-lightbox-slideshow=\"a3d8399\" data-e-action-hash=\"#elementor-action%3Aaction%3Dlightbox%26settings%3DeyJpZCI6NDE0MSwidXJsIjoiaHR0cHM6XC9cL3BvcnRvcmVzb3J0Lmx2XC93cC1jb250ZW50XC91cGxvYWRzXC8yMDI1XC8wNlwvSU1HXzc5MzUtc2NhbGVkLmpwZyIsInNsaWRlc2hvdyI6ImEzZDgzOTkifQ%3D%3D\">\n\t\t\t\t\t<div class=\"e-gallery-image elementor-gallery-item__image\" data-thumbnail=\"https:\/\/portoresort.lv\/wp-content\/uploads\/2025\/06\/IMG_7935-768x1152.jpg\" data-width=\"768\" data-height=\"1152\" aria-label=\"\" role=\"img\" ><\/div>\n\t\t\t\t\t\t\t\t\t\t\t<div class=\"elementor-gallery-item__overlay\"><\/div>\n\t\t\t\t\t\t\t\t\t\t\t\t\t\t<\/a>\n\t\t\t\t\t\t\t<a class=\"e-gallery-item elementor-gallery-item elementor-animated-content\" href=\"https:\/\/portoresort.lv\/wp-content\/uploads\/2025\/06\/IMG_7932-scaled.jpg\" data-elementor-open-lightbox=\"yes\" data-elementor-lightbox-slideshow=\"a3d8399\" data-e-action-hash=\"#elementor-action%3Aaction%3Dlightbox%26settings%3DeyJpZCI6NDEzNiwidXJsIjoiaHR0cHM6XC9cL3BvcnRvcmVzb3J0Lmx2XC93cC1jb250ZW50XC91cGxvYWRzXC8yMDI1XC8wNlwvSU1HXzc5MzItc2NhbGVkLmpwZyIsInNsaWRlc2hvdyI6ImEzZDgzOTkifQ%3D%3D\">\n\t\t\t\t\t<div class=\"e-gallery-image elementor-gallery-item__image\" data-thumbnail=\"https:\/\/portoresort.lv\/wp-content\/uploads\/2025\/06\/IMG_7932-768x1152.jpg\" data-width=\"768\" data-height=\"1152\" aria-label=\"\" role=\"img\" ><\/div>\n\t\t\t\t\t\t\t\t\t\t\t<div class=\"elementor-gallery-item__overlay\"><\/div>\n\t\t\t\t\t\t\t\t\t\t\t\t\t\t<\/a>\n\t\t\t\t\t\t\t<a class=\"e-gallery-item elementor-gallery-item elementor-animated-content\" href=\"https:\/\/portoresort.lv\/wp-content\/uploads\/2025\/06\/IMG_7928-scaled.jpg\" data-elementor-open-lightbox=\"yes\" data-elementor-lightbox-slideshow=\"a3d8399\" data-e-action-hash=\"#elementor-action%3Aaction%3Dlightbox%26settings%3DeyJpZCI6NDEzMSwidXJsIjoiaHR0cHM6XC9cL3BvcnRvcmVzb3J0Lmx2XC93cC1jb250ZW50XC91cGxvYWRzXC8yMDI1XC8wNlwvSU1HXzc5Mjgtc2NhbGVkLmpwZyIsInNsaWRlc2hvdyI6ImEzZDgzOTkifQ%3D%3D\">\n\t\t\t\t\t<div class=\"e-gallery-image elementor-gallery-item__image\" data-thumbnail=\"https:\/\/portoresort.lv\/wp-content\/uploads\/2025\/06\/IMG_7928-768x1152.jpg\" data-width=\"768\" data-height=\"1152\" aria-label=\"\" role=\"img\" ><\/div>\n\t\t\t\t\t\t\t\t\t\t\t<div class=\"elementor-gallery-item__overlay\"><\/div>\n\t\t\t\t\t\t\t\t\t\t\t\t\t\t<\/a>\n\t\t\t\t\t\t\t<a class=\"e-gallery-item elementor-gallery-item elementor-animated-content\" href=\"https:\/\/portoresort.lv\/wp-content\/uploads\/2025\/06\/IMG_7920-scaled.jpg\" data-elementor-open-lightbox=\"yes\" data-elementor-lightbox-slideshow=\"a3d8399\" data-e-action-hash=\"#elementor-action%3Aaction%3Dlightbox%26settings%3DeyJpZCI6NDEyNiwidXJsIjoiaHR0cHM6XC9cL3BvcnRvcmVzb3J0Lmx2XC93cC1jb250ZW50XC91cGxvYWRzXC8yMDI1XC8wNlwvSU1HXzc5MjAtc2NhbGVkLmpwZyIsInNsaWRlc2hvdyI6ImEzZDgzOTkifQ%3D%3D\">\n\t\t\t\t\t<div class=\"e-gallery-image elementor-gallery-item__image\" data-thumbnail=\"https:\/\/portoresort.lv\/wp-content\/uploads\/2025\/06\/IMG_7920-768x1152.jpg\" data-width=\"768\" data-height=\"1152\" aria-label=\"\" role=\"img\" ><\/div>\n\t\t\t\t\t\t\t\t\t\t\t<div class=\"elementor-gallery-item__overlay\"><\/div>\n\t\t\t\t\t\t\t\t\t\t\t\t\t\t<\/a>\n\t\t\t\t\t\t\t<a class=\"e-gallery-item elementor-gallery-item elementor-animated-content\" href=\"https:\/\/portoresort.lv\/wp-content\/uploads\/2025\/06\/IMG_7918-scaled.jpg\" data-elementor-open-lightbox=\"yes\" data-elementor-lightbox-slideshow=\"a3d8399\" data-e-action-hash=\"#elementor-action%3Aaction%3Dlightbox%26settings%3DeyJpZCI6NDEyMSwidXJsIjoiaHR0cHM6XC9cL3BvcnRvcmVzb3J0Lmx2XC93cC1jb250ZW50XC91cGxvYWRzXC8yMDI1XC8wNlwvSU1HXzc5MTgtc2NhbGVkLmpwZyIsInNsaWRlc2hvdyI6ImEzZDgzOTkifQ%3D%3D\">\n\t\t\t\t\t<div class=\"e-gallery-image elementor-gallery-item__image\" data-thumbnail=\"https:\/\/portoresort.lv\/wp-content\/uploads\/2025\/06\/IMG_7918-768x1152.jpg\" data-width=\"768\" data-height=\"1152\" aria-label=\"\" role=\"img\" ><\/div>\n\t\t\t\t\t\t\t\t\t\t\t<div class=\"elementor-gallery-item__overlay\"><\/div>\n\t\t\t\t\t\t\t\t\t\t\t\t\t\t<\/a>\n\t\t\t\t\t\t\t<a class=\"e-gallery-item elementor-gallery-item elementor-animated-content\" href=\"https:\/\/portoresort.lv\/wp-content\/uploads\/2025\/06\/IMG_7902-scaled.jpg\" data-elementor-open-lightbox=\"yes\" data-elementor-lightbox-slideshow=\"a3d8399\" data-e-action-hash=\"#elementor-action%3Aaction%3Dlightbox%26settings%3DeyJpZCI6NDExNiwidXJsIjoiaHR0cHM6XC9cL3BvcnRvcmVzb3J0Lmx2XC93cC1jb250ZW50XC91cGxvYWRzXC8yMDI1XC8wNlwvSU1HXzc5MDItc2NhbGVkLmpwZyIsInNsaWRlc2hvdyI6ImEzZDgzOTkifQ%3D%3D\">\n\t\t\t\t\t<div class=\"e-gallery-image elementor-gallery-item__image\" data-thumbnail=\"https:\/\/portoresort.lv\/wp-content\/uploads\/2025\/06\/IMG_7902-768x1152.jpg\" data-width=\"768\" data-height=\"1152\" aria-label=\"\" role=\"img\" ><\/div>\n\t\t\t\t\t\t\t\t\t\t\t<div class=\"elementor-gallery-item__overlay\"><\/div>\n\t\t\t\t\t\t\t\t\t\t\t\t\t\t<\/a>\n\t\t\t\t\t\t\t<a class=\"e-gallery-item elementor-gallery-item elementor-animated-content\" href=\"https:\/\/portoresort.lv\/wp-content\/uploads\/2025\/06\/IMG_7969-scaled.jpg\" data-elementor-open-lightbox=\"yes\" data-elementor-lightbox-slideshow=\"a3d8399\" data-e-action-hash=\"#elementor-action%3Aaction%3Dlightbox%26settings%3DeyJpZCI6NDEwNiwidXJsIjoiaHR0cHM6XC9cL3BvcnRvcmVzb3J0Lmx2XC93cC1jb250ZW50XC91cGxvYWRzXC8yMDI1XC8wNlwvSU1HXzc5Njktc2NhbGVkLmpwZyIsInNsaWRlc2hvdyI6ImEzZDgzOTkifQ%3D%3D\">\n\t\t\t\t\t<div class=\"e-gallery-image elementor-gallery-item__image\" data-thumbnail=\"https:\/\/portoresort.lv\/wp-content\/uploads\/2025\/06\/IMG_7969-768x1152.jpg\" data-width=\"768\" data-height=\"1152\" aria-label=\"\" role=\"img\" ><\/div>\n\t\t\t\t\t\t\t\t\t\t\t<div class=\"elementor-gallery-item__overlay\"><\/div>\n\t\t\t\t\t\t\t\t\t\t\t\t\t\t<\/a>\n\t\t\t\t\t\t\t<a class=\"e-gallery-item elementor-gallery-item elementor-animated-content\" href=\"https:\/\/portoresort.lv\/wp-content\/uploads\/2025\/06\/IMG_7967-scaled.jpg\" data-elementor-open-lightbox=\"yes\" data-elementor-lightbox-slideshow=\"a3d8399\" data-e-action-hash=\"#elementor-action%3Aaction%3Dlightbox%26settings%3DeyJpZCI6NDEwMSwidXJsIjoiaHR0cHM6XC9cL3BvcnRvcmVzb3J0Lmx2XC93cC1jb250ZW50XC91cGxvYWRzXC8yMDI1XC8wNlwvSU1HXzc5Njctc2NhbGVkLmpwZyIsInNsaWRlc2hvdyI6ImEzZDgzOTkifQ%3D%3D\">\n\t\t\t\t\t<div class=\"e-gallery-image elementor-gallery-item__image\" data-thumbnail=\"https:\/\/portoresort.lv\/wp-content\/uploads\/2025\/06\/IMG_7967-768x1152.jpg\" data-width=\"768\" data-height=\"1152\" aria-label=\"\" role=\"img\" ><\/div>\n\t\t\t\t\t\t\t\t\t\t\t<div class=\"elementor-gallery-item__overlay\"><\/div>\n\t\t\t\t\t\t\t\t\t\t\t\t\t\t<\/a>\n\t\t\t\t\t\t\t<a class=\"e-gallery-item elementor-gallery-item elementor-animated-content\" href=\"https:\/\/portoresort.lv\/wp-content\/uploads\/2025\/06\/IMG_7963-scaled.jpg\" data-elementor-open-lightbox=\"yes\" data-elementor-lightbox-slideshow=\"a3d8399\" data-e-action-hash=\"#elementor-action%3Aaction%3Dlightbox%26settings%3DeyJpZCI6NDA5NiwidXJsIjoiaHR0cHM6XC9cL3BvcnRvcmVzb3J0Lmx2XC93cC1jb250ZW50XC91cGxvYWRzXC8yMDI1XC8wNlwvSU1HXzc5NjMtc2NhbGVkLmpwZyIsInNsaWRlc2hvdyI6ImEzZDgzOTkifQ%3D%3D\">\n\t\t\t\t\t<div class=\"e-gallery-image elementor-gallery-item__image\" data-thumbnail=\"https:\/\/portoresort.lv\/wp-content\/uploads\/2025\/06\/IMG_7963-768x512.jpg\" data-width=\"768\" data-height=\"512\" aria-label=\"\" role=\"img\" ><\/div>\n\t\t\t\t\t\t\t\t\t\t\t<div class=\"elementor-gallery-item__overlay\"><\/div>\n\t\t\t\t\t\t\t\t\t\t\t\t\t\t<\/a>\n\t\t\t\t\t\t\t<a class=\"e-gallery-item elementor-gallery-item elementor-animated-content\" href=\"https:\/\/portoresort.lv\/wp-content\/uploads\/2025\/06\/IMG_7956-scaled.jpg\" data-elementor-open-lightbox=\"yes\" data-elementor-lightbox-slideshow=\"a3d8399\" data-e-action-hash=\"#elementor-action%3Aaction%3Dlightbox%26settings%3DeyJpZCI6NDA5MSwidXJsIjoiaHR0cHM6XC9cL3BvcnRvcmVzb3J0Lmx2XC93cC1jb250ZW50XC91cGxvYWRzXC8yMDI1XC8wNlwvSU1HXzc5NTYtc2NhbGVkLmpwZyIsInNsaWRlc2hvdyI6ImEzZDgzOTkifQ%3D%3D\">\n\t\t\t\t\t<div class=\"e-gallery-image elementor-gallery-item__image\" data-thumbnail=\"https:\/\/portoresort.lv\/wp-content\/uploads\/2025\/06\/IMG_7956-768x1152.jpg\" data-width=\"768\" data-height=\"1152\" aria-label=\"\" role=\"img\" ><\/div>\n\t\t\t\t\t\t\t\t\t\t\t<div class=\"elementor-gallery-item__overlay\"><\/div>\n\t\t\t\t\t\t\t\t\t\t\t\t\t\t<\/a>\n\t\t\t\t\t<\/div>\n\t\t\t\t\t<\/div>\n\t\t\t\t<\/div>\n\t\t\t\t\t<\/div>\n\t\t\t\t<\/div>\n\t\t\t\t<\/div>\n\t\t","protected":false},"excerpt":{"rendered":"<p>Atsipalaiduokite gamtoje &#8211; studijos namas Porto kurorte! Kvie\u010diame Jus atsipalaiduoti Porto kurorte &#8211; vaizdingoje e\u017eero vietoje, kur rasite jauk\u0173 ir funkcional\u0173 studijos tipo nam\u0105, idealiai tinkant\u012f poroms, \u0161eimoms ar draug\u0173 kompanijoms. Namuose yra viskas, ko reikia patogiai ir ramiai vie\u0161nagei: Miegamojo zona Viena dvigul\u0117 lova Dvi viengul\u0117s lovos Du atskiri vonios kambariai Kiekviena su: Du\u0161o [&hellip;]<\/p>\n","protected":false},"author":1,"featured_media":0,"parent":2966,"menu_order":0,"comment_status":"closed","ping_status":"closed","template":"","meta":{"footnotes":""},"class_list":["post-4163","page","type-page","status-publish","hentry"],"_links":{"self":[{"href":"https:\/\/portoresort.lv\/lt\/wp-json\/wp\/v2\/pages\/4163","targetHints":{"allow":["GET"]}}],"collection":[{"href":"https:\/\/portoresort.lv\/lt\/wp-json\/wp\/v2\/pages"}],"about":[{"href":"https:\/\/portoresort.lv\/lt\/wp-json\/wp\/v2\/types\/page"}],"author":[{"embeddable":true,"href":"https:\/\/portoresort.lv\/lt\/wp-json\/wp\/v2\/users\/1"}],"replies":[{"embeddable":true,"href":"https:\/\/portoresort.lv\/lt\/wp-json\/wp\/v2\/comments?post=4163"}],"version-history":[{"count":1,"href":"https:\/\/portoresort.lv\/lt\/wp-json\/wp\/v2\/pages\/4163\/revisions"}],"predecessor-version":[{"id":4164,"href":"https:\/\/portoresort.lv\/lt\/wp-json\/wp\/v2\/pages\/4163\/revisions\/4164"}],"up":[{"embeddable":true,"href":"https:\/\/portoresort.lv\/lt\/wp-json\/wp\/v2\/pages\/2966"}],"wp:attachment":[{"href":"https:\/\/portoresort.lv\/lt\/wp-json\/wp\/v2\/media?parent=4163"}],"curies":[{"name":"wp","href":"https:\/\/api.w.org\/{rel}","templated":true}]}}