{"id":4210,"date":"2025-06-10T08:24:22","date_gmt":"2025-06-10T08:24:22","guid":{"rendered":"https:\/\/portoresort.lv\/laisvalaikis\/pikniku-vietos\/"},"modified":"2025-06-10T08:39:09","modified_gmt":"2025-06-10T08:39:09","slug":"pikniku-vietos","status":"publish","type":"page","link":"https:\/\/portoresort.lv\/lt\/laisvalaikis\/pikniku-vietos\/","title":{"rendered":"Piknik\u0173 vietos"},"content":{"rendered":"\t\t<div data-elementor-type=\"wp-page\" data-elementor-id=\"4210\" class=\"elementor elementor-4210 elementor-4178\" data-elementor-post-type=\"page\">\n\t\t\t\t<div class=\"elementor-element elementor-element-8dfd794 e-flex e-con-boxed e-con e-parent\" data-id=\"8dfd794\" data-element_type=\"container\">\n\t\t\t\t\t<div class=\"e-con-inner\">\n\t\t<div class=\"elementor-element elementor-element-8d1b489 e-flex e-con-boxed e-con e-child\" data-id=\"8d1b489\" data-element_type=\"container\" data-settings=\"{&quot;background_background&quot;:&quot;classic&quot;}\">\n\t\t\t\t\t<div class=\"e-con-inner\">\n\t\t\t\t<div class=\"elementor-element elementor-element-5c5d426 elementor-widget elementor-widget-heading\" data-id=\"5c5d426\" data-element_type=\"widget\" data-widget_type=\"heading.default\">\n\t\t\t\t<div class=\"elementor-widget-container\">\n\t\t\t\t\t<h1 class=\"elementor-heading-title elementor-size-default\">Piknik\u0173 vietos<\/h1>\t\t\t\t<\/div>\n\t\t\t\t<\/div>\n\t\t\t\t\t<\/div>\n\t\t\t\t<\/div>\n\t\t\t\t\t<\/div>\n\t\t\t\t<\/div>\n\t\t<div class=\"elementor-element elementor-element-06593fb e-flex e-con-boxed e-con e-parent\" data-id=\"06593fb\" data-element_type=\"container\">\n\t\t\t\t\t<div class=\"e-con-inner\">\n\t\t<div class=\"elementor-element elementor-element-98aae00 e-flex e-con-boxed e-con e-child\" data-id=\"98aae00\" data-element_type=\"container\">\n\t\t\t\t\t<div class=\"e-con-inner\">\n\t\t<div class=\"elementor-element elementor-element-65a6e12 e-flex e-con-boxed e-con e-child\" data-id=\"65a6e12\" data-element_type=\"container\" data-settings=\"{&quot;background_background&quot;:&quot;classic&quot;}\">\n\t\t\t\t\t<div class=\"e-con-inner\">\n\t\t<div class=\"elementor-element elementor-element-d048e05 e-flex e-con-boxed e-con e-child\" data-id=\"d048e05\" data-element_type=\"container\" data-settings=\"{&quot;background_background&quot;:&quot;classic&quot;}\">\n\t\t\t\t\t<div class=\"e-con-inner\">\n\t\t\t\t\t<\/div>\n\t\t\t\t<\/div>\n\t\t<div class=\"elementor-element elementor-element-3915d80 e-flex e-con-boxed e-con e-child\" data-id=\"3915d80\" data-element_type=\"container\">\n\t\t\t\t\t<div class=\"e-con-inner\">\n\t\t\t\t<div class=\"elementor-element elementor-element-d8583be elementor-widget elementor-widget-text-editor\" data-id=\"d8583be\" data-element_type=\"widget\" data-widget_type=\"text-editor.default\">\n\t\t\t\t<div class=\"elementor-widget-container\">\n\t\t\t\t\t\t\t\t\t<p style=\"text-align: left;\">Kvie\u010diame praleisti laik\u0105 ar at\u0161v\u0119sti ypatingas akimirkas m\u016bs\u0173 piknik\u0173 vietose prie Lilast\u0117s e\u017eero &#8211; puikiai tinka \u0161eimoms ir draugams!<br><br>KAINOS:<br>&#8211; Pikniko vieta iki 10 asmen\u0173 &#8211; tik 35 \u20ac iki 10:00 val. 22:00. Ideali vieta ramiam poilsiui gamtoje, kur galima m\u0117gautis grynu oru ir e\u017eero kaimynyste.<br>&#8211; Pikniko zona su kepsnine, anglimis ir degtukais iki 10 asmen\u0173 &#8211; tik 50 \u20ac iki 10:00 val. 22:00. Viskas, ko reikia gard\u017eiam kepimo ant groteli\u0173 nuotykiui, jau paruo\u0161ta!<br><br>Porto Resort &#8211; tai:<br>&#8211; gra\u017ei ir sutvarkyta aplinka,<br>&#8211; patog\u016bs stalai ir suolai,<br>&#8211; daug erdv\u0117s vaikams ir suaugusiesiems,<br>&#8211; galimyb\u0117 u\u017esisakyti pagal gruzin\u0173 tradicijas paruo\u0161t\u0173 vi\u0161tienos \u0161a\u0161lyk\u0173 12Eur\/1kg, kiaulienos \u0161a\u0161lyk\u0173 13Eur\/1kg<br>&#8211; pasiimkite su savimi, pasigaminkite patys ir m\u0117gaukit\u0117s tikru gruzini\u0161ku skoniu!<br><br>U\u017esisakykite i\u0161kyl\u0105 \u0161iandien ir m\u0117gaukit\u0117s vasara \u201ePorto Resort\u201c kurorte!<br>Rezervacijos: +371 22722258 \/ info@portoresort.lv<\/p>\t\t\t\t\t\t\t\t<\/div>\n\t\t\t\t<\/div>\n\t\t\t\t\t<\/div>\n\t\t\t\t<\/div>\n\t\t\t\t\t<\/div>\n\t\t\t\t<\/div>\n\t\t\t\t\t<\/div>\n\t\t\t\t<\/div>\n\t\t\t\t\t<\/div>\n\t\t\t\t<\/div>\n\t\t\t\t<\/div>\n\t\t","protected":false},"excerpt":{"rendered":"<p>Piknik\u0173 vietos Kvie\u010diame praleisti laik\u0105 ar at\u0161v\u0119sti ypatingas akimirkas m\u016bs\u0173 piknik\u0173 vietose prie Lilast\u0117s e\u017eero &#8211; puikiai tinka \u0161eimoms ir draugams! KAINOS:&#8211; Pikniko vieta iki 10 asmen\u0173 &#8211; tik 35 \u20ac iki 10:00 val. 22:00. Ideali vieta ramiam poilsiui gamtoje, kur galima m\u0117gautis grynu oru ir e\u017eero kaimynyste.&#8211; Pikniko zona su kepsnine, anglimis ir degtukais [&hellip;]<\/p>\n","protected":false},"author":1,"featured_media":0,"parent":2934,"menu_order":0,"comment_status":"closed","ping_status":"closed","template":"","meta":{"footnotes":""},"class_list":["post-4210","page","type-page","status-publish","hentry"],"_links":{"self":[{"href":"https:\/\/portoresort.lv\/lt\/wp-json\/wp\/v2\/pages\/4210","targetHints":{"allow":["GET"]}}],"collection":[{"href":"https:\/\/portoresort.lv\/lt\/wp-json\/wp\/v2\/pages"}],"about":[{"href":"https:\/\/portoresort.lv\/lt\/wp-json\/wp\/v2\/types\/page"}],"author":[{"embeddable":true,"href":"https:\/\/portoresort.lv\/lt\/wp-json\/wp\/v2\/users\/1"}],"replies":[{"embeddable":true,"href":"https:\/\/portoresort.lv\/lt\/wp-json\/wp\/v2\/comments?post=4210"}],"version-history":[{"count":1,"href":"https:\/\/portoresort.lv\/lt\/wp-json\/wp\/v2\/pages\/4210\/revisions"}],"predecessor-version":[{"id":4211,"href":"https:\/\/portoresort.lv\/lt\/wp-json\/wp\/v2\/pages\/4210\/revisions\/4211"}],"up":[{"embeddable":true,"href":"https:\/\/portoresort.lv\/lt\/wp-json\/wp\/v2\/pages\/2934"}],"wp:attachment":[{"href":"https:\/\/portoresort.lv\/lt\/wp-json\/wp\/v2\/media?parent=4210"}],"curies":[{"name":"wp","href":"https:\/\/api.w.org\/{rel}","templated":true}]}}